{"id":136261,"date":"2025-09-22T10:05:22","date_gmt":"2025-09-22T08:05:22","guid":{"rendered":"https:\/\/dogpride.nl\/?post_type=product&#038;p=136261"},"modified":"2026-04-20T17:07:04","modified_gmt":"2026-04-20T15:07:04","slug":"pride-bijtworst-10-x-60-cm","status":"publish","type":"product","link":"https:\/\/dogpride.nl\/fr\/pride-bijtworst-10-x-60-cm\/","title":{"rendered":"Pince \u00e0 mordre PRIDE 10 x 60 cm"},"content":{"rendered":"<h4>Pince \u00e0 mordre PRIDE 10 x 60 cm<\/h4>\n<p>Pince \u00e0 mordre PRIDE 10 x 60 cm<\/p>\n<div style=\"color: #000000; font-size: 13px; text-align: left; text-decoration: none;\">\n<p>Deze PRIDE Bijtworst 10 x 60 cm is gemaakt van sterk nylon en katoen of Jute voor duurzaamheid en met een nylon handvat. Ideaal voor puppies.<\/p>\n<p>Utilis\u00e9 pour imiter les proies dans les premiers stades de l&#039;entra\u00eenement \u00e0 la morsure. Peut \u00e9galement \u00eatre utilis\u00e9 comme r\u00e9compense de morsure lors de l&#039;enseignement de nouvelles comp\u00e9tences ou comme un simple jeu avec votre chien.<\/p>\n<\/div>\n<div style=\"color: #000000; font-size: 13px; text-align: left; text-decoration: none;\">\n<ul>\n<li>Dimensions : 60cm x 10cm<\/li>\n<\/ul>\n<\/div>\n<div style=\"color: #000000; font-size: 13px; text-align: left; text-decoration: none;\">\n<p>Ce mat\u00e9riau durable est super solide et sans danger pour les dents des chiots et des chiens adultes forts.<\/p>\n<p>Mod\u00e8le : T-013<br \/>\nMat\u00e9riel: Nylon et Coton<br \/>\nDimensions : 10 x 60 cm<\/p>\n<p>Mod\u00e8le : T-015<br \/>\nMat\u00e9riel: Jute<br \/>\nDimensions : 10 x 60 cm<\/p>\n<p>* Les couleurs varient en fonction du lot de teinture actuel.<\/p>\n<p><strong>NB\u00a0:<\/strong><\/p>\n<p>Ce mordant n&#039;est pas un jouet \u00e0 m\u00e2cher et doit \u00eatre inspect\u00e9 pour d\u00e9tecter tout dommage et remplac\u00e9 s&#039;il montre des signes d&#039;usure excessive. Il n&#039;est pas recommand\u00e9 de laisser votre chien sans surveillance lorsqu&#039;il joue avec un remorqueur.<\/p>\n<\/div>\n<p>&nbsp;<\/p>\n<p><a href=\"https:\/\/www.dogpride.eu\/\" target=\"_blank\" rel=\"noopener\"><img loading=\"lazy\" decoding=\"async\" class=\"alignnone wp-image-71202 size-medium\" src=\"https:\/\/dogpride.nl\/wp-content\/uploads\/Logo-Pride2-2-300x96.png\" alt=\"Pride\" width=\"300\" height=\"96\" srcset=\"https:\/\/dogpride.nl\/wp-content\/uploads\/Logo-Pride2-2-300x96.png 300w, https:\/\/dogpride.nl\/wp-content\/uploads\/Logo-Pride2-2-250x80.png 250w, https:\/\/dogpride.nl\/wp-content\/uploads\/Logo-Pride2-2-200x64.png 200w, https:\/\/dogpride.nl\/wp-content\/uploads\/Logo-Pride2-2.png 327w\" sizes=\"auto, (max-width: 300px) 100vw, 300px\" \/><\/a><\/p>\n<p><a href=\"https:\/\/dogpride.nl\/fr\/igp\/bijtworsten-voor-honden\/?product-page=2\"><img loading=\"lazy\" decoding=\"async\" class=\"alignnone wp-image-137169 size-full\" src=\"https:\/\/dogpride.nl\/wp-content\/uploads\/PRIDE-Bijtworst-10-x-60-cm.jpg\" alt=\"PRIDE Bijtworst 10 x 60 cm\" width=\"200\" height=\"200\" srcset=\"https:\/\/dogpride.nl\/wp-content\/uploads\/PRIDE-Bijtworst-10-x-60-cm.jpg 200w, https:\/\/dogpride.nl\/wp-content\/uploads\/PRIDE-Bijtworst-10-x-60-cm-150x150.jpg 150w, https:\/\/dogpride.nl\/wp-content\/uploads\/PRIDE-Bijtworst-10-x-60-cm-12x12.jpg 12w, https:\/\/dogpride.nl\/wp-content\/uploads\/PRIDE-Bijtworst-10-x-60-cm-100x100.jpg 100w\" sizes=\"auto, (max-width: 200px) 100vw, 200px\" \/><\/a><\/p>\n<p>&nbsp;<\/p>","protected":false},"excerpt":{"rendered":"<p>Deze PRIDE Bijtworst 10 x 60 cm wordt gebruikt voor het nabootsen van een prooidier in een vroeg stadium van bijttraining. Kan ook worden gebruikt als bijtbeloning bij het aanleren van nieuwe vaardigheden of als een eenvoudig spelletje met je hond.<\/p>","protected":false},"featured_media":23579,"template":"","meta":[],"product_brand":[],"product_cat":[352],"product_tag":[],"class_list":{"0":"post-136261","1":"product","2":"type-product","3":"status-publish","4":"has-post-thumbnail","6":"product_cat-bijtworsten-voor-honden","7":"product_shipping_class-vast-tarief-eu-overig","9":"first","10":"instock","11":"taxable","12":"shipping-taxable","13":"purchasable","14":"product-type-variable"},"mb":[],"mfb_rest_fields":["title"],"_links":{"self":[{"href":"https:\/\/dogpride.nl\/fr\/wp-json\/wp\/v2\/product\/136261","targetHints":{"allow":["GET"]}}],"collection":[{"href":"https:\/\/dogpride.nl\/fr\/wp-json\/wp\/v2\/product"}],"about":[{"href":"https:\/\/dogpride.nl\/fr\/wp-json\/wp\/v2\/types\/product"}],"wp:featuredmedia":[{"embeddable":true,"href":"https:\/\/dogpride.nl\/fr\/wp-json\/wp\/v2\/media\/23579"}],"wp:attachment":[{"href":"https:\/\/dogpride.nl\/fr\/wp-json\/wp\/v2\/media?parent=136261"}],"wp:term":[{"taxonomy":"product_brand","embeddable":true,"href":"https:\/\/dogpride.nl\/fr\/wp-json\/wp\/v2\/product_brand?post=136261"},{"taxonomy":"product_cat","embeddable":true,"href":"https:\/\/dogpride.nl\/fr\/wp-json\/wp\/v2\/product_cat?post=136261"},{"taxonomy":"product_tag","embeddable":true,"href":"https:\/\/dogpride.nl\/fr\/wp-json\/wp\/v2\/product_tag?post=136261"}],"curies":[{"name":"wp","href":"https:\/\/api.w.org\/{rel}","templated":true}]}}