{"id":136260,"date":"2025-09-22T10:04:55","date_gmt":"2025-09-22T08:04:55","guid":{"rendered":"https:\/\/dogpride.nl\/?post_type=product&#038;p=136260"},"modified":"2025-11-06T15:00:04","modified_gmt":"2025-11-06T14:00:04","slug":"pride-bijtworst-nylon-katoen-snapper","status":"publish","type":"product","link":"https:\/\/dogpride.nl\/fr\/pride-bijtworst-nylon-katoen-snapper\/","title":{"rendered":"PRIDE Bijtworst Nylon \/ katoen Snapper"},"content":{"rendered":"<h4>PRIDE Bijtworst Nylon \/ katoen Snapper<\/h4>\n<p>PRIDE Bijtworst Nylon \/ katoen Snapper<\/p>\n<div style=\"color: #000000; font-size: 13px; text-align: left; text-decoration: none;\">\n<p>Deze PRIDE Bijtworst Nylon \/ katoen Snapper\u00a0is gemaakt van sterk nylon en katoen voor duurzaamheid en met een nylon handvat en een snapper. Ideaal voor puppies en obedience training voor jonge honden.<\/p>\n<p>Utilis\u00e9 pour imiter les proies dans les premiers stades de l&#039;entra\u00eenement \u00e0 la morsure. Peut \u00e9galement \u00eatre utilis\u00e9 comme r\u00e9compense de morsure lors de l&#039;enseignement de nouvelles comp\u00e9tences ou comme un simple jeu avec votre chien.<\/p>\n<\/div>\n<div style=\"color: #000000; font-size: 13px; text-align: left; text-decoration: none;\">\n<ul>\n<li>Dimensions : 30 cm x 2,5 cm<\/li>\n<\/ul>\n<\/div>\n<div style=\"color: #000000; font-size: 13px; text-align: left; text-decoration: none;\">\n<p>Ce mat\u00e9riau durable est super solide et sans danger pour les dents des chiots et des chiens adultes forts.<\/p>\n<p>Mod\u00e8le : T-044<br \/>\nMat\u00e9riel: Nylon et Coton<br \/>\nDimensions : 2,5 x 30 cm<\/p>\n<p>* Les couleurs varient en fonction du lot de teinture actuel.<\/p>\n<p><strong>NB\u00a0:<\/strong><\/p>\n<p>Ce mordant n&#039;est pas un jouet \u00e0 m\u00e2cher et doit \u00eatre inspect\u00e9 pour d\u00e9tecter tout dommage et remplac\u00e9 s&#039;il montre des signes d&#039;usure excessive. Il n&#039;est pas recommand\u00e9 de laisser votre chien sans surveillance lorsqu&#039;il joue avec un remorqueur.<\/p>\n<p>&nbsp;<\/p>\n<\/div>\n<p><a href=\"https:\/\/www.dogpride.eu\/\" target=\"_blank\" rel=\"noopener\"><img loading=\"lazy\" decoding=\"async\" class=\"alignnone wp-image-71202 size-medium\" src=\"https:\/\/dogpride.nl\/wp-content\/uploads\/Logo-Pride2-2-300x96.png\" alt=\"Pride\" width=\"300\" height=\"96\" srcset=\"https:\/\/dogpride.nl\/wp-content\/uploads\/Logo-Pride2-2-300x96.png 300w, https:\/\/dogpride.nl\/wp-content\/uploads\/Logo-Pride2-2-250x80.png 250w, https:\/\/dogpride.nl\/wp-content\/uploads\/Logo-Pride2-2-200x64.png 200w, https:\/\/dogpride.nl\/wp-content\/uploads\/Logo-Pride2-2.png 327w\" sizes=\"auto, (max-width: 300px) 100vw, 300px\" \/><\/a><\/p>\n<p><a href=\"https:\/\/dogpride.nl\/fr\/igp\/bijtworsten-voor-honden\/?product-page=2\"><img loading=\"lazy\" decoding=\"async\" class=\"alignnone wp-image-137171\" src=\"https:\/\/dogpride.nl\/wp-content\/uploads\/PRIDE-Bijtworst-Nylon-katoen-snapper.jpg\" alt=\"PRIDE Bijtworst Nylon \/ katoen Snapper\" width=\"293\" height=\"195\" srcset=\"https:\/\/dogpride.nl\/wp-content\/uploads\/PRIDE-Bijtworst-Nylon-katoen-snapper.jpg 900w, https:\/\/dogpride.nl\/wp-content\/uploads\/PRIDE-Bijtworst-Nylon-katoen-snapper-300x200.jpg 300w, https:\/\/dogpride.nl\/wp-content\/uploads\/PRIDE-Bijtworst-Nylon-katoen-snapper-768x512.jpg 768w, https:\/\/dogpride.nl\/wp-content\/uploads\/PRIDE-Bijtworst-Nylon-katoen-snapper-18x12.jpg 18w, https:\/\/dogpride.nl\/wp-content\/uploads\/PRIDE-Bijtworst-Nylon-katoen-snapper-250x167.jpg 250w, https:\/\/dogpride.nl\/wp-content\/uploads\/PRIDE-Bijtworst-Nylon-katoen-snapper-400x267.jpg 400w\" sizes=\"auto, (max-width: 293px) 100vw, 293px\" \/><\/a><\/p>\n<p>&nbsp;<\/p>","protected":false},"excerpt":{"rendered":"<p>Ce boudin est fait de nylon et de coton r\u00e9sistants pour plus de durabilit\u00e9 et avec une poign\u00e9e en nylon et un vivaneau. Id\u00e9al pour les chiots et la formation d&#039;ob\u00e9issance pour les jeunes chiens.<\/p>","protected":false},"featured_media":23582,"template":"","meta":[],"product_brand":[],"product_cat":[352],"product_tag":[],"class_list":{"0":"post-136260","1":"product","2":"type-product","3":"status-publish","4":"has-post-thumbnail","6":"product_cat-bijtworsten-voor-honden","8":"first","9":"instock","10":"taxable","11":"shipping-taxable","12":"purchasable","13":"product-type-simple"},"exclude_global_add_ons":[],"addons":[],"mb":[],"mfb_rest_fields":["title","exclude_global_add_ons","addons"],"_links":{"self":[{"href":"https:\/\/dogpride.nl\/fr\/wp-json\/wp\/v2\/product\/136260","targetHints":{"allow":["GET"]}}],"collection":[{"href":"https:\/\/dogpride.nl\/fr\/wp-json\/wp\/v2\/product"}],"about":[{"href":"https:\/\/dogpride.nl\/fr\/wp-json\/wp\/v2\/types\/product"}],"wp:featuredmedia":[{"embeddable":true,"href":"https:\/\/dogpride.nl\/fr\/wp-json\/wp\/v2\/media\/23582"}],"wp:attachment":[{"href":"https:\/\/dogpride.nl\/fr\/wp-json\/wp\/v2\/media?parent=136260"}],"wp:term":[{"taxonomy":"product_brand","embeddable":true,"href":"https:\/\/dogpride.nl\/fr\/wp-json\/wp\/v2\/product_brand?post=136260"},{"taxonomy":"product_cat","embeddable":true,"href":"https:\/\/dogpride.nl\/fr\/wp-json\/wp\/v2\/product_cat?post=136260"},{"taxonomy":"product_tag","embeddable":true,"href":"https:\/\/dogpride.nl\/fr\/wp-json\/wp\/v2\/product_tag?post=136260"}],"curies":[{"name":"wp","href":"https:\/\/api.w.org\/{rel}","templated":true}]}}