{"id":136259,"date":"2025-09-22T10:04:26","date_gmt":"2025-09-22T08:04:26","guid":{"rendered":"https:\/\/dogpride.nl\/?post_type=product&#038;p=136259"},"modified":"2025-10-31T16:06:10","modified_gmt":"2025-10-31T15:06:10","slug":"pride-rond-bijtkussen-2-handgrepen","status":"publish","type":"product","link":"https:\/\/dogpride.nl\/fr\/pride-rond-bijtkussen-2-handgrepen\/","title":{"rendered":"Coussin \u00e0 mordre rond PRIDE 2 poign\u00e9es"},"content":{"rendered":"<h4>Coussin \u00e0 mordre rond PRIDE 2 poign\u00e9es<\/h4>\n<p>Coussin \u00e0 mordre rond PRIDE 2 poign\u00e9es<\/p>\n<p>Mordant rond PRIDE 2 poign\u00e9es. Coussin rond \u00e0 2 poign\u00e9es adapt\u00e9 \u00e0 l&#039;entra\u00eenement \u00e0 l&#039;ob\u00e9issance et \u00e0 la morsure.<\/p>\n<p>Ce jouet pour chien est une balle id\u00e9ale pour le dressage des chiens et les retrievers.<\/p>\n<p>Les peluches pour chiens sont un \u00e9l\u00e9ment indispensable de l&#039;\u00e9ducation canine. Si vous voulez que votre chien soit heureux et motiv\u00e9 \u00e0 faire de l&#039;exercice, utilisez nos balles pour chien color\u00e9es, douces, s\u00fbres et fiables.<\/p>\n<p>Nos jouets mous pour chiens sont fabriqu\u00e9s en tissu s\u00fbr et solide par des mains professionnelles.<\/p>\n<p>Mod\u00e8le : T-002<\/p>\n<p>Mat\u00e9riel: NylCot<\/p>\n<h3>Doux<\/h3>\n<ul>\n<li>Lengte &#8211; ong. 22 cm<\/li>\n<li>Diam\u00e8tre 12cm<\/li>\n<\/ul>\n<p><strong>* Les couleurs varient en fonction du lot de teinture actuel<\/strong><\/p>\n<p><strong>N.-B.<\/strong>: geen enkel stuk speelgoed is volledig onverwoestbaar. Zoals bij elk ander product, dient u met dit speeltje toezicht te houden op uw huisdier.<br \/>\nControleer het product regelmatig op schade en vervang het speeltje als het beschadigd is of onderdelen mist om mogelijk letsel bij uw huisdier te voorkomen.<\/p>\n<p>&nbsp;<\/p>\n<p><a href=\"https:\/\/www.dogpride.eu\/\" target=\"_blank\" rel=\"noopener\"><img loading=\"lazy\" decoding=\"async\" class=\"alignnone wp-image-71202 size-medium\" title=\"Coussin \u00e0 mordre rond PRIDE 2 poign\u00e9es\" src=\"https:\/\/dogpride.nl\/wp-content\/uploads\/Logo-Pride2-2-300x96.png\" alt=\"Logo Pride\" width=\"300\" height=\"96\" srcset=\"https:\/\/dogpride.nl\/wp-content\/uploads\/Logo-Pride2-2-300x96.png 300w, https:\/\/dogpride.nl\/wp-content\/uploads\/Logo-Pride2-2-250x80.png 250w, https:\/\/dogpride.nl\/wp-content\/uploads\/Logo-Pride2-2-200x64.png 200w, https:\/\/dogpride.nl\/wp-content\/uploads\/Logo-Pride2-2.png 327w\" sizes=\"auto, (max-width: 300px) 100vw, 300px\" \/><\/a><\/p>\n<p><a href=\"https:\/\/dogpride.nl\/fr\/igp\/bijtworsten-voor-honden\/?product-page=2\"><img loading=\"lazy\" decoding=\"async\" class=\"alignnone wp-image-137176\" src=\"https:\/\/dogpride.nl\/wp-content\/uploads\/PRIDE-Rond-bijtkussen-2-handgrepen.jpg\" alt=\"PRIDE Rond bijtkussen 2-handgrepen\" width=\"294\" height=\"191\" srcset=\"https:\/\/dogpride.nl\/wp-content\/uploads\/PRIDE-Rond-bijtkussen-2-handgrepen.jpg 960w, https:\/\/dogpride.nl\/wp-content\/uploads\/PRIDE-Rond-bijtkussen-2-handgrepen-300x195.jpg 300w, https:\/\/dogpride.nl\/wp-content\/uploads\/PRIDE-Rond-bijtkussen-2-handgrepen-768x498.jpg 768w, https:\/\/dogpride.nl\/wp-content\/uploads\/PRIDE-Rond-bijtkussen-2-handgrepen-18x12.jpg 18w, https:\/\/dogpride.nl\/wp-content\/uploads\/PRIDE-Rond-bijtkussen-2-handgrepen-250x162.jpg 250w, https:\/\/dogpride.nl\/wp-content\/uploads\/PRIDE-Rond-bijtkussen-2-handgrepen-400x260.jpg 400w\" sizes=\"auto, (max-width: 294px) 100vw, 294px\" \/><\/a><\/p>\n<p>&nbsp;<\/p>","protected":false},"excerpt":{"rendered":"<p>Les peluches pour chiens sont un \u00e9l\u00e9ment indispensable de l&#039;\u00e9ducation canine. Si vous voulez que votre chien soit heureux et motiv\u00e9 \u00e0 faire de l&#039;exercice, utilisez nos balles pour chien color\u00e9es, douces, s\u00fbres et fiables.<\/p>","protected":false},"featured_media":136300,"template":"","meta":[],"product_brand":[],"product_cat":[352],"product_tag":[9432,5507,4865,6588,5532],"class_list":{"0":"post-136259","1":"product","2":"type-product","3":"status-publish","4":"has-post-thumbnail","6":"product_cat-bijtworsten-voor-honden","7":"product_tag-2-handgrepen","8":"product_tag-bijtkussen","9":"product_tag-pride","10":"product_tag-rond","11":"product_tag-zacht","13":"first","14":"instock","15":"taxable","16":"shipping-taxable","17":"purchasable","18":"product-type-simple"},"mb":[],"mfb_rest_fields":["title"],"_links":{"self":[{"href":"https:\/\/dogpride.nl\/fr\/wp-json\/wp\/v2\/product\/136259","targetHints":{"allow":["GET"]}}],"collection":[{"href":"https:\/\/dogpride.nl\/fr\/wp-json\/wp\/v2\/product"}],"about":[{"href":"https:\/\/dogpride.nl\/fr\/wp-json\/wp\/v2\/types\/product"}],"wp:featuredmedia":[{"embeddable":true,"href":"https:\/\/dogpride.nl\/fr\/wp-json\/wp\/v2\/media\/136300"}],"wp:attachment":[{"href":"https:\/\/dogpride.nl\/fr\/wp-json\/wp\/v2\/media?parent=136259"}],"wp:term":[{"taxonomy":"product_brand","embeddable":true,"href":"https:\/\/dogpride.nl\/fr\/wp-json\/wp\/v2\/product_brand?post=136259"},{"taxonomy":"product_cat","embeddable":true,"href":"https:\/\/dogpride.nl\/fr\/wp-json\/wp\/v2\/product_cat?post=136259"},{"taxonomy":"product_tag","embeddable":true,"href":"https:\/\/dogpride.nl\/fr\/wp-json\/wp\/v2\/product_tag?post=136259"}],"curies":[{"name":"wp","href":"https:\/\/api.w.org\/{rel}","templated":true}]}}