{"id":136257,"date":"2025-09-22T10:01:06","date_gmt":"2025-09-22T08:01:06","guid":{"rendered":"https:\/\/dogpride.nl\/?post_type=product&#038;p=136257"},"modified":"2025-11-02T09:13:30","modified_gmt":"2025-11-02T08:13:30","slug":"pride-bijtlap-aan-lijn-microvezel-2","status":"publish","type":"product","link":"https:\/\/dogpride.nl\/fr\/pride-bijtlap-aan-lijn-microvezel-2\/","title":{"rendered":"Rabat de morsure PRIDE sur laisse microfibre"},"content":{"rendered":"<h4>Rabat de morsure PRIDE sur laisse microfibre<\/h4>\n<p>Rabat de morsure PRIDE sur laisse microfibre<\/p>\n<p>Deze PRIDE bijtlap aan lijn microvezel is ideaal voor puppytraining.<\/p>\n<p>Cette trappe \u00e0 mordre est faite d&#039;un fil de nylon de 120 cm de long avec poign\u00e9e. Il est utilis\u00e9 pour construire une proie au d\u00e9but de l&#039;entra\u00eenement \u00e0 la morsure ou comme mannequin de r\u00e9cup\u00e9ration pour le travail des chiens de chasse.<br \/>\n\u00c9galement utilis\u00e9 comme r\u00e9compense de morsure lors de l&#039;enseignement de nouvelles comp\u00e9tences ou comme simple jeu lorsque vous jouez avec votre chien.<\/p>\n<p>Destin\u00e9 aux chiots jusqu&#039;\u00e0 3-4 mois.<\/p>\n<ul>\n<li>Mati\u00e8re : microfibre<\/li>\n<li>Longueur de la laisse : 120 cm<\/li>\n<\/ul>\n<p>* Les couleurs varient en fonction du lot de teinture actuel.<\/p>\n<p><strong>N.-B.<\/strong>, Ce mordant n&#039;est pas un jouet \u00e0 m\u00e2cher et doit \u00eatre inspect\u00e9 pour d\u00e9tecter tout dommage et remplac\u00e9 lorsqu&#039;il montre des signes d&#039;usure excessive.<br \/>\nIl n&#039;est pas recommand\u00e9 de laisser votre chien sans surveillance lorsqu&#039;il joue avec un patch anti-morsure.<\/p>\n<p>&nbsp;<\/p>\n<p><a href=\"https:\/\/www.dogpride.eu\/\" target=\"_blank\" rel=\"noopener\"><img loading=\"lazy\" decoding=\"async\" class=\"alignnone wp-image-71202 size-medium\" src=\"https:\/\/dogpride.nl\/wp-content\/uploads\/Logo-Pride2-2-300x96.png\" alt=\"Pride\" width=\"300\" height=\"96\" srcset=\"https:\/\/dogpride.nl\/wp-content\/uploads\/Logo-Pride2-2-300x96.png 300w, https:\/\/dogpride.nl\/wp-content\/uploads\/Logo-Pride2-2-250x80.png 250w, https:\/\/dogpride.nl\/wp-content\/uploads\/Logo-Pride2-2-200x64.png 200w, https:\/\/dogpride.nl\/wp-content\/uploads\/Logo-Pride2-2.png 327w\" sizes=\"auto, (max-width: 300px) 100vw, 300px\" \/><\/a><\/p>\n<p><a href=\"https:\/\/dogpride.nl\/fr\/igp\/bijtworsten-voor-honden\/?product-page=3\"><img loading=\"lazy\" decoding=\"async\" class=\"alignnone wp-image-137181\" src=\"https:\/\/dogpride.nl\/wp-content\/uploads\/PRIDE-bijtlap-aan-lijn-microvezel.jpg\" alt=\"PRIDE bijtlap aan lijn microvezel\" width=\"307\" height=\"205\" srcset=\"https:\/\/dogpride.nl\/wp-content\/uploads\/PRIDE-bijtlap-aan-lijn-microvezel.jpg 1820w, https:\/\/dogpride.nl\/wp-content\/uploads\/PRIDE-bijtlap-aan-lijn-microvezel-300x200.jpg 300w, https:\/\/dogpride.nl\/wp-content\/uploads\/PRIDE-bijtlap-aan-lijn-microvezel-1024x684.jpg 1024w, https:\/\/dogpride.nl\/wp-content\/uploads\/PRIDE-bijtlap-aan-lijn-microvezel-768x513.jpg 768w, https:\/\/dogpride.nl\/wp-content\/uploads\/PRIDE-bijtlap-aan-lijn-microvezel-1536x1025.jpg 1536w, https:\/\/dogpride.nl\/wp-content\/uploads\/PRIDE-bijtlap-aan-lijn-microvezel-18x12.jpg 18w, https:\/\/dogpride.nl\/wp-content\/uploads\/PRIDE-bijtlap-aan-lijn-microvezel-250x167.jpg 250w, https:\/\/dogpride.nl\/wp-content\/uploads\/PRIDE-bijtlap-aan-lijn-microvezel-400x267.jpg 400w\" sizes=\"auto, (max-width: 307px) 100vw, 307px\" \/><\/a><\/p>\n<p>&nbsp;<\/p>","protected":false},"excerpt":{"rendered":"<p>Cette trappe \u00e0 mordre est faite d&#039;un fil de nylon de 120 cm de long avec poign\u00e9e. Il est utilis\u00e9 pour construire une proie au d\u00e9but de l&#039;entra\u00eenement \u00e0 la morsure ou comme mannequin de r\u00e9cup\u00e9ration pour le travail des chiens de chasse.<\/p>","protected":false},"featured_media":22002,"template":"","meta":[],"product_brand":[],"product_cat":[352],"product_tag":[],"class_list":{"0":"post-136257","1":"product","2":"type-product","3":"status-publish","4":"has-post-thumbnail","6":"product_cat-bijtworsten-voor-honden","8":"first","9":"instock","10":"taxable","11":"shipping-taxable","12":"purchasable","13":"product-type-simple"},"mb":[],"mfb_rest_fields":["title"],"_links":{"self":[{"href":"https:\/\/dogpride.nl\/fr\/wp-json\/wp\/v2\/product\/136257","targetHints":{"allow":["GET"]}}],"collection":[{"href":"https:\/\/dogpride.nl\/fr\/wp-json\/wp\/v2\/product"}],"about":[{"href":"https:\/\/dogpride.nl\/fr\/wp-json\/wp\/v2\/types\/product"}],"wp:featuredmedia":[{"embeddable":true,"href":"https:\/\/dogpride.nl\/fr\/wp-json\/wp\/v2\/media\/22002"}],"wp:attachment":[{"href":"https:\/\/dogpride.nl\/fr\/wp-json\/wp\/v2\/media?parent=136257"}],"wp:term":[{"taxonomy":"product_brand","embeddable":true,"href":"https:\/\/dogpride.nl\/fr\/wp-json\/wp\/v2\/product_brand?post=136257"},{"taxonomy":"product_cat","embeddable":true,"href":"https:\/\/dogpride.nl\/fr\/wp-json\/wp\/v2\/product_cat?post=136257"},{"taxonomy":"product_tag","embeddable":true,"href":"https:\/\/dogpride.nl\/fr\/wp-json\/wp\/v2\/product_tag?post=136257"}],"curies":[{"name":"wp","href":"https:\/\/api.w.org\/{rel}","templated":true}]}}