{"id":13535,"date":"2019-09-04T15:00:32","date_gmt":"2019-09-04T13:00:32","guid":{"rendered":"https:\/\/dogpride1.wpengine.com\/product\/savic-snooze-plastic-mand-zwart-117x80x34-cm-3\/"},"modified":"2025-11-26T08:49:55","modified_gmt":"2025-11-26T07:49:55","slug":"savic-snooze-plastic-mand-zwart-117x80x34-cm-3","status":"publish","type":"product","link":"https:\/\/dogpride.nl\/fr\/savic-snooze-plastic-mand-zwart-117x80x34-cm-3\/","title":{"rendered":"Savic Snooze plastic mand zwart"},"content":{"rendered":"<h4>Savic Snooze plastic mand zwart<\/h4>\n<p>Panier en plastique Snooze noir 117x80x34 cm<\/p>\n<div>Ce panier en plastique robuste convient aux chats et aux chiens. Gr\u00e2ce \u00e0 l&#039;entr\u00e9e basse, votre ch\u00e9ri pourra facilement entrer et sortir de son panier. C&#039;est donc un panier tr\u00e8s pratique pour les animaux jeunes, \u00e2g\u00e9s ou malades.<\/div>\n<div><\/div>\n<div>La forme \u00e9l\u00e9gante du panier permet \u00e0 votre chien ou chat de se d\u00e9tendre dans n&#039;importe quelle position confortable. Le pied antid\u00e9rapant sous le panier assure la stabilit\u00e9 et les trous au fond du panier assurent une bonne circulation de l&#039;air \u00e0 travers le panier.<\/div>\n<div><\/div>\n<div>Pour un maximum de confort pour votre chien ou votre chat, placez un coussin dans le panier selon vos envies.<\/div>\n<div><\/div>\n<div>Ce panier est facile \u00e0 nettoyer : essuyez le panier avec un chiffon humide et un d\u00e9tergent doux. De cette fa\u00e7on, la salet\u00e9 et les insectes n&#039;ont aucune chance !<\/div>\n<div><\/div>\n<div>Mat\u00e9riel: plastique<\/div>\n<div>Dimensions : 117x80x34cm<\/div>\n<div>Couleur noir<\/div>\n<div><\/div>\n<div>Dans la couleur noire, ce panier est \u00e9galement disponible aux dimensions 98,5x70x30cm<\/div>\n<div>Ce panier est disponible en vert kaki et rose dans les tailles 70x49x23 cm et 60x42x20 cm.<\/div>\n<div><a href=\"https:\/\/dogpride.nl\/fr\/hondenmanden\/manden-matrassen\/\"><img loading=\"lazy\" decoding=\"async\" class=\"alignnone\" title=\"Savic Snooze plastic mand zwart\" src=\"https:\/\/dogpride.nl\/wp-content\/uploads\/savic-snooze-hondenmand-plastic-zwart-1.jpg\" alt=\"Savic Snooze plastic mand zwart\" width=\"115\" height=\"73\" \/><\/a><\/div>\n<div><span style=\"color: #ffffff;\"><a style=\"color: #ffffff;\" href=\"https:\/\/www.bol.com\/nl\/nl\/\" target=\"_blank\" rel=\"noopener\">https:\/\/www.bol.com\/nl\/nl\/<\/a><\/span><\/div>\n<div><\/div>","protected":false},"excerpt":{"rendered":"<p>Savic Snooze panier en plastique noir 117x80x34 cm<\/p>","protected":false},"featured_media":13536,"template":"","meta":[],"product_brand":[],"product_cat":[307],"product_tag":[],"class_list":{"0":"post-13535","1":"product","2":"type-product","3":"status-publish","4":"has-post-thumbnail","6":"product_cat-hondenmanden-en-matrassen","8":"first","9":"instock","10":"taxable","11":"shipping-taxable","12":"purchasable","13":"product-type-simple"},"mb":[],"mfb_rest_fields":["title"],"_links":{"self":[{"href":"https:\/\/dogpride.nl\/fr\/wp-json\/wp\/v2\/product\/13535","targetHints":{"allow":["GET"]}}],"collection":[{"href":"https:\/\/dogpride.nl\/fr\/wp-json\/wp\/v2\/product"}],"about":[{"href":"https:\/\/dogpride.nl\/fr\/wp-json\/wp\/v2\/types\/product"}],"wp:featuredmedia":[{"embeddable":true,"href":"https:\/\/dogpride.nl\/fr\/wp-json\/wp\/v2\/media\/13536"}],"wp:attachment":[{"href":"https:\/\/dogpride.nl\/fr\/wp-json\/wp\/v2\/media?parent=13535"}],"wp:term":[{"taxonomy":"product_brand","embeddable":true,"href":"https:\/\/dogpride.nl\/fr\/wp-json\/wp\/v2\/product_brand?post=13535"},{"taxonomy":"product_cat","embeddable":true,"href":"https:\/\/dogpride.nl\/fr\/wp-json\/wp\/v2\/product_cat?post=13535"},{"taxonomy":"product_tag","embeddable":true,"href":"https:\/\/dogpride.nl\/fr\/wp-json\/wp\/v2\/product_tag?post=13535"}],"curies":[{"name":"wp","href":"https:\/\/api.w.org\/{rel}","templated":true}]}}