{"id":134660,"date":"2025-08-15T17:22:11","date_gmt":"2025-08-15T15:22:11","guid":{"rendered":"https:\/\/dogpride.nl\/?post_type=product&#038;p=134660"},"modified":"2025-11-16T09:32:39","modified_gmt":"2025-11-16T08:32:39","slug":"dogs4me-dogsport-vest-sonn","status":"publish","type":"product","link":"https:\/\/dogpride.nl\/fr\/dogs4me-dogsport-vest-sonn\/","title":{"rendered":"DOGS4ME Dogsport vest SONN"},"content":{"rendered":"<h4>DOGS4ME Dogsport vest SONN<\/h4>\n<p>DOGS4ME Dogsport vest SONN<\/p>\n<p>Zomer trainingsvest SONN unisex<br \/>\nBovenmateriaal 100% PES + hoogwaardige en duurzame meshvoering mesh<br \/>\nHet vest heeft een meshvoering over de gehele lengte voor betere duurzaamheid<br \/>\nTwee ruime zakken aan de voor- en achterkant<br \/>\n2 Bovenzakken met rits<br \/>\nDit vest (mash) is niet geschikt voor borduren<br \/>\nHaak aan de zijkant voor een riem of traktatiezakje<br \/>\nFermeture \u00e9clair YKK<\/p>\n<p>Verkrijgbaar in de kleurcombinaties: Zwart, Zwart\/Blauw, Zwart\/Grijs, Zwart\/Roze, Zwart\/Groen<\/p>\n<ul>\n<li>Mod\u00e8le unisexe<\/li>\n<\/ul>\n<p><strong>Ce gilet a une fermeture \u00e9clair normale en standard. Le d\u00e9lai de livraison pour un cardigan avec fermeture \u00e9clair \u00e0 double sens est de \u00b1 2-3 semaines.<\/strong><\/p>\n<p><strong>Tableau des tailles:<\/strong><\/p>\n<p><img loading=\"lazy\" decoding=\"async\" class=\"alignnone size-full wp-image-134646\" src=\"https:\/\/dogpride.nl\/wp-content\/uploads\/Maattabel-Sonn.jpg\" alt=\"Maattabel\" width=\"897\" height=\"466\" srcset=\"https:\/\/dogpride.nl\/wp-content\/uploads\/Maattabel-Sonn.jpg 897w, https:\/\/dogpride.nl\/wp-content\/uploads\/Maattabel-Sonn-300x156.jpg 300w, https:\/\/dogpride.nl\/wp-content\/uploads\/Maattabel-Sonn-768x399.jpg 768w, https:\/\/dogpride.nl\/wp-content\/uploads\/Maattabel-Sonn-18x9.jpg 18w, https:\/\/dogpride.nl\/wp-content\/uploads\/Maattabel-Sonn-250x130.jpg 250w, https:\/\/dogpride.nl\/wp-content\/uploads\/Maattabel-Sonn-400x208.jpg 400w\" sizes=\"auto, (max-width: 897px) 100vw, 897px\" \/><\/p>\n<p>&nbsp;<\/p>\n<p><a href=\"https:\/\/dogpride.nl\/fr\/kleding\/trainingsvesten\/dogs4me-trainingsvesten\/\"><img loading=\"lazy\" decoding=\"async\" class=\"alignnone\" title=\"DOGS4ME Dogsport vest SONN\" src=\"https:\/\/dogpride.nl\/wp-content\/uploads\/dogsport-vest-sonn-3-1-150x150.jpg\" alt=\"DOGS4ME Dogsport vest SONN\" width=\"150\" height=\"150\" \/><\/a>.<\/p>\n<p><a href=\"https:\/\/d4m.eu\/en\/\" target=\"_blank\" rel=\"noopener\"><img loading=\"lazy\" decoding=\"async\" class=\"alignnone wp-image-142870 size-thumbnail\" src=\"https:\/\/dogpride.nl\/wp-content\/uploads\/Logo-Dogs4me-2-150x150.jpg\" alt=\"Logo\" width=\"150\" height=\"150\" srcset=\"https:\/\/dogpride.nl\/wp-content\/uploads\/Logo-Dogs4me-2-150x150.jpg 150w, https:\/\/dogpride.nl\/wp-content\/uploads\/Logo-Dogs4me-2-100x100.jpg 100w\" sizes=\"auto, (max-width: 150px) 100vw, 150px\" \/><\/a><\/p>","protected":false},"excerpt":{"rendered":"<p>Zomer trainingsvest SONN unisex. Bovenmateriaal 100% PES + hoogwaardige en duurzame meshvoering mesh. Het vest heeft een meshvoering over de gehele lengte voor betere duurzaamheid. Twee ruime zakken aan de voor- en achterkant. 2 Bovenzakken met rits.<\/p>","protected":false},"featured_media":134668,"template":"","meta":[],"product_brand":[],"product_cat":[3872],"product_tag":[5343,5344,3332,6049,9334,4152],"class_list":{"0":"post-134660","1":"product","2":"type-product","3":"status-publish","4":"has-post-thumbnail","6":"product_cat-dogs4me-trainingsvesten","7":"product_tag-dogs4me","8":"product_tag-dogsport","9":"product_tag-hondensport","10":"product_tag-hondensportvest","11":"product_tag-sonn","12":"product_tag-vest","13":"product_shipping_class-vast-tarief-eu-overig","15":"first","16":"instock","17":"taxable","18":"shipping-taxable","19":"purchasable","20":"product-type-variable"},"mb":[],"mfb_rest_fields":["title"],"_links":{"self":[{"href":"https:\/\/dogpride.nl\/fr\/wp-json\/wp\/v2\/product\/134660","targetHints":{"allow":["GET"]}}],"collection":[{"href":"https:\/\/dogpride.nl\/fr\/wp-json\/wp\/v2\/product"}],"about":[{"href":"https:\/\/dogpride.nl\/fr\/wp-json\/wp\/v2\/types\/product"}],"wp:featuredmedia":[{"embeddable":true,"href":"https:\/\/dogpride.nl\/fr\/wp-json\/wp\/v2\/media\/134668"}],"wp:attachment":[{"href":"https:\/\/dogpride.nl\/fr\/wp-json\/wp\/v2\/media?parent=134660"}],"wp:term":[{"taxonomy":"product_brand","embeddable":true,"href":"https:\/\/dogpride.nl\/fr\/wp-json\/wp\/v2\/product_brand?post=134660"},{"taxonomy":"product_cat","embeddable":true,"href":"https:\/\/dogpride.nl\/fr\/wp-json\/wp\/v2\/product_cat?post=134660"},{"taxonomy":"product_tag","embeddable":true,"href":"https:\/\/dogpride.nl\/fr\/wp-json\/wp\/v2\/product_tag?post=134660"}],"curies":[{"name":"wp","href":"https:\/\/api.w.org\/{rel}","templated":true}]}}