{"id":134162,"date":"2025-08-08T10:16:14","date_gmt":"2025-08-08T08:16:14","guid":{"rendered":"https:\/\/dogpride.nl\/?post_type=product&#038;p=134162"},"modified":"2025-12-02T18:12:11","modified_gmt":"2025-12-02T17:12:11","slug":"julius-k9-idc-powertuig-zwart","status":"publish","type":"product","link":"https:\/\/dogpride.nl\/fr\/julius-k9-idc-powertuig-zwart\/","title":{"rendered":"Julius K9 IDC Powertuig Zwart"},"content":{"rendered":"<h4>Julius K9 IDC Powertuig Zwart<\/h4>\n<p>De reflecterende elementen op het tuig zorgen voor veiligheid zodat u het tuig bij elke situatie kunt gebruiken. De vachtvriendelijke voering biedt conform en de accessoires zorgen ervoor dat u oneindig veel mogelijkheden heeft om het tuig aan te passen naar u persoonlijke wensen.<\/p>\n<p style=\"font-weight: 400;\">Alle powertuigen van Julius-K9 worden geleverd met verwisselbare \u2018Julius-K9\u2019 labels. U kunt kiezen uit meer dan 100 verschillende labels, maar u kunt ook een uniek label met eigen tekst bestellen, de eigen naam labels.<\/p>\n<p><a href=\"https:\/\/dogpride.nl\/fr\/hondenlijnen\/julius-k9-harnassen\/\"><img loading=\"lazy\" decoding=\"async\" class=\"alignnone\" title=\"Julius K9 IDC Powertuig Zwart\" src=\"https:\/\/dogpride.nl\/wp-content\/uploads\/Powertuig-maat-L-150x150.webp\" alt=\"Julius K9 IDC Powertuig Zwart\" width=\"150\" height=\"150\" \/><\/a><\/p>\n<p style=\"font-weight: 400;\">Veiligheid en duurzaamheid worden gegarandeerd vanwege de materialen en zorgvuldige handmatige productie van de tuigen.<\/p>\n<p style=\"font-weight: 400;\">De\u00a0Julius K9 IDC Powertuig Zwart staat bekend om de volgende punten:<\/p>\n<ul style=\"font-weight: 400;\">\n<li>Vachtvriendelijke voering, ademend en geschikt voor alle weersomstandigheden<\/li>\n<li>Volledige af te stellen op maat voor elke hond<\/li>\n<li>Uit te breiden met accessoires (Zijtassen, zaklampjes, extra borststukken)<\/li>\n<li>\u00c9l\u00e9ments r\u00e9fl\u00e9chissants<\/li>\n<li>Vervangbare labels (Standaard teksten of eigennaam labels)<\/li>\n<li>Afsluitbare handvat<\/li>\n<li>Sterk en duurzaam materiaal<\/li>\n<li>Uitgebreid getest via verschillende crashtests<\/li>\n<\/ul>\n<p style=\"font-weight: 400;\">Bekijk onze<b><strong>\u00a0pasvorm assistent<\/strong><\/b>\u00a0naast &#8216;selecteer maat&#8217; voor de juiste maat<\/p>\n<p><img loading=\"lazy\" decoding=\"async\" class=\"alignnone size-full wp-image-134163\" src=\"https:\/\/dogpride.nl\/wp-content\/uploads\/Maattabel-9.jpg\" alt=\"Maattabel IDC Powertuig\" width=\"460\" height=\"587\" srcset=\"https:\/\/dogpride.nl\/wp-content\/uploads\/Maattabel-9.jpg 460w, https:\/\/dogpride.nl\/wp-content\/uploads\/Maattabel-9-235x300.jpg 235w, https:\/\/dogpride.nl\/wp-content\/uploads\/Maattabel-9-9x12.jpg 9w, https:\/\/dogpride.nl\/wp-content\/uploads\/Maattabel-9-250x319.jpg 250w, https:\/\/dogpride.nl\/wp-content\/uploads\/Maattabel-9-400x510.jpg 400w\" sizes=\"auto, (max-width: 460px) 100vw, 460px\" \/><\/p>\n<p><a href=\"https:\/\/dogpride.nl\/fr\/hondenlijnen\/julius-k9-harnassen\/\"><img loading=\"lazy\" decoding=\"async\" class=\"alignnone\" title=\"Julius K9 IDC Powertuig Zwart\" src=\"https:\/\/dogpride.nl\/wp-content\/uploads\/Powertuig-maat-L-150x150.webp\" alt=\"Julius K9 IDC Powertuig Zwart\" width=\"150\" height=\"150\" \/><\/a><\/p>\n<p><a href=\"https:\/\/www.k9shop.nl\/\" target=\"_blank\" rel=\"noopener\"><img loading=\"lazy\" decoding=\"async\" class=\"alignnone wp-image-147096 size-full\" src=\"https:\/\/dogpride.nl\/wp-content\/uploads\/Logo-K9-shop.jpg\" alt=\"Logo K9 shop\" width=\"201\" height=\"86\" srcset=\"https:\/\/dogpride.nl\/wp-content\/uploads\/Logo-K9-shop.jpg 201w, https:\/\/dogpride.nl\/wp-content\/uploads\/Logo-K9-shop-18x8.jpg 18w\" sizes=\"auto, (max-width: 201px) 100vw, 201px\" \/><\/a><\/p>","protected":false},"excerpt":{"rendered":"<p>De Julius-K9 powertuigen zijn herkenbaar aan hun robuust, veilig en uniek design. Op het tuig zitten reflecterende elementen dat zorgt voor veiligheid en zichtbaarheid tijdens het wandelen.<\/p>","protected":false},"featured_media":134169,"template":"","meta":[],"product_brand":[],"product_cat":[9270],"product_tag":[9179,9289,9288,4566,9290],"class_list":{"0":"post-134162","1":"product","2":"type-product","3":"status-publish","4":"has-post-thumbnail","6":"product_cat-julius-k9-harnassen","7":"product_tag-harnassen","8":"product_tag-idc","9":"product_tag-julius","10":"product_tag-k9","11":"product_tag-powertuig","13":"first","14":"instock","15":"taxable","16":"shipping-taxable","17":"purchasable","18":"product-type-variable"},"mb":[],"mfb_rest_fields":["title"],"_links":{"self":[{"href":"https:\/\/dogpride.nl\/fr\/wp-json\/wp\/v2\/product\/134162","targetHints":{"allow":["GET"]}}],"collection":[{"href":"https:\/\/dogpride.nl\/fr\/wp-json\/wp\/v2\/product"}],"about":[{"href":"https:\/\/dogpride.nl\/fr\/wp-json\/wp\/v2\/types\/product"}],"wp:featuredmedia":[{"embeddable":true,"href":"https:\/\/dogpride.nl\/fr\/wp-json\/wp\/v2\/media\/134169"}],"wp:attachment":[{"href":"https:\/\/dogpride.nl\/fr\/wp-json\/wp\/v2\/media?parent=134162"}],"wp:term":[{"taxonomy":"product_brand","embeddable":true,"href":"https:\/\/dogpride.nl\/fr\/wp-json\/wp\/v2\/product_brand?post=134162"},{"taxonomy":"product_cat","embeddable":true,"href":"https:\/\/dogpride.nl\/fr\/wp-json\/wp\/v2\/product_cat?post=134162"},{"taxonomy":"product_tag","embeddable":true,"href":"https:\/\/dogpride.nl\/fr\/wp-json\/wp\/v2\/product_tag?post=134162"}],"curies":[{"name":"wp","href":"https:\/\/api.w.org\/{rel}","templated":true}]}}