{"id":133992,"date":"2025-08-06T15:51:41","date_gmt":"2025-08-06T13:51:41","guid":{"rendered":"https:\/\/dogpride.nl\/?post_type=product&#038;p=133992"},"modified":"2025-11-27T12:31:02","modified_gmt":"2025-11-27T11:31:02","slug":"mooria-hondenlijn-danger-yellow","status":"publish","type":"product","link":"https:\/\/dogpride.nl\/fr\/mooria-hondenlijn-danger-yellow\/","title":{"rendered":"MOORIA hondenlijn Danger Yellow"},"content":{"rendered":"<h4>MOORIA hondenlijn Danger Yellow<\/h4>\n<p>MOORIA hondenlijn Danger Yellow<\/p>\n<p>De MOORIA lijnen zijn gemaakt van functionele waterdichte stoffen. De basis is gemaakt van zwaar nylonweefsel dat bedekt is met bedrukte of monochrome softshell-stof.<br \/>\nNos colliers et laisses ont la m\u00eame fonctionnalit\u00e9 et la m\u00eame r\u00e9sistance que les produits en nylon populaires\u00a0; de plus, nous offrons une apparence attrayante gr\u00e2ce \u00e0 une large gamme de motifs, d&#039;imprim\u00e9s et de couleurs.<\/p>\n<p><a href=\"https:\/\/dogpride.nl\/fr\/lijnen-en-tuigjes-voor-honden\/mooria-hondenlijnen\/\"><img loading=\"lazy\" decoding=\"async\" class=\"alignnone\" title=\"MOORIA hondenlijn Danger Yellow\" src=\"https:\/\/dogpride.nl\/wp-content\/uploads\/set1-danger-yellow-150x150.jpg\" alt=\"MOORIA hondenlijn Danger Yellow\" width=\"150\" height=\"150\" \/><\/a><\/p>\n<p>Vous pouvez choisir parmi deux types de lignes, simples et doubles.<br \/>\nCertaines lignes mesurent 1,3 m\u00e8tre de long et sont \u00e9quip\u00e9es d&#039;un mousqueton. Ce sont des laisses typiques destin\u00e9es \u00e0 promener un chien.<br \/>\nLes laisses doubles mesurent 2,6 m\u00e8tres de long avec deux mousquetons con\u00e7us pour promener deux chiens ou ajuster individuellement la taille de la laisse - 135, 185 et 205 cm.<\/p>\n<p><img decoding=\"async\" src=\"https:\/\/dogpride.nl\/wp-content\/uploads\/set1-danger-yellow-150x150.jpg\" alt=\"MOORIA Collar Danger Yellow\" \/><\/p>\n<h3><strong>largeurs\u00a0:<\/strong><\/h3>\n<ul>\n<li>S&gt;1.6cm<\/li>\n<li>M &gt; 2cm<\/li>\n<li>L &gt; 2,5 cm<\/li>\n<\/ul>\n<p>Bijpassende halsband<\/p>\n<p><a href=\"https:\/\/dogpride.nl\/fr\/mooria-collar-danger-yellow\/\">https:\/\/dogpride.nl\/mooria-collar-danger-yellow\/<\/a><\/p>\n<p><a href=\"https:\/\/www.mooria.eu\/\" target=\"_blank\" rel=\"noopener\"><img loading=\"lazy\" decoding=\"async\" class=\"alignnone wp-image-118346 size-full\" title=\"MOORIA Collar Danger \" src=\"https:\/\/dogpride.nl\/wp-content\/uploads\/Logo-MOORIA-2.png\" sizes=\"auto, (max-width: 233px) 100vw, 233px\" srcset=\"https:\/\/dogpride.nl\/wp-content\/uploads\/Logo-MOORIA-2.png 233w, https:\/\/dogpride.nl\/wp-content\/uploads\/Logo-MOORIA-2-18x4.png 18w\" alt=\"MOORIA Collar Danger \" width=\"233\" height=\"53\" \/><\/a><\/p>","protected":false},"excerpt":{"rendered":"<p>De MOORIA lijnen zijn gemaakt van functionele waterdichte stoffen. De basis is gemaakt van zwaar nylonweefsel dat bedekt is met bedrukte of monochrome softshell-stof.<\/p>","protected":false},"featured_media":134036,"template":"","meta":[],"product_brand":[],"product_cat":[1911],"product_tag":[5238,5619,6228,5161,7101,4739],"class_list":{"0":"post-133992","1":"product","2":"type-product","3":"status-publish","4":"has-post-thumbnail","6":"product_cat-mooria-hondenlijnen","7":"product_tag-halsband","8":"product_tag-lijn","9":"product_tag-mooria","10":"product_tag-nylon","11":"product_tag-rustig","12":"product_tag-softshell","14":"first","15":"instock","16":"taxable","17":"shipping-taxable","18":"purchasable","19":"product-type-variable"},"mb":[],"mfb_rest_fields":["title"],"_links":{"self":[{"href":"https:\/\/dogpride.nl\/fr\/wp-json\/wp\/v2\/product\/133992","targetHints":{"allow":["GET"]}}],"collection":[{"href":"https:\/\/dogpride.nl\/fr\/wp-json\/wp\/v2\/product"}],"about":[{"href":"https:\/\/dogpride.nl\/fr\/wp-json\/wp\/v2\/types\/product"}],"wp:featuredmedia":[{"embeddable":true,"href":"https:\/\/dogpride.nl\/fr\/wp-json\/wp\/v2\/media\/134036"}],"wp:attachment":[{"href":"https:\/\/dogpride.nl\/fr\/wp-json\/wp\/v2\/media?parent=133992"}],"wp:term":[{"taxonomy":"product_brand","embeddable":true,"href":"https:\/\/dogpride.nl\/fr\/wp-json\/wp\/v2\/product_brand?post=133992"},{"taxonomy":"product_cat","embeddable":true,"href":"https:\/\/dogpride.nl\/fr\/wp-json\/wp\/v2\/product_cat?post=133992"},{"taxonomy":"product_tag","embeddable":true,"href":"https:\/\/dogpride.nl\/fr\/wp-json\/wp\/v2\/product_tag?post=133992"}],"curies":[{"name":"wp","href":"https:\/\/api.w.org\/{rel}","templated":true}]}}