{"id":132087,"date":"2025-05-28T11:03:13","date_gmt":"2025-05-28T09:03:13","guid":{"rendered":"https:\/\/dogpride.nl\/?post_type=product&#038;p=132087"},"modified":"2026-02-23T13:10:04","modified_gmt":"2026-02-23T12:10:04","slug":"speed-dogsport-trainingsvest-liverpool-maat-2xl","status":"publish","type":"product","link":"https:\/\/dogpride.nl\/fr\/speed-dogsport-trainingsvest-liverpool-maat-2xl\/","title":{"rendered":"SPEED-DOGSPORT trainingsvest Liverpool Maat 2XL"},"content":{"rendered":"<h4>SPEED-DOGSPORT trainingsvest Liverpool Maat 2XL<\/h4>\n<p>SPEED-DOGSPORT trainingsvest Liverpool Maat 2XL<\/p>\n<p>SPEED-DOGSPORT trainingsvest Liverpool Maat 2XL . Het Speed \u200b\u200bDogsport hondensport- en vrijetijdsvest Liverpool wordt gekenmerkt door bijzonder robuust en krasbestendig materiaal en hoge functionaliteit met comfort. De praktische en doordachte details maken ze onmisbaar voor hondensport en hondenbezitters.<\/p>\n<p><a href=\"https:\/\/dogpride.nl\/fr\/\"><img loading=\"lazy\" decoding=\"async\" class=\"alignnone\" title=\"SPEED-DOGSPORT trainingsvest Liverpool Maat 2XL\" src=\"https:\/\/dogpride.nl\/wp-content\/uploads\/dog-sports-vest-liverpool-1.webp\" alt=\"SPEED-DOGSPORT trainingsvest Liverpool Maat 2XL\" width=\"132\" height=\"132\" \/><\/a><\/p>\n<h4>Het gebruikte materiaal is zeer goed licht reflecterend dat als toepassing heeft om uw passieve veiligheid te vergroten er altijd voor zorgt dat u goed herkend wordt in het donker.<\/h4>\n<ul>\n<li>Gilet de sport et de loisirs pour chien avec collier<\/li>\n<li>Capuche d\u00e9tachable<\/li>\n<li>Hydrofuge et r\u00e9sistant aux rayures<\/li>\n<li>Apparence \u00e0 la mode<\/li>\n<li>Confort de port \u00e9lev\u00e9<\/li>\n<li>Mat\u00e9riau r\u00e9sistant \u00e0 l&#039;usure<\/li>\n<li>Dos avec ventilation<\/li>\n<li>Doublure en maille confortable et moderne<\/li>\n<li>Ourlet ajustable<\/li>\n<li>2 poches poitrine zipp\u00e9es pour t\u00e9l\u00e9phone portable, portefeuille, etc.<\/li>\n<li>Poche kangourou \u00e0 l&#039;arri\u00e8re (continue)<\/li>\n<li>Poches spacieuses sur le devant<\/li>\n<li>Suffisamment de poches pour transporter le mat\u00e9riel d&#039;entra\u00eenement n\u00e9cessaire<\/li>\n<li>Anneau pour laisse<\/li>\n<li>Fermetures \u00e9clair YKK de haute qualit\u00e9<\/li>\n<li>Petit accessoire en os sur la fermeture \u00e9clair<\/li>\n<\/ul>\n<p>Verkrijgbaar in de kleuren: Geel\/Zwart<\/p>\n<p><a href=\"https:\/\/store.dm-motorsport.com\/de\/\" target=\"_blank\" rel=\"noopener\"><img loading=\"lazy\" decoding=\"async\" class=\"alignnone\" title=\"SPEED-DOGSPORT trainingsvest Liverpool Maat 2XL\" src=\"https:\/\/dogpride.nl\/wp-content\/uploads\/dog-sports-vest-liverpool-1.webp\" alt=\"SPEED-DOGSPORT trainingsvest Liverpool Maat 2XL\" width=\"132\" height=\"132\" \/><\/a><\/p>\n<p>Maten: 2XL<\/p>\n<p>Mat\u00e9riau : serg\u00e9 de nylon 80% * | Polyester 20%<br \/>\nLavable \u00e0 30\u00b0C.<\/p>\n<p>* Nylon Twill = Le tissu est tiss\u00e9 avec une cha\u00eene en nylon (brillant et mat) et en nylon trait\u00e9 avec Taslan avec une structure extr\u00eamement dense pour une plus grande durabilit\u00e9 et r\u00e9sistance \u00e0 l&#039;abrasion.<\/p>\n<p><strong>Tableau des tailles:<\/strong><\/p>\n<p><img loading=\"lazy\" decoding=\"async\" class=\"alignnone wp-image-75310 size-large\" src=\"https:\/\/www.dogpride.nl\/wp-content\/uploads\/Maattabel-Bristol-1024x726.jpg\" alt=\"\" width=\"1024\" height=\"726\" srcset=\"https:\/\/dogpride.nl\/wp-content\/uploads\/Maattabel-Bristol-1024x726.jpg 1024w, https:\/\/dogpride.nl\/wp-content\/uploads\/Maattabel-Bristol-250x177.jpg 250w, https:\/\/dogpride.nl\/wp-content\/uploads\/Maattabel-Bristol-400x284.jpg 400w, https:\/\/dogpride.nl\/wp-content\/uploads\/Maattabel-Bristol-300x214.jpg 300w, https:\/\/dogpride.nl\/wp-content\/uploads\/Maattabel-Bristol-768x545.jpg 768w, https:\/\/dogpride.nl\/wp-content\/uploads\/Maattabel-Bristol-200x142.jpg 200w, https:\/\/dogpride.nl\/wp-content\/uploads\/Maattabel-Bristol-600x425.jpg 600w, https:\/\/dogpride.nl\/wp-content\/uploads\/Maattabel-Bristol-800x567.jpg 800w, https:\/\/dogpride.nl\/wp-content\/uploads\/Maattabel-Bristol.jpg 1114w\" sizes=\"auto, (max-width: 1024px) 100vw, 1024px\" \/><\/p>\n<p>Speed \u200b\u200bDogsport\u00ae la nouvelle marque autour des sports canins. V\u00eatements de sport d&#039;ext\u00e9rieur et pour chiens, accessoires pour chiens, jouets, fournitures de club et bien plus encore !<br \/>\nSpeed-Dogsport du fabricant de la marque Speed-Racewear, connue depuis plus de 20 ans et prosp\u00e8re sur le march\u00e9 en tant que fabricant de v\u00eatements de sport automobile et de karting.<br \/>\nDes v\u00eatements innovants et fonctionnels d&#039;athl\u00e8tes canins pour des athl\u00e8tes canins. Nos produits ont \u00e9t\u00e9 d\u00e9velopp\u00e9s en \u00e9troite collaboration avec des dresseurs de chiens et des athl\u00e8tes canins et ont d\u00e9j\u00e0 \u00e9t\u00e9 largement test\u00e9s sur des pistes canines et dans des activit\u00e9s de loisirs.<br \/>\nD&#039;autres produits sont en cours de planification et seront bient\u00f4t ajout\u00e9s \u00e0 notre magasin.<\/p>\n<p><img loading=\"lazy\" decoding=\"async\" class=\"alignnone size-medium wp-image-75332\" src=\"https:\/\/www.dogpride.nl\/wp-content\/uploads\/Logo-Speed-dogsport-300x116.jpg\" alt=\"\" width=\"300\" height=\"116\" srcset=\"https:\/\/dogpride.nl\/wp-content\/uploads\/Logo-Speed-dogsport-300x116.jpg 300w, https:\/\/dogpride.nl\/wp-content\/uploads\/Logo-Speed-dogsport-250x96.jpg 250w, https:\/\/dogpride.nl\/wp-content\/uploads\/Logo-Speed-dogsport-320x124.jpg 320w, https:\/\/dogpride.nl\/wp-content\/uploads\/Logo-Speed-dogsport-200x77.jpg 200w, https:\/\/dogpride.nl\/wp-content\/uploads\/Logo-Speed-dogsport.jpg 322w\" sizes=\"auto, (max-width: 300px) 100vw, 300px\" \/><\/p>\n<p>&nbsp;<\/p>\n<p><a href=\"https:\/\/devrolijkekwispel.nl\/\" target=\"_blank\" rel=\"noopener\">Dogpride NL parraine Kelly Albers<\/a><\/p>\n<p><em>Je (Kelly Albers) suis active dans le secteur animal depuis 2015. Apr\u00e8s avoir suivi plusieurs formations, avoir acquis de nombreuses ann\u00e9es d&#039;exp\u00e9rience dans les sports canins et avoir travaill\u00e9 pour plusieurs entreprises animali\u00e8res pendant plusieurs ann\u00e9es.<\/em><br \/>\n<em>En mai 2018, j&#039;ai atteint un sommet dans ma carri\u00e8re de sport canin. Je suis devenu champion du monde WDSF dans la classe ipo2 et j&#039;ai ensuite particip\u00e9 au championnat n\u00e9erlandais toutes races.<\/em><\/p>","protected":false},"excerpt":{"rendered":"<p>SPEED-DOGSPORT trainingsvest Liverpool Maat 2XL. Speed \u200b\u200bDogsport hondensport- en vrijetijdsvest BRISTOL wordt gekenmerkt door bijzonder robuust en krasbestendig materiaal en hoge functionaliteit met comfort. <strong>Maat 2XL Kleur Geel-Zwart<\/strong><\/p>","protected":false},"featured_media":132088,"template":"","meta":[],"product_brand":[],"product_cat":[5230],"product_tag":[],"class_list":{"0":"post-132087","1":"product","2":"type-product","3":"status-publish","4":"has-post-thumbnail","6":"product_cat-sale","7":"product_shipping_class-vast-tarief-eu-overig","9":"first","10":"instock","11":"sale","12":"taxable","13":"shipping-taxable","14":"purchasable","15":"product-type-simple"},"mb":[],"mfb_rest_fields":["title"],"_links":{"self":[{"href":"https:\/\/dogpride.nl\/fr\/wp-json\/wp\/v2\/product\/132087","targetHints":{"allow":["GET"]}}],"collection":[{"href":"https:\/\/dogpride.nl\/fr\/wp-json\/wp\/v2\/product"}],"about":[{"href":"https:\/\/dogpride.nl\/fr\/wp-json\/wp\/v2\/types\/product"}],"wp:featuredmedia":[{"embeddable":true,"href":"https:\/\/dogpride.nl\/fr\/wp-json\/wp\/v2\/media\/132088"}],"wp:attachment":[{"href":"https:\/\/dogpride.nl\/fr\/wp-json\/wp\/v2\/media?parent=132087"}],"wp:term":[{"taxonomy":"product_brand","embeddable":true,"href":"https:\/\/dogpride.nl\/fr\/wp-json\/wp\/v2\/product_brand?post=132087"},{"taxonomy":"product_cat","embeddable":true,"href":"https:\/\/dogpride.nl\/fr\/wp-json\/wp\/v2\/product_cat?post=132087"},{"taxonomy":"product_tag","embeddable":true,"href":"https:\/\/dogpride.nl\/fr\/wp-json\/wp\/v2\/product_tag?post=132087"}],"curies":[{"name":"wp","href":"https:\/\/api.w.org\/{rel}","templated":true}]}}