{"id":131857,"date":"2025-05-25T19:19:59","date_gmt":"2025-05-25T17:19:59","guid":{"rendered":"https:\/\/dogpride.nl\/?post_type=product&#038;p=131857"},"modified":"2026-02-23T13:15:55","modified_gmt":"2026-02-23T12:15:55","slug":"owney-outdoor-nimbus-regenjas-dames-xl","status":"publish","type":"product","link":"https:\/\/dogpride.nl\/fr\/owney-outdoor-nimbus-regenjas-dames-xl\/","title":{"rendered":"Owney Outdoor NIMBUS Regenjas Dames XL"},"content":{"rendered":"<h4>Owney Outdoor NIMBUS Regenjas Dames XL<\/h4>\n<p>Owney Outdoor NIMBUS Regenjas Dames XL<\/p>\n<p>Owney Outdoor NIMBUS Imperm\u00e9able Femme<\/p>\n<p><a href=\"https:\/\/dogpride.nl\/fr\/\"><img loading=\"lazy\" decoding=\"async\" class=\"alignnone\" title=\"Owney Outdoor NIMBUS Regenjas Dames XL\" src=\"https:\/\/dogpride.nl\/wp-content\/uploads\/18675_1_600x600.jpg\" alt=\"Owney Outdoor NIMBUS Regenjas Dames XL\" width=\"114\" height=\"114\" \/><\/a><\/p>\n<p>Veste ext\u00e9rieure l\u00e9g\u00e8re, imperm\u00e9able et coupe-vent, respirante avec capuche fixe et coutures enti\u00e8rement soud\u00e9es, fermeture \u00e0 glissi\u00e8re avant YKK \u00e0 2 voies, ceinture tricot\u00e9e sur la manche, r\u00e9flecteurs pour une meilleure visibilit\u00e9, sac \u00e0 friandises amovible et r\u00e9servoir de sac \u00e0 caca, extra long (longueur avant \u00e0 partir de l&#039;\u00e9paule \u00e0 la taille M = environ 120 cm)<\/p>\n<ul class=\"product--base-info list--unstyled\">\n<li class=\"base-info--entry entry-attribute\"><strong class=\"entry--label\">Mat\u00e9riel:<\/strong>\u00a0<span class=\"entry--content\">Tissu ext\u00e9rieur 100% polyamide, doublure 100% polyester<\/span><\/li>\n<li><strong>Couleur:<\/strong> Anthracite<\/li>\n<\/ul>\n<p>Le temps que nous passons ensemble dans la nature est une partie importante de la vie commune entre humains et chiens\u00a0!<br \/>\nOWNEY OUTDOOR propose des produits fiables et innovants pour ce moment pr\u00e9cieux tout au long de l&#039;ann\u00e9e et pour toutes les conditions m\u00e9t\u00e9orologiques.<\/p>\n<p><a href=\"https:\/\/dogpride.nl\/fr\/\"><img loading=\"lazy\" decoding=\"async\" class=\"alignnone\" title=\"Owney Outdoor NIMBUS Regenjas Dames XL\" src=\"https:\/\/dogpride.nl\/wp-content\/uploads\/18675_1_600x600.jpg\" alt=\"Owney Outdoor NIMBUS Regenjas Dames XL\" width=\"114\" height=\"114\" \/><\/a><\/p>\n<p><strong>Tableau des tailles:<\/strong><\/p>\n<p><img loading=\"lazy\" decoding=\"async\" class=\"alignnone size-full wp-image-92792\" src=\"https:\/\/www.dogpride.nl\/wp-content\/uploads\/18675_2_600x600.jpg\" alt=\"Maattabel\" width=\"424\" height=\"600\" srcset=\"https:\/\/dogpride.nl\/wp-content\/uploads\/18675_2_600x600.jpg 424w, https:\/\/dogpride.nl\/wp-content\/uploads\/18675_2_600x600-250x354.jpg 250w, https:\/\/dogpride.nl\/wp-content\/uploads\/18675_2_600x600-400x566.jpg 400w, https:\/\/dogpride.nl\/wp-content\/uploads\/18675_2_600x600-212x300.jpg 212w, https:\/\/dogpride.nl\/wp-content\/uploads\/18675_2_600x600-200x283.jpg 200w\" sizes=\"auto, (max-width: 424px) 100vw, 424px\" \/><\/p>\n<p>&nbsp;<\/p>\n<p><a href=\"https:\/\/owney.de\/\" target=\"_blank\" rel=\"noopener\"><img loading=\"lazy\" decoding=\"async\" class=\"TZ--description-logo2 alignnone\" src=\"https:\/\/owney.de\/media\/logo.png\" alt=\"\" width=\"139\" height=\"66\" \/><\/a><\/p>","protected":false},"excerpt":{"rendered":"<p>Lichtgewicht, waterdicht en winddicht, ademende buitenjas met vaste capuchon en volledig gelaste naden, YKK-2-weg ritssluiting aan de voorkant, gebreide tailleband op de mouw, reflectoren voor betere zichtbaarheid, afneembare traktatietas en poeptasreservoir. <strong>Taille XL<\/strong><\/p>","protected":false},"featured_media":92788,"template":"","meta":[],"product_brand":[],"product_cat":[5230],"product_tag":[4768,6544,24576,6423,4069,2969],"class_list":{"0":"post-131857","1":"product","2":"type-product","3":"status-publish","4":"has-post-thumbnail","6":"product_cat-sale","7":"product_tag-dames","8":"product_tag-lang","9":"product_tag-nimbus","10":"product_tag-owney","11":"product_tag-regenjas","12":"product_tag-zwart","13":"product_shipping_class-vast-tarief-eu-overig","15":"first","16":"instock","17":"sale","18":"taxable","19":"shipping-taxable","20":"purchasable","21":"product-type-simple"},"mb":[],"mfb_rest_fields":["title"],"_links":{"self":[{"href":"https:\/\/dogpride.nl\/fr\/wp-json\/wp\/v2\/product\/131857","targetHints":{"allow":["GET"]}}],"collection":[{"href":"https:\/\/dogpride.nl\/fr\/wp-json\/wp\/v2\/product"}],"about":[{"href":"https:\/\/dogpride.nl\/fr\/wp-json\/wp\/v2\/types\/product"}],"wp:featuredmedia":[{"embeddable":true,"href":"https:\/\/dogpride.nl\/fr\/wp-json\/wp\/v2\/media\/92788"}],"wp:attachment":[{"href":"https:\/\/dogpride.nl\/fr\/wp-json\/wp\/v2\/media?parent=131857"}],"wp:term":[{"taxonomy":"product_brand","embeddable":true,"href":"https:\/\/dogpride.nl\/fr\/wp-json\/wp\/v2\/product_brand?post=131857"},{"taxonomy":"product_cat","embeddable":true,"href":"https:\/\/dogpride.nl\/fr\/wp-json\/wp\/v2\/product_cat?post=131857"},{"taxonomy":"product_tag","embeddable":true,"href":"https:\/\/dogpride.nl\/fr\/wp-json\/wp\/v2\/product_tag?post=131857"}],"curies":[{"name":"wp","href":"https:\/\/api.w.org\/{rel}","templated":true}]}}