{"id":131823,"date":"2025-05-25T19:08:40","date_gmt":"2025-05-25T17:08:40","guid":{"rendered":"https:\/\/dogpride.nl\/?post_type=product&#038;p=131823"},"modified":"2025-11-16T11:39:28","modified_gmt":"2025-11-16T10:39:28","slug":"gappay-trainingsvest-suprima-unisex-zwart-xl","status":"publish","type":"product","link":"https:\/\/dogpride.nl\/fr\/gappay-trainingsvest-suprima-unisex-zwart-xl\/","title":{"rendered":"GAPPAY Trainingsvest SUPRIMA Unisex Zwart XL"},"content":{"rendered":"<h4>GAPPAY Trainingsvest SUPRIMA Unisex Zwart XL<\/h4>\n<p>GAPPAY Trainingsvest SUPRIMA Unisex . Dit fine trainingsvest bevat de volgende eigenschappen.<\/p>\n<ul>\n<li>Double fermeture \u00e9clair<\/li>\n<li>Disponible en six couleurs (noir, rouge, jaune, bleu, rose et vert)<\/li>\n<li>Grandes poches kangourou pour tous les essentiels<\/li>\n<li>Poches poitrine en biais<\/li>\n<li>Ouverture d&#039;entr\u00e9e \u00e0 l&#039;arri\u00e8re<\/li>\n<li>Poche zipp\u00e9e dissimul\u00e9e sur la poitrine, par exemple argent, t\u00e9l\u00e9phone portable<\/li>\n<li>Doublure \u00e0 la pointe de la technologie<\/li>\n<li>Conception lisse<\/li>\n<li>Finition la plus fine de haute qualit\u00e9 Gappay<\/li>\n<li>couleurs fra\u00eeches modernes<\/li>\n<li><strong>Ce mod\u00e8le est unisexe<\/strong><\/li>\n<\/ul>\n<p><img loading=\"lazy\" decoding=\"async\" class=\"alignnone wp-image-70213 size-full\" src=\"https:\/\/www.dogpride.nl\/wp-content\/uploads\/Tabelle-1562-1.jpg\" alt=\"Maattabel\" width=\"600\" height=\"600\" srcset=\"https:\/\/dogpride.nl\/wp-content\/uploads\/Tabelle-1562-1.jpg 600w, https:\/\/dogpride.nl\/wp-content\/uploads\/Tabelle-1562-1-250x250.jpg 250w, https:\/\/dogpride.nl\/wp-content\/uploads\/Tabelle-1562-1-100x100.jpg 100w, https:\/\/dogpride.nl\/wp-content\/uploads\/Tabelle-1562-1-400x400.jpg 400w, https:\/\/dogpride.nl\/wp-content\/uploads\/Tabelle-1562-1-300x300.jpg 300w, https:\/\/dogpride.nl\/wp-content\/uploads\/Tabelle-1562-1-150x150.jpg 150w, https:\/\/dogpride.nl\/wp-content\/uploads\/Tabelle-1562-1-66x66.jpg 66w, https:\/\/dogpride.nl\/wp-content\/uploads\/Tabelle-1562-1-200x200.jpg 200w\" sizes=\"auto, (max-width: 600px) 100vw, 600px\" \/><\/p>\n<p><a href=\"https:\/\/www.gappay-hundesport.com\/en\" target=\"_blank\" rel=\"noopener\"><img loading=\"lazy\" decoding=\"async\" class=\"alignnone wp-image-142913 size-medium\" src=\"https:\/\/dogpride.nl\/wp-content\/uploads\/gappay_logo-4-300x63.jpg\" alt=\"Logo Gappay\" width=\"300\" height=\"63\" srcset=\"https:\/\/dogpride.nl\/wp-content\/uploads\/gappay_logo-4-300x63.jpg 300w, https:\/\/dogpride.nl\/wp-content\/uploads\/gappay_logo-4-18x4.jpg 18w, https:\/\/dogpride.nl\/wp-content\/uploads\/gappay_logo-4-250x52.jpg 250w, https:\/\/dogpride.nl\/wp-content\/uploads\/gappay_logo-4.jpg 305w\" sizes=\"auto, (max-width: 300px) 100vw, 300px\" \/><\/a><\/p>\n<p><a href=\"https:\/\/dogpride.nl\/fr\/kleding\/trainingsvesten\/gappay-trainingsvesten\/\"><img loading=\"lazy\" decoding=\"async\" class=\"alignnone\" title=\"GAPPAY Trainingsvest SUPRIMA Unisex \" src=\"https:\/\/dogpride.nl\/wp-content\/uploads\/3176-60decc4d9811a-150x150.jpg\" alt=\"GAPPAY Trainingsvest SUPRIMA Unisex \" width=\"150\" height=\"150\" \/><\/a><\/p>","protected":false},"excerpt":{"rendered":"<p>Ce beau gilet d&#039;entra\u00eenement Gappay contient les caract\u00e9ristiques suivantes. Double fermeture \u00e9clair. Disponible en six couleurs (noir, rouge, jaune, bleu, rose et vert). Grandes poches kangourou pour tous les essentiels.<strong> Taille XL<\/strong><\/p>","protected":false},"featured_media":131855,"template":"","meta":[],"product_brand":[],"product_cat":[5230],"product_tag":[],"class_list":{"0":"post-131823","1":"product","2":"type-product","3":"status-publish","4":"has-post-thumbnail","6":"product_cat-sale","7":"product_shipping_class-vast-tarief-eu-overig","9":"first","10":"instock","11":"sale","12":"taxable","13":"shipping-taxable","14":"purchasable","15":"product-type-simple"},"mb":[],"mfb_rest_fields":["title"],"_links":{"self":[{"href":"https:\/\/dogpride.nl\/fr\/wp-json\/wp\/v2\/product\/131823","targetHints":{"allow":["GET"]}}],"collection":[{"href":"https:\/\/dogpride.nl\/fr\/wp-json\/wp\/v2\/product"}],"about":[{"href":"https:\/\/dogpride.nl\/fr\/wp-json\/wp\/v2\/types\/product"}],"wp:featuredmedia":[{"embeddable":true,"href":"https:\/\/dogpride.nl\/fr\/wp-json\/wp\/v2\/media\/131855"}],"wp:attachment":[{"href":"https:\/\/dogpride.nl\/fr\/wp-json\/wp\/v2\/media?parent=131823"}],"wp:term":[{"taxonomy":"product_brand","embeddable":true,"href":"https:\/\/dogpride.nl\/fr\/wp-json\/wp\/v2\/product_brand?post=131823"},{"taxonomy":"product_cat","embeddable":true,"href":"https:\/\/dogpride.nl\/fr\/wp-json\/wp\/v2\/product_cat?post=131823"},{"taxonomy":"product_tag","embeddable":true,"href":"https:\/\/dogpride.nl\/fr\/wp-json\/wp\/v2\/product_tag?post=131823"}],"curies":[{"name":"wp","href":"https:\/\/api.w.org\/{rel}","templated":true}]}}