{"id":131755,"date":"2025-05-25T17:01:58","date_gmt":"2025-05-25T15:01:58","guid":{"rendered":"https:\/\/dogpride.nl\/?post_type=product&#038;p=131755"},"modified":"2026-02-23T13:23:56","modified_gmt":"2026-02-23T12:23:56","slug":"dogger-winterhoodie-heren-blauw-l","status":"publish","type":"product","link":"https:\/\/dogpride.nl\/fr\/dogger-winterhoodie-heren-blauw-l\/","title":{"rendered":"DOGGER Winterhoodie Heren Blauw L"},"content":{"rendered":"<h4>DOGGER Winterhoodie Heren Blauw L<\/h4>\n<p>DOGGER Winterhoodie Heren Blauw L<\/p>\n<div id=\"description-tab-pane\" class=\"tab-pane fade show active\" role=\"tabpanel\" aria-labelledby=\"description-tab\">\n<div class=\"offcanvas-content-container\">\n<div class=\"product-detail-description tab-pane-container\">\n<div class=\"product-detail-description-text\">\n<p><strong>Dogger winter hoodie mannen met donzige warme voering in de mouwen tot aan de manchetten.<br \/>\nLa poche arri\u00e8re suppl\u00e9mentaire offre plus d&#039;espace de stockage.<\/strong><\/p>\n<\/div>\n<p><a href=\"https:\/\/dogpride.nl\/fr\/\"><img loading=\"lazy\" decoding=\"async\" class=\"alignnone\" title=\"DOGGER Winterhoodie Heren Blauw L\" src=\"https:\/\/dogpride.nl\/wp-content\/uploads\/1974_4.png\" alt=\"DOGGER Winterhoodie Heren Blauw L\" width=\"272\" height=\"272\" \/><\/a><\/p>\n<div class=\"product-detail-description-text\">\n<p>Mat\u00e9riau : \u2013 Tissu ext\u00e9rieur : 65 coton %, 35 polyester %<br \/>\n- Garniture:<br \/>\n100 polyester %<\/p>\n<p><strong>Couleur:<\/strong> Brun<\/p>\n<p><strong>Disponible en tailles :<\/strong> L<\/p>\n<p><strong>Pr\u00e9occupation:<\/strong>\u00a0Lavable \u00e0 30 degr\u00e9s et peut \u00eatre repass\u00e9 au niveau un (110 degr\u00e9s). Ne convient pas au s\u00e8che-linge.<\/p>\n<p><a href=\"https:\/\/dogpride.nl\/fr\/\"><img loading=\"lazy\" decoding=\"async\" class=\"alignnone\" title=\"DOGGER Winterhoodie Heren Blauw L\" src=\"https:\/\/dogpride.nl\/wp-content\/uploads\/1974_4.png\" alt=\"DOGGER Winterhoodie Heren Blauw L\" width=\"272\" height=\"272\" \/><\/a><\/p>\n<\/div>\n<\/div>\n<\/div>\n<\/div>\n<h3>Tableau des tailles:<\/h3>\n<div id=\"technische-daten-tab-pane\" class=\"tab-pane fade show active\" role=\"tabpanel\" aria-labelledby=\"technische-daten-tab\">\n<table border=\"1\" cellspacing=\"2\" cellpadding=\"2\">\n<tbody>\n<tr>\n<td>Taille<\/td>\n<td>Longueur du dos<\/td>\n<td>Tour de poitrine<\/td>\n<\/tr>\n<tr>\n<td>XS<\/td>\n<td>68cm<\/td>\n<td>114cm<\/td>\n<\/tr>\n<tr>\n<td>S<\/td>\n<td>70cm<\/td>\n<td>118cm<\/td>\n<\/tr>\n<tr>\n<td>m<\/td>\n<td>72cm<\/td>\n<td>122cm<\/td>\n<\/tr>\n<tr>\n<td>L<\/td>\n<td>74cm<\/td>\n<td>126cm<\/td>\n<\/tr>\n<tr>\n<td>XL<\/td>\n<td>76cm<\/td>\n<td>130cm<\/td>\n<\/tr>\n<tr>\n<td>2XL<\/td>\n<td>78cm<\/td>\n<td>134cm<\/td>\n<\/tr>\n<tr>\n<td>3XL<\/td>\n<td>80cm<\/td>\n<td>138cm<\/td>\n<\/tr>\n<\/tbody>\n<\/table>\n<p><a href=\"https:\/\/dogpride.nl\/fr\/sale\/?product-page=2\"><img loading=\"lazy\" decoding=\"async\" class=\"alignnone\" title=\"DOGGER Winterhoodie Heren Blauw L\" src=\"https:\/\/dogpride.nl\/wp-content\/uploads\/1974_4-150x150.png\" alt=\"DOGGER Winterhoodie Heren Blauw L\" width=\"150\" height=\"150\" \/><\/a><\/p>\n<p><span style=\"color: #ffffff;\"><a style=\"color: #ffffff;\" href=\"https:\/\/www.dogger.ch\/en?srsltid=AfmBOorIP2egpomlEo1h-zO4F8QsItra6Ti6GiovUIKiRr7_4Kj8vLi0\" target=\"_blank\" rel=\"noopener\">https:\/\/www.dogger.ch\/en?srsltid=AfmBOorIP2egpomlEo1h-zO4F8QsItra6Ti6GiovUIKiRr7_4Kj8vLi0<\/a><\/span><\/p>\n<\/div>","protected":false},"excerpt":{"rendered":"<p>Sweat \u00e0 capuche d&#039;hiver Dogger pour hommes avec doublure chaude et moelleuse dans les manches jusqu&#039;aux poignets. La poche arri\u00e8re suppl\u00e9mentaire offre plus d&#039;espace de stockage. <strong>Kleur nachtblauw. Maat L<\/strong><\/p>\n<p style=\"text-align: center;\"><span style=\"color: #ff0000;\"><strong>Producten in de Sale kunnen niet worden geretourneerd!<\/strong><\/span><\/p>","protected":false},"featured_media":131763,"template":"","meta":[],"product_brand":[],"product_cat":[5230],"product_tag":[5392,5384,5387,3208,5385],"class_list":{"0":"post-131755","1":"product","2":"type-product","3":"status-publish","4":"has-post-thumbnail","6":"product_cat-sale","7":"product_tag-bruin","8":"product_tag-dogger","9":"product_tag-donkerblauw","10":"product_tag-heren","11":"product_tag-winterhoodie","12":"product_shipping_class-vast-tarief-eu-overig","14":"first","15":"instock","16":"sale","17":"taxable","18":"shipping-taxable","19":"purchasable","20":"product-type-simple"},"mb":[],"mfb_rest_fields":["title"],"_links":{"self":[{"href":"https:\/\/dogpride.nl\/fr\/wp-json\/wp\/v2\/product\/131755","targetHints":{"allow":["GET"]}}],"collection":[{"href":"https:\/\/dogpride.nl\/fr\/wp-json\/wp\/v2\/product"}],"about":[{"href":"https:\/\/dogpride.nl\/fr\/wp-json\/wp\/v2\/types\/product"}],"wp:featuredmedia":[{"embeddable":true,"href":"https:\/\/dogpride.nl\/fr\/wp-json\/wp\/v2\/media\/131763"}],"wp:attachment":[{"href":"https:\/\/dogpride.nl\/fr\/wp-json\/wp\/v2\/media?parent=131755"}],"wp:term":[{"taxonomy":"product_brand","embeddable":true,"href":"https:\/\/dogpride.nl\/fr\/wp-json\/wp\/v2\/product_brand?post=131755"},{"taxonomy":"product_cat","embeddable":true,"href":"https:\/\/dogpride.nl\/fr\/wp-json\/wp\/v2\/product_cat?post=131755"},{"taxonomy":"product_tag","embeddable":true,"href":"https:\/\/dogpride.nl\/fr\/wp-json\/wp\/v2\/product_tag?post=131755"}],"curies":[{"name":"wp","href":"https:\/\/api.w.org\/{rel}","templated":true}]}}