{"id":131741,"date":"2025-05-24T12:34:29","date_gmt":"2025-05-24T10:34:29","guid":{"rendered":"https:\/\/dogpride.nl\/?post_type=product&#038;p=131741"},"modified":"2026-02-23T13:24:59","modified_gmt":"2026-02-23T12:24:59","slug":"gappay-trainingsvest-profi-unisex-s","status":"publish","type":"product","link":"https:\/\/dogpride.nl\/fr\/gappay-trainingsvest-profi-unisex-s\/","title":{"rendered":"GAPPAY Trainingsvest PROFI Unisex S"},"content":{"rendered":"<h4>GAPPAY Trainingsvest PROFI Unisex S<\/h4>\n<p>GAPPAY Trainingsvest PROFI Unisex S<\/p>\n<p><a href=\"https:\/\/dogpride.nl\/fr\/\"><img loading=\"lazy\" decoding=\"async\" class=\"alignnone\" title=\"GAPPAY Trainingsvest PROFI Unisex S\" src=\"https:\/\/dogpride.nl\/wp-content\/uploads\/3235-60ffefbe45b39.jpg\" alt=\"GAPPAY Trainingsvest PROFI Unisex S\" width=\"155\" height=\"155\" \/><\/a><\/p>\n<ul>\n<li>Le gilet est en nylon l\u00e9ger<br \/>\nTr\u00e8s bien fait<br \/>\nConfortable \u00e0 porter<br \/>\nPoss\u00e8de des poches spacieuses<br \/>\nUne grande poche kangourou sur les hanches<br \/>\nDeux poches poitrine pouvant \u00eatre ferm\u00e9es<br \/>\nAnneau sur le bassin pour la ceinture<br \/>\nUne grande poche pleine longueur sur les fesses<br \/>\nLes poches sont facilement accessibles gr\u00e2ce aux coins sp\u00e9ciaux<br \/>\nMeilleure qualit\u00e9<br \/>\nNouvelles fermetures \u00e9clair<br \/>\nMat\u00e9riaux am\u00e9lior\u00e9s<br \/>\nNombreuses poches spacieuses sur le devant<br \/>\nPoches poitrine verrouillables<br \/>\nMat\u00e9riau tr\u00e8s r\u00e9sistant \u00e0 l&#039;usure<br \/>\nHydrofuge<br \/>\nTr\u00e8s respirant<br \/>\nR\u00e9sistant aux rayures<br \/>\n<strong>Ce mod\u00e8le est unisexe<\/strong><\/li>\n<\/ul>\n<p><a href=\"https:\/\/dogpride.nl\/fr\/\"><img loading=\"lazy\" decoding=\"async\" class=\"alignnone\" title=\"GAPPAY Trainingsvest PROFI Unisex S\" src=\"https:\/\/dogpride.nl\/wp-content\/uploads\/3235-60ffefbe45b39.jpg\" alt=\"GAPPAY Trainingsvest PROFI Unisex S\" width=\"155\" height=\"155\" \/><\/a><\/p>\n<p><a href=\"https:\/\/www.gappay-hundesport.com\/en\" target=\"_blank\" rel=\"noopener\"><img loading=\"lazy\" decoding=\"async\" class=\"alignnone wp-image-88179 size-full\" src=\"https:\/\/dogpride.nl\/wp-content\/uploads\/Tabelle-1590-en-1597.jpg\" alt=\"GAPPAY Trainingsvest PROFI Unisex\" width=\"600\" height=\"600\" srcset=\"https:\/\/dogpride.nl\/wp-content\/uploads\/Tabelle-1590-en-1597.jpg 600w, https:\/\/dogpride.nl\/wp-content\/uploads\/Tabelle-1590-en-1597-250x250.jpg 250w, https:\/\/dogpride.nl\/wp-content\/uploads\/Tabelle-1590-en-1597-100x100.jpg 100w, https:\/\/dogpride.nl\/wp-content\/uploads\/Tabelle-1590-en-1597-400x400.jpg 400w, https:\/\/dogpride.nl\/wp-content\/uploads\/Tabelle-1590-en-1597-300x300.jpg 300w, https:\/\/dogpride.nl\/wp-content\/uploads\/Tabelle-1590-en-1597-150x150.jpg 150w, https:\/\/dogpride.nl\/wp-content\/uploads\/Tabelle-1590-en-1597-66x66.jpg 66w, https:\/\/dogpride.nl\/wp-content\/uploads\/Tabelle-1590-en-1597-200x200.jpg 200w\" sizes=\"auto, (max-width: 600px) 100vw, 600px\" \/><\/a><\/p>","protected":false},"excerpt":{"rendered":"<p>Gilet d&#039;entra\u00eenement PROFI Unisexe. Le gilet est fait d&#039;un mat\u00e9riau en nylon l\u00e9ger. Confortable \u00e0 porter. Une grande poche kangourou sur les hanches. Deux poches poitrine pouvant \u00eatre ferm\u00e9es. <strong>Taille S<\/strong><\/p>\n<p style=\"text-align: center;\"><span style=\"color: #ff0000;\"><strong>Producten in de Sale kunnen niet worden geretourneerd!<\/strong><\/span><\/p>","protected":false},"featured_media":88181,"template":"","meta":[],"product_brand":[],"product_cat":[5230],"product_tag":[3331,7503,4144,4763],"class_list":{"0":"post-131741","1":"product","2":"type-product","3":"status-publish","4":"has-post-thumbnail","6":"product_cat-sale","7":"product_tag-gappay","8":"product_tag-profi","9":"product_tag-trainingsvest","10":"product_tag-unisex","11":"product_shipping_class-vast-tarief-eu-overig","13":"first","14":"instock","15":"sale","16":"taxable","17":"shipping-taxable","18":"purchasable","19":"product-type-simple"},"mb":[],"mfb_rest_fields":["title"],"_links":{"self":[{"href":"https:\/\/dogpride.nl\/fr\/wp-json\/wp\/v2\/product\/131741","targetHints":{"allow":["GET"]}}],"collection":[{"href":"https:\/\/dogpride.nl\/fr\/wp-json\/wp\/v2\/product"}],"about":[{"href":"https:\/\/dogpride.nl\/fr\/wp-json\/wp\/v2\/types\/product"}],"wp:featuredmedia":[{"embeddable":true,"href":"https:\/\/dogpride.nl\/fr\/wp-json\/wp\/v2\/media\/88181"}],"wp:attachment":[{"href":"https:\/\/dogpride.nl\/fr\/wp-json\/wp\/v2\/media?parent=131741"}],"wp:term":[{"taxonomy":"product_brand","embeddable":true,"href":"https:\/\/dogpride.nl\/fr\/wp-json\/wp\/v2\/product_brand?post=131741"},{"taxonomy":"product_cat","embeddable":true,"href":"https:\/\/dogpride.nl\/fr\/wp-json\/wp\/v2\/product_cat?post=131741"},{"taxonomy":"product_tag","embeddable":true,"href":"https:\/\/dogpride.nl\/fr\/wp-json\/wp\/v2\/product_tag?post=131741"}],"curies":[{"name":"wp","href":"https:\/\/api.w.org\/{rel}","templated":true}]}}