{"id":131723,"date":"2025-05-24T12:15:00","date_gmt":"2025-05-24T10:15:00","guid":{"rendered":"https:\/\/dogpride.nl\/?post_type=product&#038;p=131723"},"modified":"2025-10-09T12:13:14","modified_gmt":"2025-10-09T10:13:14","slug":"owney-outdoor-softshell-vest-dames-basic-s","status":"publish","type":"product","link":"https:\/\/dogpride.nl\/fr\/owney-outdoor-softshell-vest-dames-basic-s\/","title":{"rendered":"Owney Outdoor Softshell Gilet Femme BASIC"},"content":{"rendered":"<h4>Owney Outdoor Softshell Gilet Femme BASIC<\/h4>\n<p>Owney Outdoor Softshell Gilet Femme BASIC<\/p>\n<p>Gilet softshell coupe-vent et d\u00e9perlant pour femme, sans capuche.<\/p>\n<ul class=\"product--base-info list--unstyled\">\n<li class=\"base-info--entry entry-attribute\"><strong class=\"entry--label\">Mat\u00e9riel:<\/strong>\u00a0<span class=\"entry--content\">Tissu ext\u00e9rieur polyester 96%, \u00e9lasthanne 4% \/ int\u00e9rieur (polaire) polyester 100%<\/span><\/li>\n<li><strong>Colorer:<\/strong> Rouge<\/li>\n<\/ul>\n<p>Le temps que nous passons ensemble dans la nature est une partie importante de la vie commune entre humains et chiens\u00a0!<br \/>\nOWNEY OUTDOOR propose des produits fiables et innovants pour ce moment pr\u00e9cieux tout au long de l&#039;ann\u00e9e et pour toutes les conditions m\u00e9t\u00e9orologiques.<\/p>\n<p><strong>Tableau des tailles:<\/strong><\/p>\n<p><img loading=\"lazy\" decoding=\"async\" class=\"alignnone size-full wp-image-92686\" src=\"https:\/\/www.dogpride.nl\/wp-content\/uploads\/18661_2_600x600.jpg\" alt=\"Maattabel\" width=\"600\" height=\"600\" srcset=\"https:\/\/dogpride.nl\/wp-content\/uploads\/18661_2_600x600.jpg 600w, https:\/\/dogpride.nl\/wp-content\/uploads\/18661_2_600x600-250x250.jpg 250w, https:\/\/dogpride.nl\/wp-content\/uploads\/18661_2_600x600-100x100.jpg 100w, https:\/\/dogpride.nl\/wp-content\/uploads\/18661_2_600x600-400x400.jpg 400w, https:\/\/dogpride.nl\/wp-content\/uploads\/18661_2_600x600-300x300.jpg 300w, https:\/\/dogpride.nl\/wp-content\/uploads\/18661_2_600x600-150x150.jpg 150w, https:\/\/dogpride.nl\/wp-content\/uploads\/18661_2_600x600-66x66.jpg 66w, https:\/\/dogpride.nl\/wp-content\/uploads\/18661_2_600x600-200x200.jpg 200w\" sizes=\"auto, (max-width: 600px) 100vw, 600px\" \/><\/p>\n<p>&nbsp;<\/p>\n<p><a href=\"https:\/\/owney.de\/\" target=\"_blank\" rel=\"noopener\"><img loading=\"lazy\" decoding=\"async\" class=\"alignnone\" src=\"https:\/\/owney.de\/media\/logo.png\" alt=\"\" width=\"139\" height=\"66\" \/><\/a><\/p>\n<p><a href=\"https:\/\/dogpride.nl\/fr\/kleding\/trainingsvesten\/\"><img loading=\"lazy\" decoding=\"async\" class=\"alignnone\" title=\"Owney Outdoor Softshell Gilet Femme BASIC \" src=\"https:\/\/dogpride.nl\/wp-content\/uploads\/18661_1a_600x600-150x150.jpg\" alt=\"Owney Outdoor Softshell Vest Dames BASIC \" width=\"150\" height=\"150\" \/><\/a><\/p>","protected":false},"excerpt":{"rendered":"<p>Winddicht en waterafstotend softshellvest voor dames, zonder capuchon. OWNEY OUTDOOR biedt betrouwbare en innovatieve producten voor deze kostbare tijd het hele jaar door en voor alle weersomstandigheden.<\/p>\n<p>&nbsp;<\/p>\n<p>&nbsp;<\/p>\n<p>&nbsp;<\/p>","protected":false},"featured_media":92681,"template":"","meta":[],"product_brand":[],"product_cat":[3993],"product_tag":[],"class_list":{"0":"post-131723","1":"product","2":"type-product","3":"status-publish","4":"has-post-thumbnail","6":"product_cat-owney-outdoor-trainingsvesten","7":"product_shipping_class-vast-tarief-eu-overig","9":"first","10":"instock","11":"taxable","12":"shipping-taxable","13":"purchasable","14":"product-type-variable"},"exclude_global_add_ons":[],"addons":[],"mb":[],"mfb_rest_fields":["title","exclude_global_add_ons","addons"],"_links":{"self":[{"href":"https:\/\/dogpride.nl\/fr\/wp-json\/wp\/v2\/product\/131723","targetHints":{"allow":["GET"]}}],"collection":[{"href":"https:\/\/dogpride.nl\/fr\/wp-json\/wp\/v2\/product"}],"about":[{"href":"https:\/\/dogpride.nl\/fr\/wp-json\/wp\/v2\/types\/product"}],"wp:featuredmedia":[{"embeddable":true,"href":"https:\/\/dogpride.nl\/fr\/wp-json\/wp\/v2\/media\/92681"}],"wp:attachment":[{"href":"https:\/\/dogpride.nl\/fr\/wp-json\/wp\/v2\/media?parent=131723"}],"wp:term":[{"taxonomy":"product_brand","embeddable":true,"href":"https:\/\/dogpride.nl\/fr\/wp-json\/wp\/v2\/product_brand?post=131723"},{"taxonomy":"product_cat","embeddable":true,"href":"https:\/\/dogpride.nl\/fr\/wp-json\/wp\/v2\/product_cat?post=131723"},{"taxonomy":"product_tag","embeddable":true,"href":"https:\/\/dogpride.nl\/fr\/wp-json\/wp\/v2\/product_tag?post=131723"}],"curies":[{"name":"wp","href":"https:\/\/api.w.org\/{rel}","templated":true}]}}