{"id":131665,"date":"2025-05-23T12:00:28","date_gmt":"2025-05-23T10:00:28","guid":{"rendered":"https:\/\/dogpride.nl\/?post_type=product&#038;p=131665"},"modified":"2026-02-23T13:30:31","modified_gmt":"2026-02-23T12:30:31","slug":"auto-hondenbed-travelmat-basic-l","status":"publish","type":"product","link":"https:\/\/dogpride.nl\/fr\/auto-hondenbed-travelmat-basic-l\/","title":{"rendered":"Auto hondenbed Travelmat Basic L"},"content":{"rendered":"<h4>Auto hondenbed Travelmat Basic L<\/h4>\n<p>Auto hondenbed Travelmat Basic L<\/p>\n<div class=\"ea-tab-text-container\">\n<p>Hond in de auto? Travelmat!<\/p>\n<p><a href=\"https:\/\/dogpride.nl\/fr\/\"><img loading=\"lazy\" decoding=\"async\" class=\"alignnone\" title=\"Auto hondenbed Travelmat Basic L\" src=\"https:\/\/dogpride.nl\/wp-content\/uploads\/travelmat-basic-autohundebett-kunstleder-grau-02_600x600.jpg\" alt=\"Auto hondenbed Travelmat Basic L\" width=\"326\" height=\"216\" \/><\/a><\/p>\n<\/div>\n<div class=\"ea-tab-text-container ea-text\">\n<div class=\"div_content\">\n<p class=\"beschreibung_spalte1\"><strong>Parfait pour les d\u00e9placements<\/strong><br \/>\nNa een regenachtige wandeling in het bos in de auto? Scherpe bochten of abrupt remmen? Krassen op de bumper en hondenhaar overal? Iedereen kent de eigenaardigheden van de relatie tussen je trouwe viervoeter en je voertuig: het is ingewikkeld.<br \/>\nMet Travelmat \u00ae zal alles nu anders zijn! Maximaal\u00a0<strong>confort<\/strong><\/p>\n<p class=\"beschreibung_spalte1\">Travelmat \u00ae est compos\u00e9 d&#039;une tige en cuir synth\u00e9tique extr\u00eamement r\u00e9sistante \u00e0 la salet\u00e9 et facile \u00e0 nettoyer. La surface de couchage amovible Travelmat \u00ae est douce et c\u00e2line pour un maximum de confort.<br \/>\nStevig gewatteerde hoge zijranden bieden optimale ondersteuning en bescherming voor uw trouwe vriend tijdens het rijden. Allround\u00a0<strong>protection<\/strong><\/p>\n<p class=\"beschreibung_spalte1\">Het hoogtepunt van het geheel is echter het aangesloten, ongeveer 60 centimeter lange gewatteerde bumperbeschermer. Het is een toegangshulpmiddel voor uw hond en bumperkrasbescherming voor uw voertuig tegelijkertijd.<br \/>\nVuil en hondenhaar komen \u00ae op de Travelmat terecht en niet in je auto. Dit maakt honden comfortabel en veilig in de auto \u2013 voor alle betrokkenen!<br \/>\nParfait\u00a0<strong>appropri\u00e9 <\/strong>Travelmat \u00ae est disponible en standard en trois couleurs diff\u00e9rentes \u2013 noir, gris et cr\u00e8me \u2013 et en diff\u00e9rentes tailles de 90\u00d770 cm \u00e0 110\u00d7100 cm.<\/p>\n<h4 class=\"beschreibung_spalte1\">Als geen van de standaardmaten en kleuren geschikt is, produceren wij graag uw Travelmat \u00ae op maat en in de door u gewenste kleur. Gebruik gewoon onze productconfigurator.<br \/>\nTravelmat \u00ae past bij bijna elk hondenras, voertuiggrootte en interieurontwerp.<\/h4>\n<p><a href=\"https:\/\/nl.wikipedia.org\/wiki\/Hoofdpagina\" target=\"_blank\" rel=\"noopener\"><img loading=\"lazy\" decoding=\"async\" class=\"alignnone\" title=\"Auto hondenbed Travelmat Basic L\" src=\"https:\/\/dogpride.nl\/wp-content\/uploads\/travelmat-basic-autohundebett-kunstleder-grau-02_600x600.jpg\" alt=\"Auto hondenbed Travelmat Basic L\" width=\"326\" height=\"216\" \/><\/a><\/p>\n<div><strong>Facultatif:<\/strong><br \/>\nPour le remplissage du plan de couchage, vous avez le choix entre le remplissage standard en mousse froide ou un remplissage en mousse visco\u00e9lastique pour un plan de couchage orthop\u00e9dique.<br \/>\nTechnologie de mousse visco\u00e9lastique : la mousse visco ne forme pas de contre-pression active.<br \/>\nPour cr\u00e9er l&#039;importante force d&#039;appui du corps, la mousse visco est soud\u00e9e avec un matelas en mousse froide. Le noyau du plan de couchage est constitu\u00e9 d&#039;une mousse de 2 cm d&#039;\u00e9paisseur (RG30) et d&#039;une mousse visco\u00e9lastique de 3 cm d&#039;\u00e9paisseur (RG50). La hauteur totale est de 5 cm.<\/div>\n<div><strong><br \/>\nMousse visco\u00e9lastique \u2013 Avantages :<\/strong><\/div>\n<div>\n<ul>\n<li>Lorsque le corps s&#039;effondre, la mousse visqueuse s&#039;adapte individuellement et soulage au minimum les points de pression<\/li>\n<li>Plus de confort gr\u00e2ce \u00e0 un soulagement pr\u00e9cis des zones du corps sensibles \u00e0 la pression<\/li>\n<li>Soulagement de la douleur gr\u00e2ce \u00e0 un soulagement pr\u00e9cis de la pression<\/li>\n<li>Pr\u00e9vention de l&#039;arthrose, des maladies articulaires ou des rhumatismes<\/li>\n<li>Recommand\u00e9 apr\u00e8s la chirurgie, tr\u00e8s appropri\u00e9 pour les chiens \u00e2g\u00e9s en surpoids<\/li>\n<\/ul>\n<p><strong>Materiaal Auto hondenbed Travelmat Basic L:\u00a0<\/strong><\/p>\n<\/div>\n<div class=\"ea-tab-text-container ea-text\">\n<div class=\"div_content\">\n<div class=\"beschreibung_spalte1\">\n<ul>\n<li>Rev\u00eatement sup\u00e9rieur : cuir synth\u00e9tique PU 100%, dessous : polyacrylique 100%<\/li>\n<li>Aspect cuir gr\u00e2ce au grain l\u00e9ger<\/li>\n<li>Particuli\u00e8rement r\u00e9sistant \u00e0 l&#039;usure et \u00e0 l&#039;usure<\/li>\n<li>Hydrofuge et anti-salissures<\/li>\n<\/ul>\n<\/div>\n<div class=\"beschreibung_spalte2\">\n<p><strong>Vulling Auto hondenbed Travelmat Basic L:<\/strong><\/p>\n<ul>\n<li>Coussin int\u00e9rieur : Remplissage standard de mousse froide solide (5 cm d&#039;\u00e9paisseur)<\/li>\n<li>Bords lat\u00e9raux : mousse \u00e0 froid (5 cm d&#039;\u00e9paisseur)<\/li>\n<li>Tous les mat\u00e9riaux de remplissage sont fabriqu\u00e9s en Allemagne<\/li>\n<\/ul>\n<\/div>\n<p><strong>Reiniging Auto hondenbed Travelmat Basic L:<\/strong><\/p>\n<\/div>\n<div class=\"div_content\">\n<div class=\"beschreibung_spalte1\">\n<ul>\n<li>Nettoyage rapide et facile avec un chiffon humide - m\u00eame en cas de forte salet\u00e9 !<\/li>\n<li>Coussin int\u00e9rieur amovible<\/li>\n<\/ul>\n<\/div>\n<div class=\"beschreibung_spalte2\">\n<p><strong>Bijzonderheden Auto hondenbed Travelmat Basic L:<\/strong><\/p>\n<ul>\n<li>Surface de couchage stable et stable, adapt\u00e9e aux amis \u00e0 quatre pattes l\u00e9gers et lourds<\/li>\n<li>Bords lat\u00e9raux hauts pour une conduite en toute s\u00e9curit\u00e9<\/li>\n<li>Protection de pare-chocs longue pour faciliter l&#039;entr\u00e9e et protection contre les rayures et la salet\u00e9 pour l&#039;arri\u00e8re du v\u00e9hicule et le coffre<\/li>\n<li>Liegefl\u00e4che frei w\u00e4hlbar<\/li>\n<\/ul>\n<div class=\"ea-tab-text-container\">\n<h4 class=\"fusion-responsive-typography-calculated\" data-fontsize=\"24\" data-lineheight=\"24px\">Tableau des tailles (en cm)<\/h4>\n<ul>\n<li><strong>L \u2013 Taille ext\u00e9rieure<\/strong> 110x90x25x60 (LxPxHxP), dimensions int\u00e9rieures 100x85x20x60 (LxPxHxP)<\/li>\n<\/ul>\n<\/div>\n<div class=\"ea-tab-text-container ea-text\">\n<div class=\"div_content\">\n<div class=\"beschreibung_spalte1\"><\/div>\n<div class=\"beschreibung_spalte2\">\n<p><a href=\"https:\/\/www.dogpride.nl\/wp-content\/uploads\/Kofferbak-opmeten.docx\">Mesurer le tronc<\/a><\/p>\n<\/div>\n<\/div>\n<\/div>\n<\/div>\n<\/div>\n<\/div>\n<\/div>\n<\/div>","protected":false},"excerpt":{"rendered":"<p>Travelmat \u00ae est compos\u00e9 d&#039;une tige en cuir synth\u00e9tique extr\u00eamement r\u00e9sistante \u00e0 la salet\u00e9 et facile \u00e0 nettoyer. La surface de couchage amovible Travelmat \u00ae est douce et c\u00e2line pour un maximum de confort.<strong> Kleur ZWART<\/strong><\/p>\n<ul>\n<li><strong>L \u2013 Taille ext\u00e9rieure<\/strong> 110x90x25x60 (LxPxHxP), dimensions int\u00e9rieures 100x85x20x60 (LxPxHxP)<\/li>\n<\/ul>\n<p style=\"text-align: center;\"><span style=\"color: #ff0000;\"><strong>DEZE HONDENMAND KAN NIET WORDEN GERETOUNEERD!<\/strong><\/span><\/p>","protected":false},"featured_media":79343,"template":"","meta":[],"product_brand":[],"product_cat":[5230],"product_tag":[7234,8637,4757,7235],"class_list":{"0":"post-131665","1":"product","2":"type-product","3":"status-publish","4":"has-post-thumbnail","6":"product_cat-sale","7":"product_tag-auto","8":"product_tag-basic","9":"product_tag-hondenbed","10":"product_tag-travelmat","11":"product_shipping_class-vast-tarief-eu-overig","13":"first","14":"instock","15":"sale","16":"taxable","17":"shipping-taxable","18":"purchasable","19":"product-type-simple"},"mb":[],"mfb_rest_fields":["title"],"_links":{"self":[{"href":"https:\/\/dogpride.nl\/fr\/wp-json\/wp\/v2\/product\/131665","targetHints":{"allow":["GET"]}}],"collection":[{"href":"https:\/\/dogpride.nl\/fr\/wp-json\/wp\/v2\/product"}],"about":[{"href":"https:\/\/dogpride.nl\/fr\/wp-json\/wp\/v2\/types\/product"}],"wp:featuredmedia":[{"embeddable":true,"href":"https:\/\/dogpride.nl\/fr\/wp-json\/wp\/v2\/media\/79343"}],"wp:attachment":[{"href":"https:\/\/dogpride.nl\/fr\/wp-json\/wp\/v2\/media?parent=131665"}],"wp:term":[{"taxonomy":"product_brand","embeddable":true,"href":"https:\/\/dogpride.nl\/fr\/wp-json\/wp\/v2\/product_brand?post=131665"},{"taxonomy":"product_cat","embeddable":true,"href":"https:\/\/dogpride.nl\/fr\/wp-json\/wp\/v2\/product_cat?post=131665"},{"taxonomy":"product_tag","embeddable":true,"href":"https:\/\/dogpride.nl\/fr\/wp-json\/wp\/v2\/product_tag?post=131665"}],"curies":[{"name":"wp","href":"https:\/\/api.w.org\/{rel}","templated":true}]}}