{"id":13109,"date":"2019-08-08T17:08:29","date_gmt":"2019-08-08T15:08:29","guid":{"rendered":"https:\/\/dogpride1.wpengine.com\/product\/reflecterend-veiligheidsvest-s-3\/"},"modified":"2025-11-17T17:34:46","modified_gmt":"2025-11-17T16:34:46","slug":"reflecterend-veiligheidsvest-s-3","status":"publish","type":"product","link":"https:\/\/dogpride.nl\/fr\/reflecterend-veiligheidsvest-s-3\/","title":{"rendered":"Gilet de s\u00e9curit\u00e9 r\u00e9fl\u00e9chissant S"},"content":{"rendered":"<h4 style=\"color: #000000; font-size: 13.33px; text-align: left; text-decoration: none;\"><strong>Gilet de s\u00e9curit\u00e9 r\u00e9fl\u00e9chissant S<\/strong><\/h4>\n<p><span style=\"color: #000000; background-color: #ffffff; font-size: 13.33px; text-align: left; display: inline !important; float: none; text-decoration: none;\">Promener le chien dans l&#039;obscurit\u00e9 peut \u00eatre dangereux, car votre chien est difficile \u00e0 voir pour les automobilistes. Vous pouvez \u00e9viter cela avec ce manteau pour chien r\u00e9fl\u00e9chissant !<\/span><br style=\"color: #000000; font-size: 13.33px; text-align: left; text-decoration: none;\" \/><br style=\"color: #000000; font-size: 13.33px; text-align: left; text-decoration: none;\" \/><span style=\"color: #000000; background-color: #ffffff; font-size: 13.33px; text-align: left; display: inline !important; float: none; text-decoration: none;\">La veste est \u00e9quip\u00e9e de bandes r\u00e9fl\u00e9chissantes et d&#039;une empreinte de patte r\u00e9fl\u00e9chissante, qui refl\u00e8tent la lumi\u00e8re des phares. La veste est ajustable au niveau du cou et autour du ventre pour un ajustement parfait.<\/span><br style=\"color: #000000; font-size: 13.33px; text-align: left; text-decoration: none;\" \/><br style=\"color: #000000; font-size: 13.33px; text-align: left; text-decoration: none;\" \/><span style=\"color: #000000; background-color: #ffffff; font-size: 13.33px; text-align: left; display: inline !important; float: none; text-decoration: none;\">Tour de cou : 28-42 cm<\/span><br style=\"color: #000000; font-size: 13.33px; text-align: left; text-decoration: none;\" \/><span style=\"color: #000000; background-color: #ffffff; font-size: 13.33px; text-align: left; display: inline !important; float: none; text-decoration: none;\">Tour de ventre : 39-50 cm<\/span><br style=\"color: #000000; font-size: 13.33px; text-align: left; text-decoration: none;\" \/><span style=\"color: #000000; background-color: #ffffff; font-size: 13.33px; text-align: left; display: inline !important; float: none; text-decoration: none;\">Longueur dos : 20 cm<\/span><\/p>\n<div style=\"color: #000000; font-size: 13.33px; text-align: left; text-decoration: none;\"><\/div>\n<div style=\"color: #000000; font-size: 13.33px; text-align: left; text-decoration: none;\">Ce manteau pour chien r\u00e9fl\u00e9chissant est disponible en plusieurs tailles.<\/div>\n<div><\/div>\n<div><a href=\"https:\/\/dogpride.nl\/fr\/hondenhalsbanden\/led-hondenhalsbanden\/\"><img loading=\"lazy\" decoding=\"async\" class=\"alignnone\" title=\"Gilet de s\u00e9curit\u00e9 r\u00e9fl\u00e9chissant S\" src=\"https:\/\/dogpride.nl\/wp-content\/uploads\/reflecterend-veiligheidsvest-7-150x150.png\" alt=\"Reflecterend Veiligheidsvest S\" width=\"150\" height=\"150\" \/><\/a><\/div>\n<div><\/div>\n<div><a href=\"https:\/\/www.trixie.de\/nl\" target=\"_blank\" rel=\"noopener\"><img loading=\"lazy\" decoding=\"async\" class=\"alignnone wp-image-143101 size-medium\" src=\"https:\/\/dogpride.nl\/wp-content\/uploads\/TRIXIE-LOGO-300x159.webp\" alt=\"TRIXIE LOGO\" width=\"300\" height=\"159\" srcset=\"https:\/\/dogpride.nl\/wp-content\/uploads\/TRIXIE-LOGO-300x159.webp 300w, https:\/\/dogpride.nl\/wp-content\/uploads\/TRIXIE-LOGO-18x10.webp 18w, https:\/\/dogpride.nl\/wp-content\/uploads\/TRIXIE-LOGO-250x132.webp 250w, https:\/\/dogpride.nl\/wp-content\/uploads\/TRIXIE-LOGO-400x211.webp 400w, https:\/\/dogpride.nl\/wp-content\/uploads\/TRIXIE-LOGO.webp 600w\" sizes=\"auto, (max-width: 300px) 100vw, 300px\" \/><\/a><\/div>","protected":false},"excerpt":{"rendered":"<p>Gilet de s\u00e9curit\u00e9 r\u00e9fl\u00e9chissant S<\/p>","protected":false},"featured_media":13110,"template":"","meta":[],"product_brand":[],"product_cat":[393],"product_tag":[],"class_list":{"0":"post-13109","1":"product","2":"type-product","3":"status-publish","4":"has-post-thumbnail","6":"product_cat-led-hondenhalsbanden","8":"first","9":"instock","10":"taxable","11":"shipping-taxable","12":"purchasable","13":"product-type-simple"},"mb":[],"mfb_rest_fields":["title"],"_links":{"self":[{"href":"https:\/\/dogpride.nl\/fr\/wp-json\/wp\/v2\/product\/13109","targetHints":{"allow":["GET"]}}],"collection":[{"href":"https:\/\/dogpride.nl\/fr\/wp-json\/wp\/v2\/product"}],"about":[{"href":"https:\/\/dogpride.nl\/fr\/wp-json\/wp\/v2\/types\/product"}],"wp:featuredmedia":[{"embeddable":true,"href":"https:\/\/dogpride.nl\/fr\/wp-json\/wp\/v2\/media\/13110"}],"wp:attachment":[{"href":"https:\/\/dogpride.nl\/fr\/wp-json\/wp\/v2\/media?parent=13109"}],"wp:term":[{"taxonomy":"product_brand","embeddable":true,"href":"https:\/\/dogpride.nl\/fr\/wp-json\/wp\/v2\/product_brand?post=13109"},{"taxonomy":"product_cat","embeddable":true,"href":"https:\/\/dogpride.nl\/fr\/wp-json\/wp\/v2\/product_cat?post=13109"},{"taxonomy":"product_tag","embeddable":true,"href":"https:\/\/dogpride.nl\/fr\/wp-json\/wp\/v2\/product_tag?post=13109"}],"curies":[{"name":"wp","href":"https:\/\/api.w.org\/{rel}","templated":true}]}}