{"id":13041,"date":"2019-08-07T16:16:06","date_gmt":"2019-08-07T14:16:06","guid":{"rendered":"https:\/\/dogpride1.wpengine.com\/product\/trixie-dog-activity-hordenset-2-st-3\/"},"modified":"2025-11-15T11:41:24","modified_gmt":"2025-11-15T10:41:24","slug":"trixie-dog-activity-hordenset-2-st-3","status":"publish","type":"product","link":"https:\/\/dogpride.nl\/fr\/trixie-dog-activity-hordenset-2-st-3\/","title":{"rendered":"Trixie Dog Activity Haies Set 2 pcs"},"content":{"rendered":"<h4>Trixie Dog Activity Haies Set 2 pcs<\/h4>\n<p><span style=\"font-size: 10pt;\">Ce Trixie Dog Activity Hurdle Set 2 Pi\u00e8ces est un ensemble d&#039;agilit\u00e9 pour les slaloms et les obstacles pour le chien compos\u00e9 de c\u00f4nes et de poutres en plastique.<\/span><br \/>\n<span style=\"font-size: 10pt;\"> Du sport \u00e0 deux ! De nombreux sports renforcent le lien entre les humains et les chiens et cet amusant jeu de haies d&#039;activit\u00e9s Trixie y contribue.<br \/>\nDeze set kan gebruikt worden ter verbetering van concentratie, lichaamsbewustzijn en co\u00f6rdinatie en is ook geschikt voor (fysio-)therapeutische doeleinden, bijvoorbeeld\u00a0om te gymnastiseren, voor het mobiliseren van oude\/zieke honden of na letsel. <\/span><\/p>\n<p><span style=\"font-size: 10pt;\">Le <\/span>Trixie Dog Activity Haies Set 2 pcs <span style=\"font-size: 10pt;\">bestaat uit 6 pionnen met diverse insteekopties voor verschillende opbouwmogelijkheden voor horden en slalommen en is te verstellen in hoogte, waardoor de set geschikt is voor honden van elke leeftijd en elk formaat.<br \/>\nIl y a un livret pratique avec le manuel et des conseils utiles pour un entra\u00eenement optimal.<\/span><\/p>\n<p><a href=\"https:\/\/dogpride.nl\/fr\/diverse-hondensporten\/agility-obedience\/?product-page=2\"><img loading=\"lazy\" decoding=\"async\" class=\"alignnone\" title=\"Trixie Dog Activity Haies Set 2 pcs\" src=\"https:\/\/dogpride.nl\/wp-content\/uploads\/trixie-dog-activity-hordenset-2-st-1.png\" alt=\"Trixie Dog Activity Hordenset 2 st\" width=\"115\" height=\"90\" \/><\/a><\/p>\n<ul>\n<li><span style=\"font-size: 10pt;\">Jeu de haies de Trixie<\/span><\/li>\n<li><span style=\"font-size: 10pt;\">Peut \u00eatre utilis\u00e9 comme haie ou slalom<\/span><\/li>\n<li><span style=\"font-size: 10pt;\">Pour am\u00e9liorer la condition et la concentration<\/span><\/li>\n<li><span style=\"font-size: 10pt;\">Y compris un manuel avec des trucs et astuces pour un entra\u00eenement optimal<\/span><\/li>\n<\/ul>\n<h3><span style=\"font-size: 10pt;\">Dimensions:<\/span><\/h3>\n<p><span style=\"font-size: 10pt;\">Pionnnen doorsnee 30 cm x 50 hoog<\/span><br \/>\n<span style=\"font-size: 10pt;\"> Horde 100\u00a0cm lang<\/span><\/p>\n<p><span style=\"font-size: 10pt;\"> Inhoud: 4\u00a0pionnnen, 2\u00a0stangen\u00a0<\/span><\/p>\n<p><a href=\"https:\/\/www.bol.com\/nl\/nl\/b\/mooffz\/16537942\/\" target=\"_blank\" rel=\"noopener\"><img loading=\"lazy\" decoding=\"async\" class=\"alignnone\" title=\"Trixie Dog Activity Haies Set 2 pcs\" src=\"https:\/\/dogpride.nl\/wp-content\/uploads\/trixie-dog-activity-hordenset-2-st-1.png\" alt=\"Trixie Dog Activity Hordenset 2 st\" width=\"115\" height=\"90\" \/><\/a><\/p>","protected":false},"excerpt":{"rendered":"<p><span style=\"font-size: 10pt;\">Sport voor twee! Veel sporten versterkt de band tussen mens en hond en deze leuke Trixie Activity Hordenset helpt daar uitstekend bij. Deze set kan gebruikt worden ter verbetering van concentratie, lichaamsbewustzijn en co\u00f6rdinatie en is ook geschikt voor (fysio-)therapeutische doeleinden.<\/span><\/p>","protected":false},"featured_media":13042,"template":"","meta":[],"product_brand":[],"product_cat":[2956],"product_tag":[7471,7469,4712,7470,6121],"class_list":{"0":"post-13041","1":"product","2":"type-product","3":"status-publish","4":"has-post-thumbnail","6":"product_cat-agility-behendigheid","7":"product_tag-2-st","8":"product_tag-activity","9":"product_tag-dog","10":"product_tag-hordenset","11":"product_tag-trixie","13":"first","14":"instock","15":"taxable","16":"shipping-taxable","17":"purchasable","18":"product-type-simple"},"mb":[],"mfb_rest_fields":["title"],"_links":{"self":[{"href":"https:\/\/dogpride.nl\/fr\/wp-json\/wp\/v2\/product\/13041","targetHints":{"allow":["GET"]}}],"collection":[{"href":"https:\/\/dogpride.nl\/fr\/wp-json\/wp\/v2\/product"}],"about":[{"href":"https:\/\/dogpride.nl\/fr\/wp-json\/wp\/v2\/types\/product"}],"wp:featuredmedia":[{"embeddable":true,"href":"https:\/\/dogpride.nl\/fr\/wp-json\/wp\/v2\/media\/13042"}],"wp:attachment":[{"href":"https:\/\/dogpride.nl\/fr\/wp-json\/wp\/v2\/media?parent=13041"}],"wp:term":[{"taxonomy":"product_brand","embeddable":true,"href":"https:\/\/dogpride.nl\/fr\/wp-json\/wp\/v2\/product_brand?post=13041"},{"taxonomy":"product_cat","embeddable":true,"href":"https:\/\/dogpride.nl\/fr\/wp-json\/wp\/v2\/product_cat?post=13041"},{"taxonomy":"product_tag","embeddable":true,"href":"https:\/\/dogpride.nl\/fr\/wp-json\/wp\/v2\/product_tag?post=13041"}],"curies":[{"name":"wp","href":"https:\/\/api.w.org\/{rel}","templated":true}]}}