{"id":13039,"date":"2019-08-07T16:14:23","date_gmt":"2019-08-07T14:14:23","guid":{"rendered":"https:\/\/dogpride1.wpengine.com\/product\/trixie-dog-activity-hordenset-3-st-2\/"},"modified":"2025-11-15T11:41:30","modified_gmt":"2025-11-15T10:41:30","slug":"trixie-dog-activity-hordenset-3-st","status":"publish","type":"product","link":"https:\/\/dogpride.nl\/fr\/trixie-dog-activity-hordenset-3-st\/","title":{"rendered":"Trixie Dog Activity Haies Set 3 pcs"},"content":{"rendered":"<h4>Trixie Dog Activity Haies Set 3 pcs<\/h4>\n<p style=\"color: #000000; font-size: 13.33px; text-align: left; text-decoration: none;\"><strong>Trixie Dog Activity Haies Set 3 pcs<\/strong><br \/>\nCe Trixie Dog Activity Hurdle Set 3 pi\u00e8ces est un ensemble d&#039;agilit\u00e9 pour les slaloms et les obstacles pour le chien compos\u00e9 de c\u00f4nes et de poutres en plastique.<br \/>\nDu sport \u00e0 deux ! De nombreux sports renforcent le lien entre les humains et les chiens et cet amusant jeu de haies d&#039;activit\u00e9s Trixie y contribue.<\/p>\n<p style=\"color: #000000; font-size: 13.33px; text-align: left; text-decoration: none;\">Cet ensemble peut \u00eatre utilis\u00e9 pour am\u00e9liorer la concentration, la conscience corporelle et la coordination et convient \u00e9galement \u00e0 des fins (physio) th\u00e9rapeutiques, par exemple pour la gymnastique, pour mobiliser les chiens \u00e2g\u00e9s \/ malades ou apr\u00e8s une blessure.<br \/>\nL&#039;ensemble se compose de 6 c\u00f4nes avec diff\u00e9rentes options d&#039;insertion pour diff\u00e9rentes options de construction pour les haies et les slaloms et est r\u00e9glable en hauteur, ce qui rend l&#039;ensemble adapt\u00e9 aux chiens de tous \u00e2ges et de toutes tailles.<br \/>\nIl y a un livret pratique avec le manuel et des conseils utiles pour un entra\u00eenement optimal.<\/p>\n<p><a href=\"https:\/\/dogpride.nl\/fr\/diverse-hondensporten\/agility-obedience\/?product-page=2\"><img loading=\"lazy\" decoding=\"async\" class=\"alignnone\" title=\"Trixie Dog Activity Haies Set 3 pcs\" src=\"https:\/\/dogpride.nl\/wp-content\/uploads\/trixie-dog-activity-hordenset-3-st.png\" alt=\"Trixie Dog Activity Hordenset 3 st\" width=\"191\" height=\"101\" \/><\/a><\/p>\n<ul>\n<li>Jeu de haies de Trixie<\/li>\n<li>Peut \u00eatre utilis\u00e9 comme haie ou slalom<\/li>\n<li>Pour am\u00e9liorer la condition et la concentration<\/li>\n<li>Y compris un manuel avec des trucs et astuces pour un entra\u00eenement optimal<\/li>\n<\/ul>\n<p style=\"color: #000000; font-size: 13.33px; text-align: left; text-decoration: none;\">Dimensions:<br \/>\nPions diam\u00e8tre 23 cm x 30 de haut<br \/>\nHaie de 78 cm de long<\/p>\n<p>Contenu : 6 pions, 3 barres<\/p>\n<p><a href=\"https:\/\/www.bol.com\/nl\/nl\/b\/mooffz\/16537942\/\" target=\"_blank\" rel=\"noopener\"><img loading=\"lazy\" decoding=\"async\" class=\"alignnone\" src=\"https:\/\/dogpride.nl\/wp-content\/uploads\/trixie-dog-activity-hordenset-3-st.png\" alt=\"Trixie Dog Activity Hordenset 3 st\" width=\"162\" height=\"86\" \/><\/a><\/p>","protected":false},"excerpt":{"rendered":"<p>Du sport \u00e0 deux ! De nombreux sports renforcent le lien entre les humains et les chiens et cet amusant jeu de haies d&#039;activit\u00e9s Trixie y contribue. Cet ensemble peut \u00eatre utilis\u00e9 pour am\u00e9liorer la concentration, la conscience corporelle et la coordination et convient \u00e9galement \u00e0 des fins (physio) th\u00e9rapeutiques<\/p>","protected":false},"featured_media":20129,"template":"","meta":[],"product_brand":[],"product_cat":[2956],"product_tag":[],"class_list":{"0":"post-13039","1":"product","2":"type-product","3":"status-publish","4":"has-post-thumbnail","6":"product_cat-agility-behendigheid","8":"first","9":"instock","10":"taxable","11":"shipping-taxable","12":"purchasable","13":"product-type-simple"},"mb":[],"mfb_rest_fields":["title"],"_links":{"self":[{"href":"https:\/\/dogpride.nl\/fr\/wp-json\/wp\/v2\/product\/13039","targetHints":{"allow":["GET"]}}],"collection":[{"href":"https:\/\/dogpride.nl\/fr\/wp-json\/wp\/v2\/product"}],"about":[{"href":"https:\/\/dogpride.nl\/fr\/wp-json\/wp\/v2\/types\/product"}],"wp:featuredmedia":[{"embeddable":true,"href":"https:\/\/dogpride.nl\/fr\/wp-json\/wp\/v2\/media\/20129"}],"wp:attachment":[{"href":"https:\/\/dogpride.nl\/fr\/wp-json\/wp\/v2\/media?parent=13039"}],"wp:term":[{"taxonomy":"product_brand","embeddable":true,"href":"https:\/\/dogpride.nl\/fr\/wp-json\/wp\/v2\/product_brand?post=13039"},{"taxonomy":"product_cat","embeddable":true,"href":"https:\/\/dogpride.nl\/fr\/wp-json\/wp\/v2\/product_cat?post=13039"},{"taxonomy":"product_tag","embeddable":true,"href":"https:\/\/dogpride.nl\/fr\/wp-json\/wp\/v2\/product_tag?post=13039"}],"curies":[{"name":"wp","href":"https:\/\/api.w.org\/{rel}","templated":true}]}}