{"id":13037,"date":"2019-08-07T16:05:26","date_gmt":"2019-08-07T14:05:26","guid":{"rendered":"https:\/\/dogpride1.wpengine.com\/product\/trixie-dog-activity-agility-tunnel-blauw-40-cm-x-2-m-3\/"},"modified":"2026-02-03T10:14:36","modified_gmt":"2026-02-03T09:14:36","slug":"trixie-dog-activity-agility-tunnel-blauw-40-cm-x-2-m-3","status":"publish","type":"product","link":"https:\/\/dogpride.nl\/fr\/trixie-dog-activity-agility-tunnel-blauw-40-cm-x-2-m-3\/","title":{"rendered":"Trixie Dog Activity Agility Tunnel Bleu 40 cm x 2 m"},"content":{"rendered":"<h4>Trixie Dog Activity Agility Tunnel Bleu 40 cm x 2 m<\/h4>\n<div style=\"color: #000000; font-size: 13.33px; text-align: left; text-decoration: none;\"><strong>Trixie Dog Activity Agility Tunnel Bleu 40 cm x 2 m<\/strong><\/div>\n<div style=\"color: #000000; font-size: 13.33px; text-align: left; text-decoration: none;\">Ce Tunnel d&#039;Agilit\u00e9 Trixie Dog Activity Bleu de 40 cm par 2 m\u00e8tres est un tunnel pour chien amusant pour l&#039;agilit\u00e9 \u00e0 exercer avec votre chien.<br \/>\nCe tunnel d&#039;activit\u00e9 de Trixie est id\u00e9al pour pratiquer l&#039;agilit\u00e9 et l&#039;entra\u00eenement d&#039;agilit\u00e9 avec de petits chiens et chiots ! Le tunnel est fabriqu\u00e9 en polyester durable et peut \u00eatre utilis\u00e9 \u00e0 l&#039;int\u00e9rieur comme \u00e0 l&#039;ext\u00e9rieur. Vous pouvez remplir les sacs du tunnel avec du sable ou du gravier (non inclus) pour ancrer fermement le tunnel au sol et faciliter son installation et son d\u00e9montage. Le tunnel est livr\u00e9 avec un sac de transport pratique et peut \u00eatre rang\u00e9 de mani\u00e8re compacte. Pour un entra\u00eenement optimal, un manuel avec des trucs et astuces est inclus.<\/div>\n<div><\/div>\n<div><a href=\"https:\/\/dogpride.nl\/fr\/diverse-hondensporten\/agility-obedience\/?product-page=2\"><img loading=\"lazy\" decoding=\"async\" class=\"alignnone\" title=\"Trixie Dog Activity Agility Tunnel Bleu 40 cm x 2 m\" src=\"https:\/\/dogpride.nl\/wp-content\/uploads\/trixie-dog-activity-agility-tunnel-blauw-40-cm-x-2-m-1.png\" alt=\"Trixie Dog Activity Agility Tunnel Blauw 40 cm x 2 m\" width=\"155\" height=\"155\" \/><\/a><\/div>\n<div style=\"color: #000000; font-size: 13.33px; text-align: left; text-decoration: none;\">\n<ul style=\"color: #000000; list-style-type: disc;\">\n<li>Pour les petits chiens et pour la phase d&#039;empreinte chez les chiots<\/li>\n<li>Fabriqu\u00e9 en polyester r\u00e9sistant<\/li>\n<li>Convient pour une utilisation int\u00e9rieure et ext\u00e9rieure<\/li>\n<li>Avec poches tunnel pour ancrage, hors remplissage (sable, gravier, cailloux<\/li>\n<li>Avec sac de transport pratique pour un rangement compact<\/li>\n<\/ul>\n<\/div>\n<div style=\"color: #000000; font-size: 13.33px; text-align: left; text-decoration: none;\">Couleur bleue<\/div>\n<div style=\"color: #000000; font-size: 13.33px; text-align: left; text-decoration: none;\">Dimensions : 40cm x 2m<\/div>\n<div style=\"color: #000000; font-size: 13.33px; text-align: left; text-decoration: none;\">Mat\u00e9riau : polyester<\/div>\n<div><\/div>\n<div><strong>Ce produit n&#039;est pas disponible imm\u00e9diatement.<\/strong><br style=\"color: #000000; font-size: 13.33px; text-align: left; text-decoration: none;\" \/><strong>Lorsque vous commandez, l&#039;arriv\u00e9e pr\u00e9vue est de \u00b1 14 jours.<\/strong><\/div>\n<div><\/div>\n<div><a href=\"https:\/\/www.bol.com\/nl\/nl\/b\/mooffz\/16537942\/\" target=\"_blank\" rel=\"noopener\"><img loading=\"lazy\" decoding=\"async\" class=\"alignnone\" title=\"Trixie Dog Activity Agility Tunnel Bleu 40 cm x 2 m\" src=\"https:\/\/dogpride.nl\/wp-content\/uploads\/trixie-dog-activity-agility-tunnel-blauw-40-cm-x-2-m-1.png\" alt=\"Trixie Dog Activity Agility Tunnel Blauw 40 cm x 2 m\" width=\"155\" height=\"155\" \/><\/a><\/div>","protected":false},"excerpt":{"rendered":"<p>Ce <strong>Trixie Dog Activity Agility Tunnel Bleu 40 cm x 2 m<\/strong> is ideaal voor het beoefenen van agility en behendigheidstraining met kleine honden en puppy&#8217;s! De tunnel is gemaakt van duurzaam polyester en te gebruiken voor zowel binnen als buiten.<\/p>","protected":false},"featured_media":13038,"template":"","meta":[],"product_brand":[],"product_cat":[22360],"product_tag":[3294],"class_list":{"0":"post-13037","1":"product","2":"type-product","3":"status-publish","4":"has-post-thumbnail","6":"product_cat-agility-tunnels","7":"product_tag-agility","9":"first","10":"instock","11":"taxable","12":"shipping-taxable","13":"purchasable","14":"product-type-simple"},"mb":[],"mfb_rest_fields":["title"],"_links":{"self":[{"href":"https:\/\/dogpride.nl\/fr\/wp-json\/wp\/v2\/product\/13037","targetHints":{"allow":["GET"]}}],"collection":[{"href":"https:\/\/dogpride.nl\/fr\/wp-json\/wp\/v2\/product"}],"about":[{"href":"https:\/\/dogpride.nl\/fr\/wp-json\/wp\/v2\/types\/product"}],"wp:featuredmedia":[{"embeddable":true,"href":"https:\/\/dogpride.nl\/fr\/wp-json\/wp\/v2\/media\/13038"}],"wp:attachment":[{"href":"https:\/\/dogpride.nl\/fr\/wp-json\/wp\/v2\/media?parent=13037"}],"wp:term":[{"taxonomy":"product_brand","embeddable":true,"href":"https:\/\/dogpride.nl\/fr\/wp-json\/wp\/v2\/product_brand?post=13037"},{"taxonomy":"product_cat","embeddable":true,"href":"https:\/\/dogpride.nl\/fr\/wp-json\/wp\/v2\/product_cat?post=13037"},{"taxonomy":"product_tag","embeddable":true,"href":"https:\/\/dogpride.nl\/fr\/wp-json\/wp\/v2\/product_tag?post=13037"}],"curies":[{"name":"wp","href":"https:\/\/api.w.org\/{rel}","templated":true}]}}