{"id":12860,"date":"2019-07-11T13:49:11","date_gmt":"2019-07-11T11:49:11","guid":{"rendered":"https:\/\/dogpride1.wpengine.com\/product\/kong-puppy-teething-stick-large-3\/"},"modified":"2025-11-24T13:37:21","modified_gmt":"2025-11-24T12:37:21","slug":"kong-puppy-teething-stick-3","status":"publish","type":"product","link":"https:\/\/dogpride.nl\/fr\/kong-puppy-teething-stick-3\/","title":{"rendered":"B\u00e2ton de dentition pour chiot KONG"},"content":{"rendered":"<h4>B\u00e2ton de dentition pour chiot KONG<\/h4>\n<p>B\u00e2ton de dentition pour chiot KONG<\/p>\n<p><strong>B\u00e2ton de dentition pour chiot<\/strong><br \/>\nCe b\u00e2ton a \u00e9t\u00e9 d\u00e9velopp\u00e9 sp\u00e9cialement pour votre chiot. Ce stick assouplit les gencives et soutient votre chiot lorsque ses dents sortent. Les cr\u00eates \u00e0 l&#039;ext\u00e9rieur peuvent \u00eatre remplies de beurre de cacahu\u00e8te ou de p\u00e2te sp\u00e9ciale KONG. Les friandises peuvent \u00eatre cach\u00e9es \u00e0 l&#039;int\u00e9rieur du b\u00e2ton.<\/p>\n<p><strong>Couleur<\/strong><\/p>\n<p>Rose ou bleu (livr\u00e9 assorti).<\/p>\n<p><strong>Format<\/strong><\/p>\n<ul>\n<li>KONGKP13E L \u2013 12 cm (pour chiens de 13 \u00e0 30 kg)<\/li>\n<\/ul>\n<p><a href=\"https:\/\/www.kongcompany.com\/\" target=\"_blank\" rel=\"noopener\"><img loading=\"lazy\" decoding=\"async\" class=\"alignnone wp-image-90622 size-thumbnail\" src=\"https:\/\/dogpride.nl\/wp-content\/uploads\/kong_solid_logo_red-thumb-3-150x150.jpg\" alt=\"KONG\" width=\"150\" height=\"150\" srcset=\"https:\/\/dogpride.nl\/wp-content\/uploads\/kong_solid_logo_red-thumb-3.jpg 150w, https:\/\/dogpride.nl\/wp-content\/uploads\/kong_solid_logo_red-thumb-3-100x100.jpg 100w, https:\/\/dogpride.nl\/wp-content\/uploads\/kong_solid_logo_red-thumb-3-66x66.jpg 66w\" sizes=\"auto, (max-width: 150px) 100vw, 150px\" \/><\/a><\/p>\n<p><a href=\"https:\/\/dogpride.nl\/fr\/speelgoed\/kauwspeelgoed\/\"><img loading=\"lazy\" decoding=\"async\" class=\"alignnone\" title=\"B\u00e2ton de dentition pour chiot KONG\" src=\"https:\/\/dogpride.nl\/wp-content\/uploads\/KP13E-3-4-150x150.jpg\" alt=\"KONG Puppy Teething Stick\" width=\"150\" height=\"150\" \/><\/a><\/p>","protected":false},"excerpt":{"rendered":"<p>Ce b\u00e2ton a \u00e9t\u00e9 d\u00e9velopp\u00e9 sp\u00e9cialement pour votre chiot. Ce stick assouplit les gencives et soutient votre chiot lorsque ses dents sortent. Les cr\u00eates \u00e0 l&#039;ext\u00e9rieur peuvent \u00eatre remplies de beurre de cacahu\u00e8te ou de p\u00e2te sp\u00e9ciale KONG.<\/p>","protected":false},"featured_media":23771,"template":"","meta":[],"product_brand":[],"product_cat":[187],"product_tag":[],"class_list":{"0":"post-12860","1":"product","2":"type-product","3":"status-publish","4":"has-post-thumbnail","6":"product_cat-kauwspeelgoed","8":"first","9":"instock","10":"taxable","11":"shipping-taxable","12":"purchasable","13":"product-type-variable"},"mb":[],"mfb_rest_fields":["title"],"_links":{"self":[{"href":"https:\/\/dogpride.nl\/fr\/wp-json\/wp\/v2\/product\/12860","targetHints":{"allow":["GET"]}}],"collection":[{"href":"https:\/\/dogpride.nl\/fr\/wp-json\/wp\/v2\/product"}],"about":[{"href":"https:\/\/dogpride.nl\/fr\/wp-json\/wp\/v2\/types\/product"}],"wp:featuredmedia":[{"embeddable":true,"href":"https:\/\/dogpride.nl\/fr\/wp-json\/wp\/v2\/media\/23771"}],"wp:attachment":[{"href":"https:\/\/dogpride.nl\/fr\/wp-json\/wp\/v2\/media?parent=12860"}],"wp:term":[{"taxonomy":"product_brand","embeddable":true,"href":"https:\/\/dogpride.nl\/fr\/wp-json\/wp\/v2\/product_brand?post=12860"},{"taxonomy":"product_cat","embeddable":true,"href":"https:\/\/dogpride.nl\/fr\/wp-json\/wp\/v2\/product_cat?post=12860"},{"taxonomy":"product_tag","embeddable":true,"href":"https:\/\/dogpride.nl\/fr\/wp-json\/wp\/v2\/product_tag?post=12860"}],"curies":[{"name":"wp","href":"https:\/\/api.w.org\/{rel}","templated":true}]}}