{"id":12671,"date":"2019-06-21T15:16:28","date_gmt":"2019-06-21T13:16:28","guid":{"rendered":"https:\/\/dogpride1.wpengine.com\/product\/pride-dames-trainingsvest-2\/"},"modified":"2025-11-16T12:17:46","modified_gmt":"2025-11-16T11:17:46","slug":"pride-dames-trainingsvest","status":"publish","type":"product","link":"https:\/\/dogpride.nl\/fr\/pride-dames-trainingsvest\/","title":{"rendered":"Gilet d&#039;entra\u00eenement Pride pour femme"},"content":{"rendered":"<h4>Gilet d&#039;entra\u00eenement Pride pour femme<\/h4>\n<p>Gilet d&#039;entra\u00eenement Pride pour femme. Gilet d&#039;entra\u00eenement en polyester Cordura\u00ae imperm\u00e9able de haute qualit\u00e9 avec fermetures \u00e9clair YKK\u00ae originales.<br \/>\nDesign \u00e0 capuche tr\u00e8s moderne, tendance et fonctionnel.<br \/>\n2 grandes poches \u00e0 l&#039;arri\u00e8re et \u00e0 l&#039;avant et 2 poches zipp\u00e9es \u00e0 l&#039;avant.<\/p>\n<p>Couleur : noir avec n\u00e9on et noir avec rouge<\/p>\n<p>Tr\u00e8s r\u00e9sistant \u00e0 l&#039;usure<br \/>\nFacile \u00e0 maintenir<br \/>\nR\u00e9sistant \u00e0 la pourriture et \u00e0 la moisissure<br \/>\nLook \u00e9l\u00e9gant<br \/>\nR\u00e9sistance exceptionnelle \u00e0 la salet\u00e9 et \u00e0 la d\u00e9chirure<br \/>\nMat\u00e9riau l\u00e9ger et solide<\/p>\n<p>Tour de poitrine:<\/p>\n<ul>\n<li>Taille S \u2013 110cm<\/li>\n<li>Taille M \u2013 114cm<\/li>\n<li>Taille L \u2013 120cm<\/li>\n<li>Taille XL - 124cm<\/li>\n<\/ul>\n<p><span style=\"color: #000000; background-color: #ffffff; font-size: 13px; text-align: left; display: inline !important; float: none; text-decoration: none;\">Si votre taille ne figure pas dans le tableau, veuillez nous contacter. Nous fabriquons ces gilets d&#039;entra\u00eenement dans notre propre usine et pouvons toujours vous fabriquer un gilet d&#039;entra\u00eenement adapt\u00e9.<\/span><br style=\"color: #000000; font-size: 13px; text-align: left; text-decoration: none;\" \/><span style=\"color: #000000; background-color: #ffffff; font-size: 13px; text-align: left; display: inline !important; float: none; text-decoration: none;\">Nous pouvons \u00e9galement confectionner des v\u00eatements d&#039;entrainement aux couleurs et envies de votre association.<\/span><\/p>\n<p><strong>Les v\u00eatements sont faits sur mesure pour vous et ne peuvent donc pas \u00eatre retourn\u00e9s.<\/strong><\/p>\n<p><span style=\"font-size: 13px;\"><strong><span style=\"color: #000000; background-color: #ffffff; text-align: left; display: inline !important; float: none; text-decoration: none;\">Le d\u00e9lai de livraison d\u00e9pend de la disponibilit\u00e9 des mat\u00e9riaux requis !!<\/span><\/strong><\/span><\/p>\n<p style=\"color: #000000; font-size: 13px; text-align: left; text-decoration: none;\"><a href=\"https:\/\/www.dogpride.eu\/\" target=\"_blank\" rel=\"noopener\"><img loading=\"lazy\" decoding=\"async\" class=\"alignnone wp-image-142932 size-full\" src=\"https:\/\/dogpride.nl\/wp-content\/uploads\/Logo-Pride2-2-4.png\" alt=\"\" width=\"327\" height=\"105\" srcset=\"https:\/\/dogpride.nl\/wp-content\/uploads\/Logo-Pride2-2-4.png 327w, https:\/\/dogpride.nl\/wp-content\/uploads\/Logo-Pride2-2-4-300x96.png 300w, https:\/\/dogpride.nl\/wp-content\/uploads\/Logo-Pride2-2-4-18x6.png 18w, https:\/\/dogpride.nl\/wp-content\/uploads\/Logo-Pride2-2-4-250x80.png 250w\" sizes=\"auto, (max-width: 327px) 100vw, 327px\" \/><\/a><\/p>\n<p><a href=\"https:\/\/dogpride.nl\/fr\/kleding\/trainingsvesten\/pride-trainingsvesten\/\"><img loading=\"lazy\" decoding=\"async\" class=\"alignnone\" title=\"Gilet d&#039;entra\u00eenement Pride pour femme \" src=\"https:\/\/dogpride.nl\/wp-content\/uploads\/image-10-1-150x150.jpg\" alt=\"Pride Dames trainingsvest \" width=\"150\" height=\"150\" \/><\/a><\/p>","protected":false},"excerpt":{"rendered":"<p>Gilet d&#039;entra\u00eenement pour femme. Gilet d&#039;entra\u00eenement en polyester Cordura\u00ae imperm\u00e9able de haute qualit\u00e9 avec fermetures \u00e9clair YKK\u00ae originales. Couleur : noir avec n\u00e9on et noir avec rouge.<\/p>","protected":false},"featured_media":130889,"template":"","meta":[],"product_brand":[],"product_cat":[3874],"product_tag":[4768,8889,3332,8890,4865,4144,4152],"class_list":{"0":"post-12671","1":"product","2":"type-product","3":"status-publish","4":"has-post-thumbnail","6":"product_cat-pride-trainingsvesten","7":"product_tag-dames","8":"product_tag-dogtraining","9":"product_tag-hondensport","10":"product_tag-hondentrainingsvest","11":"product_tag-pride","12":"product_tag-trainingsvest","13":"product_tag-vest","15":"first","16":"instock","17":"taxable","18":"shipping-taxable","19":"purchasable","20":"product-type-variable"},"mb":[],"mfb_rest_fields":["title"],"_links":{"self":[{"href":"https:\/\/dogpride.nl\/fr\/wp-json\/wp\/v2\/product\/12671","targetHints":{"allow":["GET"]}}],"collection":[{"href":"https:\/\/dogpride.nl\/fr\/wp-json\/wp\/v2\/product"}],"about":[{"href":"https:\/\/dogpride.nl\/fr\/wp-json\/wp\/v2\/types\/product"}],"wp:featuredmedia":[{"embeddable":true,"href":"https:\/\/dogpride.nl\/fr\/wp-json\/wp\/v2\/media\/130889"}],"wp:attachment":[{"href":"https:\/\/dogpride.nl\/fr\/wp-json\/wp\/v2\/media?parent=12671"}],"wp:term":[{"taxonomy":"product_brand","embeddable":true,"href":"https:\/\/dogpride.nl\/fr\/wp-json\/wp\/v2\/product_brand?post=12671"},{"taxonomy":"product_cat","embeddable":true,"href":"https:\/\/dogpride.nl\/fr\/wp-json\/wp\/v2\/product_cat?post=12671"},{"taxonomy":"product_tag","embeddable":true,"href":"https:\/\/dogpride.nl\/fr\/wp-json\/wp\/v2\/product_tag?post=12671"}],"curies":[{"name":"wp","href":"https:\/\/api.w.org\/{rel}","templated":true}]}}