{"id":12622,"date":"2019-06-20T08:56:51","date_gmt":"2019-06-20T06:56:51","guid":{"rendered":"https:\/\/dogpride1.wpengine.com\/product\/reflecterend-hondenharnas-2\/"},"modified":"2025-10-27T11:17:57","modified_gmt":"2025-10-27T10:17:57","slug":"pride-reflecterend-hondenharnas","status":"publish","type":"product","link":"https:\/\/dogpride.nl\/fr\/pride-reflecterend-hondenharnas\/","title":{"rendered":"PRIDE Harnais r\u00e9fl\u00e9chissant pour chien"},"content":{"rendered":"<h4>PRIDE Harnais r\u00e9fl\u00e9chissant pour chien<\/h4>\n<p>Le harnais pour chien r\u00e9fl\u00e9chissant PRIDE est un harnais professionnel (jaune) hautement r\u00e9fl\u00e9chissant permettant \u00e0 votre chien d&#039;\u00eatre vu de jour comme de nuit.<br \/>\nIl est fait d&#039;un mat\u00e9riau solide et lavable.<br \/>\nPRIDE Reflecterend hondenharnas biedt bescherming voor u en uw hond doordat bestuurders van voertuigen u te allen tijde gemakkelijk kunnen zien.<\/p>\n<h4>Convient aux chiens de police et de s\u00e9curit\u00e9.<\/h4>\n<p>Mod\u00e8le : H-029<br \/>\nMat\u00e9riau : Nylon durable et solide<br \/>\nCouleur jaune<\/p>\n<p><b>Borst omtrek:<\/b><\/p>\n<ul>\n<li>S &#8211; 50 cm &#8211; 75 cm<\/li>\n<li>M &#8211; 70 cm &#8211; 90 cm<\/li>\n<li>L &#8211; 85 cm &#8211; 120 cm<\/li>\n<\/ul>\n<p><span style=\"font-size: 13px;\"><strong><span style=\"color: #000000; background-color: #ffffff; text-align: left; display: inline !important; float: none; text-decoration: none;\">Si vous n&#039;avez pas trouv\u00e9 la taille que vous souhaitez ou si vous avez d&#039;autres exigences sp\u00e9cifiques, n&#039;h\u00e9sitez pas \u00e0 nous contacter et nous vous en fabriquerons une.<\/span><\/strong><\/span><\/p>\n<p>&nbsp;<\/p>\n<p><a href=\"https:\/\/dogpride.nl\/fr\/pride-reflecterend-hondenharnas\/\"><img loading=\"lazy\" decoding=\"async\" class=\"alignnone wp-image-136375\" title=\"PRIDE Harnais r\u00e9fl\u00e9chissant pour chien\" src=\"https:\/\/dogpride.nl\/wp-content\/uploads\/PRIDE-Reflecterend-hondenharnas.jpg\" alt=\"PRIDE Reflecterend hondenharnas\" width=\"366\" height=\"275\" srcset=\"https:\/\/dogpride.nl\/wp-content\/uploads\/PRIDE-Reflecterend-hondenharnas.jpg 533w, https:\/\/dogpride.nl\/wp-content\/uploads\/PRIDE-Reflecterend-hondenharnas-300x225.jpg 300w, https:\/\/dogpride.nl\/wp-content\/uploads\/PRIDE-Reflecterend-hondenharnas-16x12.jpg 16w, https:\/\/dogpride.nl\/wp-content\/uploads\/PRIDE-Reflecterend-hondenharnas-250x188.jpg 250w, https:\/\/dogpride.nl\/wp-content\/uploads\/PRIDE-Reflecterend-hondenharnas-400x300.jpg 400w\" sizes=\"auto, (max-width: 366px) 100vw, 366px\" \/><\/a><\/p>\n<p><a href=\"https:\/\/www.dogpride.eu\/\" target=\"_blank\" rel=\"noopener\"><img loading=\"lazy\" decoding=\"async\" class=\"alignnone wp-image-71202 size-medium\" src=\"https:\/\/dogpride.nl\/wp-content\/uploads\/Logo-Pride2-2-300x96.png\" alt=\"\" width=\"300\" height=\"96\" srcset=\"https:\/\/dogpride.nl\/wp-content\/uploads\/Logo-Pride2-2-300x96.png 300w, https:\/\/dogpride.nl\/wp-content\/uploads\/Logo-Pride2-2-250x80.png 250w, https:\/\/dogpride.nl\/wp-content\/uploads\/Logo-Pride2-2-200x64.png 200w, https:\/\/dogpride.nl\/wp-content\/uploads\/Logo-Pride2-2.png 327w\" sizes=\"auto, (max-width: 300px) 100vw, 300px\" \/><\/a><\/p>\n<p>&nbsp;<\/p>\n<p>&nbsp;<\/p>","protected":false},"excerpt":{"rendered":"<p>PRIDE Harnais r\u00e9fl\u00e9chissant pour chien. Harnais professionnel (jaune) hautement r\u00e9fl\u00e9chissant permettant \u00e0 votre chien d&#039;\u00eatre vu de jour comme de nuit.<\/p>","protected":false},"featured_media":23350,"template":"","meta":[],"product_brand":[],"product_cat":[1908],"product_tag":[],"class_list":{"0":"post-12622","1":"product","2":"type-product","3":"status-publish","4":"has-post-thumbnail","6":"product_cat-pride-hondenharnassen","8":"first","9":"instock","10":"taxable","11":"shipping-taxable","12":"purchasable","13":"product-type-variable"},"mb":[],"mfb_rest_fields":["title"],"_links":{"self":[{"href":"https:\/\/dogpride.nl\/fr\/wp-json\/wp\/v2\/product\/12622","targetHints":{"allow":["GET"]}}],"collection":[{"href":"https:\/\/dogpride.nl\/fr\/wp-json\/wp\/v2\/product"}],"about":[{"href":"https:\/\/dogpride.nl\/fr\/wp-json\/wp\/v2\/types\/product"}],"wp:featuredmedia":[{"embeddable":true,"href":"https:\/\/dogpride.nl\/fr\/wp-json\/wp\/v2\/media\/23350"}],"wp:attachment":[{"href":"https:\/\/dogpride.nl\/fr\/wp-json\/wp\/v2\/media?parent=12622"}],"wp:term":[{"taxonomy":"product_brand","embeddable":true,"href":"https:\/\/dogpride.nl\/fr\/wp-json\/wp\/v2\/product_brand?post=12622"},{"taxonomy":"product_cat","embeddable":true,"href":"https:\/\/dogpride.nl\/fr\/wp-json\/wp\/v2\/product_cat?post=12622"},{"taxonomy":"product_tag","embeddable":true,"href":"https:\/\/dogpride.nl\/fr\/wp-json\/wp\/v2\/product_tag?post=12622"}],"curies":[{"name":"wp","href":"https:\/\/api.w.org\/{rel}","templated":true}]}}