{"id":12609,"date":"2019-06-19T14:34:50","date_gmt":"2019-06-19T12:34:50","guid":{"rendered":"https:\/\/dogpride1.wpengine.com\/product\/verstelbaar-nylon-speurharnas-2\/"},"modified":"2025-10-31T09:39:31","modified_gmt":"2025-10-31T08:39:31","slug":"pride-verstelbaar-nylon-speurharnas","status":"publish","type":"product","link":"https:\/\/dogpride.nl\/fr\/pride-verstelbaar-nylon-speurharnas\/","title":{"rendered":"Harnais de rep\u00e9rage en nylon r\u00e9glable PRIDE"},"content":{"rendered":"<h4>Harnais de rep\u00e9rage en nylon r\u00e9glable PRIDE<\/h4>\n<div>Harnais de rep\u00e9rage en nylon r\u00e9glable PRIDE<\/div>\n<div>Harnais de rep\u00e9rage avec 3 anneaux.<br \/>\nPRIDE Verstelbaar nylon speurharnas is geweldig voor lange speurexpedities in alle weersomstandigheden. Sterk en comfortabel in elke omgeving.<br \/>\nCon\u00e7u avec une boucle \u00e0 d\u00e9gagement rapide sur les sangles arri\u00e8re, le harnais de suivi en nylon est rapide et facile \u00e0 mettre et \u00e0 enlever.<br \/>\nPRIDE Verstelbaar nylon speurharnas is gemaakt van zacht, stevig nylon dat vaak de voorkeur geniet van degenen die werken in zware, natte omstandigheden of die zich zorgen maken over het gewicht van het leren harnas.<\/div>\n<div>Le pistage en tant que sport canin peut \u00eatre une fa\u00e7on utile et amusante de passer du temps avec votre chien en plein air.<\/div>\n<div>\n<p>Le talent naturel de votre chien pour l&#039;odeur de tra\u00een\u00e9e peut \u00eatre mis \u00e0 profit dans les comp\u00e9titions de suivi de piste. \u00c0 la chasse, pour une utilisation s\u00e9rieuse ou juste pour le plaisir.<br \/>\nLe suivi est un excellent exercice mental pour votre chien et peut vous aider \u00e0 mieux comprendre la nature de votre animal.<\/p>\n<p>Harnais de rep\u00e9rage en nylon r\u00e9glable PRIDE<\/p>\n<p>Mod\u00e8le : H-004<br \/>\nMat\u00e9riau : nylon solide<br \/>\nCouleur noir<\/p>\n<h3>Tailles\u00a0:<\/h3>\n<ul>\n<li>S : Tour de poitrine 60-80 cm<\/li>\n<li><span style=\"color: #000000; background-color: #ffffff; font-size: 13px; text-align: left; display: inline !important; float: none; text-decoration: none;\">M : Tour de poitrine 70-98 cm<\/span><\/li>\n<li><span style=\"color: #000000; font-size: 13px;\">L : Tour de poitrine 90-115 cm<\/span><\/li>\n<\/ul>\n<\/div>\n<div><\/div>\n<div><a href=\"https:\/\/www.dogpride.eu\/\" target=\"_blank\" rel=\"noopener\"><img loading=\"lazy\" decoding=\"async\" class=\"alignnone wp-image-71202 size-medium\" src=\"https:\/\/dogpride.nl\/wp-content\/uploads\/Logo-Pride2-2-300x96.png\" alt=\"PRIDE\" width=\"300\" height=\"96\" srcset=\"https:\/\/dogpride.nl\/wp-content\/uploads\/Logo-Pride2-2-300x96.png 300w, https:\/\/dogpride.nl\/wp-content\/uploads\/Logo-Pride2-2-250x80.png 250w, https:\/\/dogpride.nl\/wp-content\/uploads\/Logo-Pride2-2-200x64.png 200w, https:\/\/dogpride.nl\/wp-content\/uploads\/Logo-Pride2-2.png 327w\" sizes=\"auto, (max-width: 300px) 100vw, 300px\" \/><\/a><\/div>\n<div><a href=\"https:\/\/dogpride.nl\/fr\/lijnen-en-tuigjes-voor-honden\/pride-hondenharnassen\/\"><img loading=\"lazy\" decoding=\"async\" class=\"alignnone wp-image-136362 size-thumbnail\" title=\"Harnais de rep\u00e9rage en nylon r\u00e9glable PRIDE\" src=\"https:\/\/dogpride.nl\/wp-content\/uploads\/PRIDE-Verstelbaar-nylon-speurharnas-150x150.jpg\" alt=\"PRIDE Verstelbaar nylon speurharnas\" width=\"150\" height=\"150\" srcset=\"https:\/\/dogpride.nl\/wp-content\/uploads\/PRIDE-Verstelbaar-nylon-speurharnas-150x150.jpg 150w, https:\/\/dogpride.nl\/wp-content\/uploads\/PRIDE-Verstelbaar-nylon-speurharnas-100x100.jpg 100w\" sizes=\"auto, (max-width: 150px) 100vw, 150px\" \/><\/a><\/div>","protected":false},"excerpt":{"rendered":"<p>Le harnais est fait de nylon doux et r\u00e9sistant qui est souvent pr\u00e9f\u00e9r\u00e9 par ceux qui travaillent dans des conditions difficiles et humides ou qui sont pr\u00e9occup\u00e9s par le poids du harnais en cuir.<\/p>","protected":false},"featured_media":20008,"template":"","meta":[],"product_brand":[],"product_cat":[1908],"product_tag":[],"class_list":{"0":"post-12609","1":"product","2":"type-product","3":"status-publish","4":"has-post-thumbnail","6":"product_cat-pride-hondenharnassen","8":"first","9":"instock","10":"taxable","11":"shipping-taxable","12":"purchasable","13":"product-type-variable"},"mb":[],"mfb_rest_fields":["title"],"_links":{"self":[{"href":"https:\/\/dogpride.nl\/fr\/wp-json\/wp\/v2\/product\/12609","targetHints":{"allow":["GET"]}}],"collection":[{"href":"https:\/\/dogpride.nl\/fr\/wp-json\/wp\/v2\/product"}],"about":[{"href":"https:\/\/dogpride.nl\/fr\/wp-json\/wp\/v2\/types\/product"}],"wp:featuredmedia":[{"embeddable":true,"href":"https:\/\/dogpride.nl\/fr\/wp-json\/wp\/v2\/media\/20008"}],"wp:attachment":[{"href":"https:\/\/dogpride.nl\/fr\/wp-json\/wp\/v2\/media?parent=12609"}],"wp:term":[{"taxonomy":"product_brand","embeddable":true,"href":"https:\/\/dogpride.nl\/fr\/wp-json\/wp\/v2\/product_brand?post=12609"},{"taxonomy":"product_cat","embeddable":true,"href":"https:\/\/dogpride.nl\/fr\/wp-json\/wp\/v2\/product_cat?post=12609"},{"taxonomy":"product_tag","embeddable":true,"href":"https:\/\/dogpride.nl\/fr\/wp-json\/wp\/v2\/product_tag?post=12609"}],"curies":[{"name":"wp","href":"https:\/\/api.w.org\/{rel}","templated":true}]}}