{"id":12597,"date":"2019-06-19T12:28:02","date_gmt":"2019-06-19T10:28:02","guid":{"rendered":"https:\/\/dogpride1.wpengine.com\/product\/biothane-hondenlijn-police-2\/"},"modified":"2025-10-28T12:53:28","modified_gmt":"2025-10-28T11:53:28","slug":"pride-biothane-hondenlijn-police","status":"publish","type":"product","link":"https:\/\/dogpride.nl\/fr\/pride-biothane-hondenlijn-police\/","title":{"rendered":"PRIDE Biothane Hondenlijn Police"},"content":{"rendered":"<h4>PRIDE Biothane Hondenlijn Police<\/h4>\n<p>PRIDE Biothane Hondenlijn Police<\/p>\n<div>PRIDE Biothane Hondenlijn Police gemaakt van het beste Biothanemateriaal.<br \/>\nIl y a plusieurs anneaux sur la laisse afin que vous puissiez varier la longueur. Nos lignes All-Wather-Biothane ont l&#039;apparence et la sensation du cuir, mais avec une r\u00e9sistance sup\u00e9rieure et aucun entretien.<\/div>\n<div>C&#039;est le type de laisse recommand\u00e9 par les soci\u00e9t\u00e9s de police et de s\u00e9curit\u00e9, les unit\u00e9s cynophiles et militaires, c&#039;est aussi la laisse recommand\u00e9e par les dresseurs de chiens.<\/div>\n<div>\n<p>La ligne n&#039;absorbe pas l&#039;eau et ne s&#039;alourdit pas.<br \/>\nId\u00e9al pour les mains moites<br \/>\nId\u00e9al par temps humide<br \/>\nId\u00e9al pour jouer dans l&#039;eau<\/p>\n<p>Comment utiliser cette laisse pour chien :<\/p>\n<p>- Par dessus l&#039;\u00e9paule:<br \/>\nAmenez l&#039;extr\u00e9mit\u00e9 de la poign\u00e9e sur votre \u00e9paule oppos\u00e9e au c\u00f4t\u00e9 o\u00f9 vous voulez promener votre chien sur votre dos et sous votre bras.<br \/>\nAttachez ce mousqueton \u00e0 l&#039;anneau &quot;o&quot; flottant pour cr\u00e9er une boucle sur le haut de votre corps.<br \/>\nAttachez votre chien \u00e0 l&#039;autre extr\u00e9mit\u00e9 et c&#039;est parti\u00a0!<\/p>\n<p>\u2013 Marche avec 2 chiens : attachez simplement un chien \u00e0 chaque mousqueton et gardez la laisse au milieu.<\/p>\n<p>Couleur noir<\/p>\n<\/div>\n<p><a href=\"https:\/\/dogpride.nl\/fr\/lijnen-en-tuigjes-voor-honden\/pride-hondenlijnen\/\"><img loading=\"lazy\" decoding=\"async\" class=\"alignnone wp-image-136418 size-thumbnail\" src=\"https:\/\/dogpride.nl\/wp-content\/uploads\/PRIDE-Biothane-Hondenlijn-Police-150x150.jpg\" alt=\"PRIDE Biothane Hondenlijn Police\" width=\"150\" height=\"150\" srcset=\"https:\/\/dogpride.nl\/wp-content\/uploads\/PRIDE-Biothane-Hondenlijn-Police-150x150.jpg 150w, https:\/\/dogpride.nl\/wp-content\/uploads\/PRIDE-Biothane-Hondenlijn-Police-100x100.jpg 100w\" sizes=\"auto, (max-width: 150px) 100vw, 150px\" \/><\/a><\/p>\n<p><a href=\"https:\/\/www.dogpride.eu\/\" target=\"_blank\" rel=\"noopener\"><img loading=\"lazy\" decoding=\"async\" class=\"alignnone wp-image-70657 size-medium\" src=\"https:\/\/dogpride.nl\/wp-content\/uploads\/Logo-Pride2-1-300x96.png\" alt=\"logo\" width=\"300\" height=\"96\" srcset=\"https:\/\/dogpride.nl\/wp-content\/uploads\/Logo-Pride2-1-300x96.png 300w, https:\/\/dogpride.nl\/wp-content\/uploads\/Logo-Pride2-1-250x80.png 250w, https:\/\/dogpride.nl\/wp-content\/uploads\/Logo-Pride2-1-200x64.png 200w, https:\/\/dogpride.nl\/wp-content\/uploads\/Logo-Pride2-1.png 327w\" sizes=\"auto, (max-width: 300px) 100vw, 300px\" \/><\/a><\/p>","protected":false},"excerpt":{"rendered":"<p>PRIDE Biothane Hondenlijn PolicedDit is het type lead dat wordt aanbevolen door politie- en beveiligingsbedrijven, hondenunits en leger, het is ook de leiding die door trainers van honden wordt aanbevolen.<\/p>","protected":false},"featured_media":20006,"template":"","meta":[],"product_brand":[],"product_cat":[192],"product_tag":[],"class_list":{"0":"post-12597","1":"product","2":"type-product","3":"status-publish","4":"has-post-thumbnail","6":"product_cat-pride-hondenlijnen","8":"first","9":"instock","10":"taxable","11":"shipping-taxable","12":"purchasable","13":"product-type-simple"},"mb":[],"mfb_rest_fields":["title"],"_links":{"self":[{"href":"https:\/\/dogpride.nl\/fr\/wp-json\/wp\/v2\/product\/12597","targetHints":{"allow":["GET"]}}],"collection":[{"href":"https:\/\/dogpride.nl\/fr\/wp-json\/wp\/v2\/product"}],"about":[{"href":"https:\/\/dogpride.nl\/fr\/wp-json\/wp\/v2\/types\/product"}],"wp:featuredmedia":[{"embeddable":true,"href":"https:\/\/dogpride.nl\/fr\/wp-json\/wp\/v2\/media\/20006"}],"wp:attachment":[{"href":"https:\/\/dogpride.nl\/fr\/wp-json\/wp\/v2\/media?parent=12597"}],"wp:term":[{"taxonomy":"product_brand","embeddable":true,"href":"https:\/\/dogpride.nl\/fr\/wp-json\/wp\/v2\/product_brand?post=12597"},{"taxonomy":"product_cat","embeddable":true,"href":"https:\/\/dogpride.nl\/fr\/wp-json\/wp\/v2\/product_cat?post=12597"},{"taxonomy":"product_tag","embeddable":true,"href":"https:\/\/dogpride.nl\/fr\/wp-json\/wp\/v2\/product_tag?post=12597"}],"curies":[{"name":"wp","href":"https:\/\/api.w.org\/{rel}","templated":true}]}}