{"id":12579,"date":"2019-06-19T09:58:04","date_gmt":"2019-06-19T07:58:04","guid":{"rendered":"https:\/\/dogpride1.wpengine.com\/product\/zacht-lederen-hondenlijn-met-kong-frog-sluiting-2\/"},"modified":"2025-10-28T13:29:56","modified_gmt":"2025-10-28T12:29:56","slug":"pride-zacht-lederen-hondenlijn-met-kong-frog-sluiting","status":"publish","type":"product","link":"https:\/\/dogpride.nl\/fr\/pride-zacht-lederen-hondenlijn-met-kong-frog-sluiting\/","title":{"rendered":"PRIDE Laisse pour chien en cuir souple avec fermeture Kong Frog"},"content":{"rendered":"<h4>PRIDE Laisse pour chien en cuir souple avec fermeture Kong Frog<\/h4>\n<p>PRIDE Laisse pour chien en cuir souple avec fermeture Kong Frog<\/p>\n<p>Cette laisse en cuir souple avec fermeture Kong Frog convient \u00e0 la plupart des chiens.<\/p>\n<p>La laisse a une longueur confortable d&#039;environ 110 cm \/ 150 cm, de sorte que vous ne tr\u00e9bucherez pas ou ne donnerez pas de coups de pied \u00e0 votre chien s&#039;il aime marcher pour vous.<br \/>\nCuir souple<br \/>\nPas de poign\u00e9e<br \/>\nConnecteur m\u00e9tallique \u00e0 d\u00e9connexion rapide Kong Frog\u2122<br \/>\nId\u00e9al pour la formation de chien et pour la promenade de chien\/animal de compagnie, la formation (protection\/travail de morsure) et les services K9.<\/p>\n<p>Le point fort de cette ligne est la fermeture de Kong Frog. Le mousqueton Kong Frog est fabriqu\u00e9 en Italie en alliage d&#039;aluminium \u00e0 l&#039;aide d&#039;une machine CNC. Cette carabine a \u00e9t\u00e9 test\u00e9e et \u00e9valu\u00e9e pour r\u00e9sister \u00e0 une force de 26 kilo-newtons. Le Kong Frog est con\u00e7u pour s&#039;accrocher rapidement et en toute s\u00e9curit\u00e9 pour un maximum de confort et de s\u00e9curit\u00e9.<br \/>\nCes fermetures Kong Frog sont extr\u00eamement durables.<\/p>\n<p>Un bon, beau et fort style d&#039;exposition, id\u00e9al pour l&#039;exposition, le dressage de chiens, le travail ou l&#039;utilisation quotidienne.<\/p>\n<p>Mod\u00e8le : L-056Frog<br \/>\nMat\u00e9riel: Cuir<br \/>\nCouleur marron<\/p>\n<p>Longueur:<br \/>\n110cm<br \/>\n150cm<\/p>\n<p><a href=\"https:\/\/dogpride.nl\/fr\/pride-zacht-lederen-hondenlijn-met-kong-frog-sluiting\/\"><img loading=\"lazy\" decoding=\"async\" class=\"alignnone wp-image-136432 size-medium\" src=\"https:\/\/dogpride.nl\/wp-content\/uploads\/PRIDE-Zacht-lederen-hondenlijn-met-Kong-Frog-sluiting-300x225.jpg\" alt=\"PRIDE Zacht lederen hondenlijn met Kong Frog sluiting\" width=\"300\" height=\"225\" srcset=\"https:\/\/dogpride.nl\/wp-content\/uploads\/PRIDE-Zacht-lederen-hondenlijn-met-Kong-Frog-sluiting-300x225.jpg 300w, https:\/\/dogpride.nl\/wp-content\/uploads\/PRIDE-Zacht-lederen-hondenlijn-met-Kong-Frog-sluiting-16x12.jpg 16w, https:\/\/dogpride.nl\/wp-content\/uploads\/PRIDE-Zacht-lederen-hondenlijn-met-Kong-Frog-sluiting-250x188.jpg 250w, https:\/\/dogpride.nl\/wp-content\/uploads\/PRIDE-Zacht-lederen-hondenlijn-met-Kong-Frog-sluiting-400x300.jpg 400w, https:\/\/dogpride.nl\/wp-content\/uploads\/PRIDE-Zacht-lederen-hondenlijn-met-Kong-Frog-sluiting.jpg 480w\" sizes=\"auto, (max-width: 300px) 100vw, 300px\" \/><\/a><\/p>\n<p>&nbsp;<\/p>\n<p><a href=\"https:\/\/www.dogpride.eu\/\" target=\"_blank\" rel=\"noopener\"><img loading=\"lazy\" decoding=\"async\" class=\"alignnone wp-image-70657 size-medium\" src=\"https:\/\/dogpride.nl\/wp-content\/uploads\/Logo-Pride2-1-300x96.png\" alt=\"\" width=\"300\" height=\"96\" srcset=\"https:\/\/dogpride.nl\/wp-content\/uploads\/Logo-Pride2-1-300x96.png 300w, https:\/\/dogpride.nl\/wp-content\/uploads\/Logo-Pride2-1-250x80.png 250w, https:\/\/dogpride.nl\/wp-content\/uploads\/Logo-Pride2-1-200x64.png 200w, https:\/\/dogpride.nl\/wp-content\/uploads\/Logo-Pride2-1.png 327w\" sizes=\"auto, (max-width: 300px) 100vw, 300px\" \/><\/a><\/p>\n<p>&nbsp;<\/p>","protected":false},"excerpt":{"rendered":"<p>Laisse pour chien PRIDE en cuir souple avec fermeture Kong Frog. Cette laisse en cuir souple avec fermeture Kong Frog convient \u00e0 la plupart des chiens.<\/p>","protected":false},"featured_media":19999,"template":"","meta":[],"product_brand":[],"product_cat":[192],"product_tag":[8907,10983,10976,10986,7782,7784,10984,10985,10987,10981,10982,7865,5110,10972,10970,6554,7445,10989,10971,10966,5226,10990,4979,10969,10977,5161,5727,5505,8570,10975,8504,10967,10980,10973,8834,10979,10968,7524,5034,3157,10991,10974,10988,10978,4121,2969],"class_list":{"0":"post-12579","1":"product","2":"type-product","3":"status-publish","4":"has-post-thumbnail","6":"product_cat-pride-hondenlijnen","7":"product_tag-1-m","8":"product_tag-1-5-m","9":"product_tag-100-waterdicht","10":"product_tag-15-m","11":"product_tag-2-m","12":"product_tag-20-mm","13":"product_tag-3-m","14":"product_tag-300-cm","15":"product_tag-45-ft","16":"product_tag-50-cm","17":"product_tag-70-cm","18":"product_tag-anti-slip","19":"product_tag-biothane","20":"product_tag-bite-work","21":"product_tag-brass-fittings","22":"product_tag-diverse-kleuren","23":"product_tag-extra-handvat","24":"product_tag-hands-free","25":"product_tag-k9-services","26":"product_tag-katoen","27":"product_tag-kong-frog","28":"product_tag-leash-collar-in-one","29":"product_tag-leer","30":"product_tag-messing-snap-hook","31":"product_tag-neemt-geen-water-op","32":"product_tag-nylon","33":"product_tag-patrol","34":"product_tag-police","35":"product_tag-protection","36":"product_tag-quick-release","37":"product_tag-rope","38":"product_tag-rubberised","39":"product_tag-secure-grip","40":"product_tag-show","41":"product_tag-soft","42":"product_tag-soft-leather","43":"product_tag-super-grip","44":"product_tag-touw","45":"product_tag-tracking","46":"product_tag-training","47":"product_tag-two-dog-coupler","48":"product_tag-walking","49":"product_tag-walking-loop","50":"product_tag-wasbaar","51":"product_tag-waterproof","52":"product_tag-zwart","54":"first","55":"instock","56":"taxable","57":"shipping-taxable","58":"purchasable","59":"product-type-variable"},"mb":[],"mfb_rest_fields":["title"],"_links":{"self":[{"href":"https:\/\/dogpride.nl\/fr\/wp-json\/wp\/v2\/product\/12579","targetHints":{"allow":["GET"]}}],"collection":[{"href":"https:\/\/dogpride.nl\/fr\/wp-json\/wp\/v2\/product"}],"about":[{"href":"https:\/\/dogpride.nl\/fr\/wp-json\/wp\/v2\/types\/product"}],"wp:featuredmedia":[{"embeddable":true,"href":"https:\/\/dogpride.nl\/fr\/wp-json\/wp\/v2\/media\/19999"}],"wp:attachment":[{"href":"https:\/\/dogpride.nl\/fr\/wp-json\/wp\/v2\/media?parent=12579"}],"wp:term":[{"taxonomy":"product_brand","embeddable":true,"href":"https:\/\/dogpride.nl\/fr\/wp-json\/wp\/v2\/product_brand?post=12579"},{"taxonomy":"product_cat","embeddable":true,"href":"https:\/\/dogpride.nl\/fr\/wp-json\/wp\/v2\/product_cat?post=12579"},{"taxonomy":"product_tag","embeddable":true,"href":"https:\/\/dogpride.nl\/fr\/wp-json\/wp\/v2\/product_tag?post=12579"}],"curies":[{"name":"wp","href":"https:\/\/api.w.org\/{rel}","templated":true}]}}