{"id":12564,"date":"2019-06-19T08:19:16","date_gmt":"2019-06-19T06:19:16","guid":{"rendered":"https:\/\/dogpride1.wpengine.com\/product\/prikhalsband-met-cobra-sluiting-2\/"},"modified":"2026-05-12T17:06:18","modified_gmt":"2026-05-12T15:06:18","slug":"pride-trainingshalsband-met-cobra-sluiting","status":"publish","type":"product","link":"https:\/\/dogpride.nl\/fr\/pride-trainingshalsband-met-cobra-sluiting\/","title":{"rendered":"PRIDE Trainingshalsband met COBRA sluiting"},"content":{"rendered":"<h4>PRIDE Trainingshalsband met COBRA sluiting<\/h4>\n<p>PRIDE Trainingshalsband met COBRA sluiting<\/p>\n<div style=\"color: #000000; font-size: 13px; text-align: left; text-decoration: none;\">DePRIDE Trainingshalsband met COBRA sluiting is een buitengewoon effectief alternatief voor een slipketting voor het begeleiden van uw hond tijdens het wandelen en is ideaal voor eigenaren van honden die aan de riem trekken.<br \/>\nDe prikband is een zachte methode om te voorkomen dat uw honden zichzelf gaan stikken en onnodige druk uitoefenen op de nek. Bij correct gebruik biedt de prikband fantastische en direct merkbare resultaten.<br \/>\nNous vous recommandons fortement d&#039;utiliser le collier \u00e0 bon escient afin de ne pas blesser votre chien et si \u00e0 un moment donn\u00e9 vous avez un doute, arr\u00eatez-vous et consultez un dresseur qualifi\u00e9.<\/div>\n<div style=\"color: #000000; font-size: 13px; text-align: left; text-decoration: none;\">De PRIDE Trainingshalsband met COBRA sluiting is het best geschikt voor gebruik met een korte riem om uw hond dichtbij te houden.<br \/>\nL&#039;hypoth\u00e8se selon laquelle ce collier &quot;serre&quot; lorsqu&#039;une pression est appliqu\u00e9e sur le chien n&#039;est pas vraie. La sangle de rappel ne pince pas d&#039;une mani\u00e8re qui pourrait causer des blessures.<\/div>\n<div style=\"color: #000000; font-size: 13px; text-align: left; text-decoration: none;\">N&#039;oubliez pas de ne JAMAIS glisser ces types de colliers \u00e0 pointes sur la t\u00eate de votre chien.<\/div>\n<div><a href=\"https:\/\/dogpride.nl\/fr\/pride-trainingshalsband-met-cobra-sluiting\/\"><img loading=\"lazy\" decoding=\"async\" class=\"alignnone wp-image-136969\" src=\"https:\/\/dogpride.nl\/wp-content\/uploads\/PRIDE-Trainingshalsband-met-COBRA-sluiting.jpg\" alt=\"PRIDE Trainingshalsband met COBRA sluiting\" width=\"278\" height=\"185\" srcset=\"https:\/\/dogpride.nl\/wp-content\/uploads\/PRIDE-Trainingshalsband-met-COBRA-sluiting.jpg 900w, https:\/\/dogpride.nl\/wp-content\/uploads\/PRIDE-Trainingshalsband-met-COBRA-sluiting-300x200.jpg 300w, https:\/\/dogpride.nl\/wp-content\/uploads\/PRIDE-Trainingshalsband-met-COBRA-sluiting-768x512.jpg 768w, https:\/\/dogpride.nl\/wp-content\/uploads\/PRIDE-Trainingshalsband-met-COBRA-sluiting-18x12.jpg 18w, https:\/\/dogpride.nl\/wp-content\/uploads\/PRIDE-Trainingshalsband-met-COBRA-sluiting-250x167.jpg 250w, https:\/\/dogpride.nl\/wp-content\/uploads\/PRIDE-Trainingshalsband-met-COBRA-sluiting-400x267.jpg 400w\" sizes=\"auto, (max-width: 278px) 100vw, 278px\" \/><\/a><\/div>\n<div style=\"color: #000000; font-size: 13px; text-align: left; text-decoration: none;\">La goupille doit \u00eatre appliqu\u00e9e de mani\u00e8re \u00e0 ce que les goupilles pointent vers l&#039;int\u00e9rieur. Le collier doit \u00eatre retir\u00e9 lorsque le chien n&#039;est plus en laisse et qu&#039;il a de la place pour courir ou jouer.<br \/>\nLe collier \u00e0 pointes ne remplace pas le collier habituel de votre chien et peut \u00eatre utilis\u00e9 avec presque tous les colliers que votre chien porte au quotidien.<\/div>\n<div style=\"color: #000000; font-size: 13px; text-align: left; text-decoration: none;\">Assurez-vous de bien mesurer le cou de votre chien avant d&#039;installer le collier. La sangle \u00e0 griffes se r\u00e8gle tr\u00e8s facilement en ajoutant ou en supprimant des maillons.<\/div>\n<div><\/div>\n<div><span style=\"color: #000000;\"><span style=\"background-color: #ffffff; font-size: 10pt; text-align: left; display: inline; float: none; text-decoration: none;\">Mannequin : <span id=\"sku\" class=\"p-model\" style=\"color: #000000; text-align: left; text-decoration: none;\">CL-037C<\/span><\/span><br \/>\n<\/span><span style=\"color: #000000;\">Longueur : \u00b1 60 cm<br \/>\nLargeur : \u00b1 30 mm<\/span><\/div>\n<div><\/div>\n<p style=\"color: #000000; font-size: 13px; text-align: left; text-decoration: none;\"><a href=\"https:\/\/www.dogpride.eu\/\" target=\"_blank\" rel=\"noopener\"><img loading=\"lazy\" decoding=\"async\" class=\"alignnone wp-image-70657 size-medium\" src=\"https:\/\/dogpride.nl\/wp-content\/uploads\/Logo-Pride2-1-300x96.png\" alt=\"Logo PRIDE\" width=\"300\" height=\"96\" srcset=\"https:\/\/dogpride.nl\/wp-content\/uploads\/Logo-Pride2-1-300x96.png 300w, https:\/\/dogpride.nl\/wp-content\/uploads\/Logo-Pride2-1-250x80.png 250w, https:\/\/dogpride.nl\/wp-content\/uploads\/Logo-Pride2-1-200x64.png 200w, https:\/\/dogpride.nl\/wp-content\/uploads\/Logo-Pride2-1.png 327w\" sizes=\"auto, (max-width: 300px) 100vw, 300px\" \/><\/a><\/p>\n<p><a href=\"https:\/\/dogpride.nl\/fr\/pride-trainingshalsband-met-cobra-sluiting\/\"><img loading=\"lazy\" decoding=\"async\" class=\"alignnone wp-image-136969\" src=\"https:\/\/dogpride.nl\/wp-content\/uploads\/PRIDE-Trainingshalsband-met-COBRA-sluiting.jpg\" alt=\"PRIDE Trainingshalsband met COBRA sluiting\" width=\"278\" height=\"185\" srcset=\"https:\/\/dogpride.nl\/wp-content\/uploads\/PRIDE-Trainingshalsband-met-COBRA-sluiting.jpg 900w, https:\/\/dogpride.nl\/wp-content\/uploads\/PRIDE-Trainingshalsband-met-COBRA-sluiting-300x200.jpg 300w, https:\/\/dogpride.nl\/wp-content\/uploads\/PRIDE-Trainingshalsband-met-COBRA-sluiting-768x512.jpg 768w, https:\/\/dogpride.nl\/wp-content\/uploads\/PRIDE-Trainingshalsband-met-COBRA-sluiting-18x12.jpg 18w, https:\/\/dogpride.nl\/wp-content\/uploads\/PRIDE-Trainingshalsband-met-COBRA-sluiting-250x167.jpg 250w, https:\/\/dogpride.nl\/wp-content\/uploads\/PRIDE-Trainingshalsband-met-COBRA-sluiting-400x267.jpg 400w\" sizes=\"auto, (max-width: 278px) 100vw, 278px\" \/><\/a><\/p>\n<p>&nbsp;<\/p>","protected":false},"excerpt":{"rendered":"<p>Le Prong Collar est une alternative extr\u00eamement efficace \u00e0 une cha\u00eene \u00e0 glissi\u00e8re pour guider votre chien en promenade et est id\u00e9al pour les propri\u00e9taires de chiens qui tirent en laisse.<\/p>","protected":false},"featured_media":19994,"template":"","meta":[],"product_brand":[],"product_cat":[90],"product_tag":[4868,8486,8254,6349,3332,6477,10823,7558,4865,10759,10780,5122,10824,4866,10825,3157,6677,7444,3389],"class_list":{"0":"post-12564","1":"product","2":"type-product","3":"status-publish","4":"has-post-thumbnail","6":"product_cat-pride-hondenhalsbanden","7":"product_tag-cobra-sluiting","8":"product_tag-comfortabel","9":"product_tag-duurzaam","10":"product_tag-hondenhalsband","11":"product_tag-hondensport","12":"product_tag-hondentraining","13":"product_tag-luxe-accessoire","14":"product_tag-pinhalsband","15":"product_tag-pride","16":"product_tag-pride-collectie","17":"product_tag-pride-halsband","18":"product_tag-prikhalsband","19":"product_tag-robuust","20":"product_tag-sterke-halsband","21":"product_tag-stijlvol","22":"product_tag-training","23":"product_tag-trainingshalsband","24":"product_tag-verstelbaar","25":"product_tag-werkhond","27":"first","28":"instock","29":"taxable","30":"shipping-taxable","31":"purchasable","32":"product-type-simple"},"exclude_global_add_ons":[],"addons":[],"mb":[],"mfb_rest_fields":["title","exclude_global_add_ons","addons"],"_links":{"self":[{"href":"https:\/\/dogpride.nl\/fr\/wp-json\/wp\/v2\/product\/12564","targetHints":{"allow":["GET"]}}],"collection":[{"href":"https:\/\/dogpride.nl\/fr\/wp-json\/wp\/v2\/product"}],"about":[{"href":"https:\/\/dogpride.nl\/fr\/wp-json\/wp\/v2\/types\/product"}],"wp:featuredmedia":[{"embeddable":true,"href":"https:\/\/dogpride.nl\/fr\/wp-json\/wp\/v2\/media\/19994"}],"wp:attachment":[{"href":"https:\/\/dogpride.nl\/fr\/wp-json\/wp\/v2\/media?parent=12564"}],"wp:term":[{"taxonomy":"product_brand","embeddable":true,"href":"https:\/\/dogpride.nl\/fr\/wp-json\/wp\/v2\/product_brand?post=12564"},{"taxonomy":"product_cat","embeddable":true,"href":"https:\/\/dogpride.nl\/fr\/wp-json\/wp\/v2\/product_cat?post=12564"},{"taxonomy":"product_tag","embeddable":true,"href":"https:\/\/dogpride.nl\/fr\/wp-json\/wp\/v2\/product_tag?post=12564"}],"curies":[{"name":"wp","href":"https:\/\/api.w.org\/{rel}","templated":true}]}}