{"id":12548,"date":"2019-06-18T15:29:31","date_gmt":"2019-06-18T13:29:31","guid":{"rendered":"https:\/\/dogpride1.wpengine.com\/product\/pride-nylon-leiband-2\/"},"modified":"2025-10-28T13:51:45","modified_gmt":"2025-10-28T12:51:45","slug":"pride-nylon-leiband-loop","status":"publish","type":"product","link":"https:\/\/dogpride.nl\/fr\/pride-nylon-leiband-loop\/","title":{"rendered":"BOUCLE de laisse en nylon PRIDE"},"content":{"rendered":"<h4>BOUCLE de laisse en nylon PRIDE<\/h4>\n<div>Id\u00e9al pour l&#039;ob\u00e9issance et l&#039;entra\u00eenement \u00e0 la morsure<br \/>\nCette ligne de travail est faite d&#039;un mat\u00e9riau antid\u00e9rapant avec du caoutchouc et a une texture l\u00e9g\u00e8re. La ligne n&#039;absorbe pas l&#039;eau et ne s&#039;alourdit pas.<\/div>\n<div>\n<p>Mat\u00e9riau antid\u00e9rapant en nylon de 20 mm de large. Antid\u00e9rapant sous la pluie ou avec une main moite ou un chien fort o\u00f9 une bonne prise en main est n\u00e9cessaire. Lavable.<\/p>\n<p>Disponible dans les couleurs : Bleu, Rouge, Vert, Violet<\/p>\n<\/div>\n<div>Id\u00e9al pour les mains moites<br \/>\nId\u00e9al par temps humide<br \/>\nId\u00e9al pour jouer dans l&#039;eau<br \/>\nMaintien s\u00e9curis\u00e9<\/div>\n<div><\/div>\n<div>Mat\u00e9riau : Nylon avec antid\u00e9rapant<br \/>\nLargeur : 20 mm<br \/>\nLengte: max 55cmGeschikt voor honden tot 40 kg<\/div>\n<div><\/div>\n<div><a href=\"https:\/\/www.dogpride.eu\/\" target=\"_blank\" rel=\"noopener\"><img loading=\"lazy\" decoding=\"async\" class=\"alignnone wp-image-70657 size-medium\" src=\"https:\/\/dogpride.nl\/wp-content\/uploads\/Logo-Pride2-1-300x96.png\" alt=\"\" width=\"300\" height=\"96\" srcset=\"https:\/\/dogpride.nl\/wp-content\/uploads\/Logo-Pride2-1-300x96.png 300w, https:\/\/dogpride.nl\/wp-content\/uploads\/Logo-Pride2-1-250x80.png 250w, https:\/\/dogpride.nl\/wp-content\/uploads\/Logo-Pride2-1-200x64.png 200w, https:\/\/dogpride.nl\/wp-content\/uploads\/Logo-Pride2-1.png 327w\" sizes=\"auto, (max-width: 300px) 100vw, 300px\" \/><\/a><\/div>\n<p>&nbsp;<\/p>\n<div><\/div>\n<div><\/div>\n<div><a href=\"https:\/\/dogpride.nl\/fr\/pride-nylon-leiband-loop\/\"><img loading=\"lazy\" decoding=\"async\" class=\"alignnone wp-image-136446 size-medium\" src=\"https:\/\/dogpride.nl\/wp-content\/uploads\/PRIDE-Nylon-leiband-LOOP-300x225.jpg\" alt=\"PRIDE Nylon leiband LOOP\" width=\"300\" height=\"225\" srcset=\"https:\/\/dogpride.nl\/wp-content\/uploads\/PRIDE-Nylon-leiband-LOOP-300x225.jpg 300w, https:\/\/dogpride.nl\/wp-content\/uploads\/PRIDE-Nylon-leiband-LOOP-1024x768.jpg 1024w, https:\/\/dogpride.nl\/wp-content\/uploads\/PRIDE-Nylon-leiband-LOOP-768x576.jpg 768w, https:\/\/dogpride.nl\/wp-content\/uploads\/PRIDE-Nylon-leiband-LOOP-1536x1152.jpg 1536w, https:\/\/dogpride.nl\/wp-content\/uploads\/PRIDE-Nylon-leiband-LOOP-16x12.jpg 16w, https:\/\/dogpride.nl\/wp-content\/uploads\/PRIDE-Nylon-leiband-LOOP-250x187.jpg 250w, https:\/\/dogpride.nl\/wp-content\/uploads\/PRIDE-Nylon-leiband-LOOP-400x300.jpg 400w, https:\/\/dogpride.nl\/wp-content\/uploads\/PRIDE-Nylon-leiband-LOOP.jpg 1707w\" sizes=\"auto, (max-width: 300px) 100vw, 300px\" \/><\/a><\/div>\n<div><\/div>\n<div>\n<p>&nbsp;<\/p>\n<\/div>","protected":false},"excerpt":{"rendered":"<p>Boucle de laisse PRIDE en nylon. Cette ligne de travail est faite d&#039;un mat\u00e9riau antid\u00e9rapant avec du caoutchouc et a une texture l\u00e9g\u00e8re.<\/p>","protected":false},"featured_media":23194,"template":"","meta":[],"product_brand":[],"product_cat":[192],"product_tag":[7433,10992,10993,5863,10994,7865,5110,8254,10995,10425,4867,4566,5226,4979,6215,5717,10975,8834,10968,5034,3157,10978,4121,2969],"class_list":{"0":"post-12548","1":"product","2":"type-product","3":"status-publish","4":"has-post-thumbnail","6":"product_cat-pride-hondenlijnen","7":"product_tag-10m","8":"product_tag-1m","9":"product_tag-2m","10":"product_tag-3m","11":"product_tag-5m","12":"product_tag-anti-slip","13":"product_tag-biothane","14":"product_tag-duurzaam","15":"product_tag-gekleurd","16":"product_tag-handgemaakt","17":"product_tag-handvat","18":"product_tag-k9","19":"product_tag-kong-frog","20":"product_tag-leer","21":"product_tag-messing","22":"product_tag-politie","23":"product_tag-quick-release","24":"product_tag-soft","25":"product_tag-super-grip","26":"product_tag-tracking","27":"product_tag-training","28":"product_tag-wasbaar","29":"product_tag-waterproof","30":"product_tag-zwart","32":"first","33":"instock","34":"taxable","35":"shipping-taxable","36":"purchasable","37":"product-type-variable"},"mb":[],"mfb_rest_fields":["title"],"_links":{"self":[{"href":"https:\/\/dogpride.nl\/fr\/wp-json\/wp\/v2\/product\/12548","targetHints":{"allow":["GET"]}}],"collection":[{"href":"https:\/\/dogpride.nl\/fr\/wp-json\/wp\/v2\/product"}],"about":[{"href":"https:\/\/dogpride.nl\/fr\/wp-json\/wp\/v2\/types\/product"}],"wp:featuredmedia":[{"embeddable":true,"href":"https:\/\/dogpride.nl\/fr\/wp-json\/wp\/v2\/media\/23194"}],"wp:attachment":[{"href":"https:\/\/dogpride.nl\/fr\/wp-json\/wp\/v2\/media?parent=12548"}],"wp:term":[{"taxonomy":"product_brand","embeddable":true,"href":"https:\/\/dogpride.nl\/fr\/wp-json\/wp\/v2\/product_brand?post=12548"},{"taxonomy":"product_cat","embeddable":true,"href":"https:\/\/dogpride.nl\/fr\/wp-json\/wp\/v2\/product_cat?post=12548"},{"taxonomy":"product_tag","embeddable":true,"href":"https:\/\/dogpride.nl\/fr\/wp-json\/wp\/v2\/product_tag?post=12548"}],"curies":[{"name":"wp","href":"https:\/\/api.w.org\/{rel}","templated":true}]}}