{"id":12543,"date":"2019-06-18T14:59:42","date_gmt":"2019-06-18T12:59:42","guid":{"rendered":"https:\/\/dogpride1.wpengine.com\/product\/nylon-canicross-lijn-2\/"},"modified":"2025-10-28T13:55:27","modified_gmt":"2025-10-28T12:55:27","slug":"pride-nylon-canicross-lijn","status":"publish","type":"product","link":"https:\/\/dogpride.nl\/fr\/pride-nylon-canicross-lijn\/","title":{"rendered":"Laisse de canicross en nylon PRIDE"},"content":{"rendered":"<h4>Laisse de canicross en nylon PRIDE<\/h4>\n<p>Cette ligne de canicross est fabriqu\u00e9e en nylon r\u00e9sistant avec amortisseur int\u00e9gr\u00e9.<\/p>\n<p>longueur 2 m \/ avec sandow<br \/>\nen finition boucle souple<br \/>\nPneu tubulaire de 25 mm de large<br \/>\nadapt\u00e9 au canicross<\/p>\n<p>Mat\u00e9riau : nylon<br \/>\nCouleur noir<br \/>\nLongueur : 2m \/ avec sandow et amortisseur int\u00e9gr\u00e9<br \/>\nLargeur : 25 mm<\/p>\n<p><a href=\"https:\/\/dogpride.nl\/fr\/pride-nylon-canicross-lijn\/\"><img loading=\"lazy\" decoding=\"async\" class=\"alignnone wp-image-136451 size-medium\" src=\"https:\/\/dogpride.nl\/wp-content\/uploads\/PRIDE-Nylon-Canicross-lijn-225x300.jpg\" alt=\"PRIDE Nylon Canicross-lijn\" width=\"225\" height=\"300\" srcset=\"https:\/\/dogpride.nl\/wp-content\/uploads\/PRIDE-Nylon-Canicross-lijn-225x300.jpg 225w, https:\/\/dogpride.nl\/wp-content\/uploads\/PRIDE-Nylon-Canicross-lijn-9x12.jpg 9w, https:\/\/dogpride.nl\/wp-content\/uploads\/PRIDE-Nylon-Canicross-lijn-250x333.jpg 250w, https:\/\/dogpride.nl\/wp-content\/uploads\/PRIDE-Nylon-Canicross-lijn-400x533.jpg 400w, https:\/\/dogpride.nl\/wp-content\/uploads\/PRIDE-Nylon-Canicross-lijn.jpg 720w\" sizes=\"auto, (max-width: 225px) 100vw, 225px\" \/><\/a><\/p>\n<p>&nbsp;<\/p>\n<p><a href=\"https:\/\/www.dogpride.eu\/\" target=\"_blank\" rel=\"noopener\"><img loading=\"lazy\" decoding=\"async\" class=\"alignnone wp-image-70657 size-medium\" src=\"https:\/\/dogpride.nl\/wp-content\/uploads\/Logo-Pride2-1-300x96.png\" alt=\"\" width=\"300\" height=\"96\" srcset=\"https:\/\/dogpride.nl\/wp-content\/uploads\/Logo-Pride2-1-300x96.png 300w, https:\/\/dogpride.nl\/wp-content\/uploads\/Logo-Pride2-1-250x80.png 250w, https:\/\/dogpride.nl\/wp-content\/uploads\/Logo-Pride2-1-200x64.png 200w, https:\/\/dogpride.nl\/wp-content\/uploads\/Logo-Pride2-1.png 327w\" sizes=\"auto, (max-width: 300px) 100vw, 300px\" \/><\/a><\/p>\n<p>&nbsp;<\/p>","protected":false},"excerpt":{"rendered":"<p>Cette ligne de canicross est fabriqu\u00e9e en nylon r\u00e9sistant avec amortisseur int\u00e9gr\u00e9.<\/p>","protected":false},"featured_media":23187,"template":"","meta":[],"product_brand":[],"product_cat":[192],"product_tag":[7433,10992,10993,5863,10994,7865,5110,8254,10995,10425,4867,4566,5226,4979,6215,5717,10975,8834,10968,5034,3157,10978,4121,2969],"class_list":{"0":"post-12543","1":"product","2":"type-product","3":"status-publish","4":"has-post-thumbnail","6":"product_cat-pride-hondenlijnen","7":"product_tag-10m","8":"product_tag-1m","9":"product_tag-2m","10":"product_tag-3m","11":"product_tag-5m","12":"product_tag-anti-slip","13":"product_tag-biothane","14":"product_tag-duurzaam","15":"product_tag-gekleurd","16":"product_tag-handgemaakt","17":"product_tag-handvat","18":"product_tag-k9","19":"product_tag-kong-frog","20":"product_tag-leer","21":"product_tag-messing","22":"product_tag-politie","23":"product_tag-quick-release","24":"product_tag-soft","25":"product_tag-super-grip","26":"product_tag-tracking","27":"product_tag-training","28":"product_tag-wasbaar","29":"product_tag-waterproof","30":"product_tag-zwart","32":"first","33":"instock","34":"taxable","35":"shipping-taxable","36":"purchasable","37":"product-type-simple"},"mb":[],"mfb_rest_fields":["title"],"_links":{"self":[{"href":"https:\/\/dogpride.nl\/fr\/wp-json\/wp\/v2\/product\/12543","targetHints":{"allow":["GET"]}}],"collection":[{"href":"https:\/\/dogpride.nl\/fr\/wp-json\/wp\/v2\/product"}],"about":[{"href":"https:\/\/dogpride.nl\/fr\/wp-json\/wp\/v2\/types\/product"}],"wp:featuredmedia":[{"embeddable":true,"href":"https:\/\/dogpride.nl\/fr\/wp-json\/wp\/v2\/media\/23187"}],"wp:attachment":[{"href":"https:\/\/dogpride.nl\/fr\/wp-json\/wp\/v2\/media?parent=12543"}],"wp:term":[{"taxonomy":"product_brand","embeddable":true,"href":"https:\/\/dogpride.nl\/fr\/wp-json\/wp\/v2\/product_brand?post=12543"},{"taxonomy":"product_cat","embeddable":true,"href":"https:\/\/dogpride.nl\/fr\/wp-json\/wp\/v2\/product_cat?post=12543"},{"taxonomy":"product_tag","embeddable":true,"href":"https:\/\/dogpride.nl\/fr\/wp-json\/wp\/v2\/product_tag?post=12543"}],"curies":[{"name":"wp","href":"https:\/\/api.w.org\/{rel}","templated":true}]}}