{"id":12537,"date":"2019-06-18T11:08:44","date_gmt":"2019-06-18T09:08:44","guid":{"rendered":"https:\/\/dogpride1.wpengine.com\/product\/profi-trainingslijn-voor-honden-2\/"},"modified":"2025-10-28T14:00:27","modified_gmt":"2025-10-28T13:00:27","slug":"pride-profi-trainingslijn-voor-honden","status":"publish","type":"product","link":"https:\/\/dogpride.nl\/fr\/pride-profi-trainingslijn-voor-honden\/","title":{"rendered":"PRIDE PROFI Laisse de dressage pour chiens"},"content":{"rendered":"<h4>PRIDE PROFI Laisse de dressage pour chiens<\/h4>\n<p>PRIDE PROFI Laisse de dressage pour chiens<\/p>\n<p>Cette laisse et ce collier pour chien PROFI sont combin\u00e9s. Facile \u00e0 manipuler et \u00e0 usage multifonctionnel avec un mousqueton en laiton durable et un collier r\u00e9glable int\u00e9gr\u00e9 \u00e0 la laisse. Cette ligne de formation n\u00e9cessite une manipulation tr\u00e8s sensible.<\/p>\n<p>Longueur de la laisse 1 m et collier max 64 cm.<br \/>\nMousqueton et bouchon en laiton<\/p>\n<p><a href=\"https:\/\/dogpride.nl\/fr\/pride-profi-trainingslijn-voor-honden\/\"><img loading=\"lazy\" decoding=\"async\" class=\"alignnone wp-image-136457 size-medium\" src=\"https:\/\/dogpride.nl\/wp-content\/uploads\/PRIDE-PROFI-Trainingslijn-voor-honden-300x225.jpg\" alt=\"PRIDE PROFI Trainingslijn voor honden\" width=\"300\" height=\"225\" srcset=\"https:\/\/dogpride.nl\/wp-content\/uploads\/PRIDE-PROFI-Trainingslijn-voor-honden-300x225.jpg 300w, https:\/\/dogpride.nl\/wp-content\/uploads\/PRIDE-PROFI-Trainingslijn-voor-honden-16x12.jpg 16w, https:\/\/dogpride.nl\/wp-content\/uploads\/PRIDE-PROFI-Trainingslijn-voor-honden-250x188.jpg 250w, https:\/\/dogpride.nl\/wp-content\/uploads\/PRIDE-PROFI-Trainingslijn-voor-honden-400x300.jpg 400w, https:\/\/dogpride.nl\/wp-content\/uploads\/PRIDE-PROFI-Trainingslijn-voor-honden.jpg 480w\" sizes=\"auto, (max-width: 300px) 100vw, 300px\" \/><\/a><\/p>\n<p>&nbsp;<\/p>\n<p><a href=\"https:\/\/www.dogpride.eu\/\" target=\"_blank\" rel=\"noopener\"><img loading=\"lazy\" decoding=\"async\" class=\"alignnone wp-image-70657 size-medium\" src=\"https:\/\/dogpride.nl\/wp-content\/uploads\/Logo-Pride2-1-300x96.png\" alt=\"PRIDE\" width=\"300\" height=\"96\" srcset=\"https:\/\/dogpride.nl\/wp-content\/uploads\/Logo-Pride2-1-300x96.png 300w, https:\/\/dogpride.nl\/wp-content\/uploads\/Logo-Pride2-1-250x80.png 250w, https:\/\/dogpride.nl\/wp-content\/uploads\/Logo-Pride2-1-200x64.png 200w, https:\/\/dogpride.nl\/wp-content\/uploads\/Logo-Pride2-1.png 327w\" sizes=\"auto, (max-width: 300px) 100vw, 300px\" \/><\/a><\/p>\n<p>&nbsp;<\/p>","protected":false},"excerpt":{"rendered":"<p>Cette laisse et ce collier pour chien PROFI sont combin\u00e9s. Facile \u00e0 manipuler et \u00e0 usage multifonctionnel avec un mousqueton en laiton durable et un collier r\u00e9glable int\u00e9gr\u00e9 \u00e0 la laisse. Cette ligne de formation n\u00e9cessite une manipulation tr\u00e8s sensible.<\/p>","protected":false},"featured_media":19984,"template":"","meta":[],"product_brand":[],"product_cat":[192],"product_tag":[7433,10992,10993,5863,10994,7865,5110,8254,10995,10425,4867,4566,5226,4979,6215,5717,10975,8834,10968,5034,3157,10978,4121,2969],"class_list":{"0":"post-12537","1":"product","2":"type-product","3":"status-publish","4":"has-post-thumbnail","6":"product_cat-pride-hondenlijnen","7":"product_tag-10m","8":"product_tag-1m","9":"product_tag-2m","10":"product_tag-3m","11":"product_tag-5m","12":"product_tag-anti-slip","13":"product_tag-biothane","14":"product_tag-duurzaam","15":"product_tag-gekleurd","16":"product_tag-handgemaakt","17":"product_tag-handvat","18":"product_tag-k9","19":"product_tag-kong-frog","20":"product_tag-leer","21":"product_tag-messing","22":"product_tag-politie","23":"product_tag-quick-release","24":"product_tag-soft","25":"product_tag-super-grip","26":"product_tag-tracking","27":"product_tag-training","28":"product_tag-wasbaar","29":"product_tag-waterproof","30":"product_tag-zwart","32":"first","33":"instock","34":"taxable","35":"shipping-taxable","36":"purchasable","37":"product-type-simple"},"mb":[],"mfb_rest_fields":["title"],"_links":{"self":[{"href":"https:\/\/dogpride.nl\/fr\/wp-json\/wp\/v2\/product\/12537","targetHints":{"allow":["GET"]}}],"collection":[{"href":"https:\/\/dogpride.nl\/fr\/wp-json\/wp\/v2\/product"}],"about":[{"href":"https:\/\/dogpride.nl\/fr\/wp-json\/wp\/v2\/types\/product"}],"wp:featuredmedia":[{"embeddable":true,"href":"https:\/\/dogpride.nl\/fr\/wp-json\/wp\/v2\/media\/19984"}],"wp:attachment":[{"href":"https:\/\/dogpride.nl\/fr\/wp-json\/wp\/v2\/media?parent=12537"}],"wp:term":[{"taxonomy":"product_brand","embeddable":true,"href":"https:\/\/dogpride.nl\/fr\/wp-json\/wp\/v2\/product_brand?post=12537"},{"taxonomy":"product_cat","embeddable":true,"href":"https:\/\/dogpride.nl\/fr\/wp-json\/wp\/v2\/product_cat?post=12537"},{"taxonomy":"product_tag","embeddable":true,"href":"https:\/\/dogpride.nl\/fr\/wp-json\/wp\/v2\/product_tag?post=12537"}],"curies":[{"name":"wp","href":"https:\/\/api.w.org\/{rel}","templated":true}]}}