{"id":12534,"date":"2019-06-18T10:56:57","date_gmt":"2019-06-18T08:56:57","guid":{"rendered":"https:\/\/dogpride1.wpengine.com\/product\/nylon-slip-contactlijn-touw-170cm-2\/"},"modified":"2025-10-28T14:02:17","modified_gmt":"2025-10-28T13:02:17","slug":"pride-nylon-slip-contactlijn-touw-170cm","status":"publish","type":"product","link":"https:\/\/dogpride.nl\/fr\/pride-nylon-slip-contactlijn-touw-170cm\/","title":{"rendered":"PRIDE Corde de ligne de contact antid\u00e9rapante en nylon 170cm"},"content":{"rendered":"<h4>PRIDE Corde de ligne de contact antid\u00e9rapante en nylon 170cm<\/h4>\n<p>PRIDE Corde de ligne de contact antid\u00e9rapante en nylon 170cm<\/p>\n<p style=\"color: #000000; font-size: 13px; text-align: left; text-decoration: none;\">Cette laisse \u00e0 contact glissant est fabriqu\u00e9e en corde de nylon tr\u00e8s solide et adapt\u00e9e \u00e0 l&#039;entra\u00eenement des chiens (ob\u00e9issance et mordant).<\/p>\n<p style=\"color: #000000; font-size: 13px; text-align: left; text-decoration: none;\">Ce collier et cette laisse sont r\u00e9unis. Facile \u00e0 manipuler et \u00e0 usage multifonctionnel avec un mousqueton en laiton durable et un collier r\u00e9glable int\u00e9gr\u00e9 \u00e0 la laisse. Cette ligne de formation n\u00e9cessite une manipulation tr\u00e8s sensible.<\/p>\n<p style=\"color: #000000; font-size: 13px; text-align: left; text-decoration: none;\">Mat\u00e9riau : nylon<br \/>\nDimensions : environ 170 cm maximum<\/p>\n<p>Avec mousqueton en laiton<\/p>\n<p>* Les couleurs varient en fonction du lot de teinture actuel.<\/p>\n<p><a href=\"https:\/\/dogpride.nl\/fr\/pride-nylon-slip-contactlijn-touw-170cm\/\"><img loading=\"lazy\" decoding=\"async\" class=\"alignnone wp-image-136459 size-medium\" src=\"https:\/\/dogpride.nl\/wp-content\/uploads\/PRIDE-Nylon-slip-contactlijn-touw-170cm-300x225.jpg\" alt=\"PRIDE Nylon slip contactlijn touw 170cm\" width=\"300\" height=\"225\" srcset=\"https:\/\/dogpride.nl\/wp-content\/uploads\/PRIDE-Nylon-slip-contactlijn-touw-170cm-300x225.jpg 300w, https:\/\/dogpride.nl\/wp-content\/uploads\/PRIDE-Nylon-slip-contactlijn-touw-170cm-1024x768.jpg 1024w, https:\/\/dogpride.nl\/wp-content\/uploads\/PRIDE-Nylon-slip-contactlijn-touw-170cm-768x576.jpg 768w, https:\/\/dogpride.nl\/wp-content\/uploads\/PRIDE-Nylon-slip-contactlijn-touw-170cm-1536x1152.jpg 1536w, https:\/\/dogpride.nl\/wp-content\/uploads\/PRIDE-Nylon-slip-contactlijn-touw-170cm-16x12.jpg 16w, https:\/\/dogpride.nl\/wp-content\/uploads\/PRIDE-Nylon-slip-contactlijn-touw-170cm-250x187.jpg 250w, https:\/\/dogpride.nl\/wp-content\/uploads\/PRIDE-Nylon-slip-contactlijn-touw-170cm-400x300.jpg 400w, https:\/\/dogpride.nl\/wp-content\/uploads\/PRIDE-Nylon-slip-contactlijn-touw-170cm.jpg 1707w\" sizes=\"auto, (max-width: 300px) 100vw, 300px\" \/><\/a><\/p>\n<p>&nbsp;<\/p>\n<p><a href=\"https:\/\/www.dogpride.eu\/\" target=\"_blank\" rel=\"noopener\"><img loading=\"lazy\" decoding=\"async\" class=\"alignnone wp-image-70657 size-medium\" src=\"https:\/\/dogpride.nl\/wp-content\/uploads\/Logo-Pride2-1-300x96.png\" alt=\"\" width=\"300\" height=\"96\" srcset=\"https:\/\/dogpride.nl\/wp-content\/uploads\/Logo-Pride2-1-300x96.png 300w, https:\/\/dogpride.nl\/wp-content\/uploads\/Logo-Pride2-1-250x80.png 250w, https:\/\/dogpride.nl\/wp-content\/uploads\/Logo-Pride2-1-200x64.png 200w, https:\/\/dogpride.nl\/wp-content\/uploads\/Logo-Pride2-1.png 327w\" sizes=\"auto, (max-width: 300px) 100vw, 300px\" \/><\/a><\/p>\n<p>&nbsp;<\/p>","protected":false},"excerpt":{"rendered":"<p>Ce collier et cette laisse sont r\u00e9unis. Facile \u00e0 manipuler et \u00e0 usage multifonctionnel avec un mousqueton en laiton durable et un collier r\u00e9glable int\u00e9gr\u00e9 \u00e0 la laisse. Cette ligne de formation n\u00e9cessite une manipulation tr\u00e8s sensible.<\/p>","protected":false},"featured_media":19983,"template":"","meta":[],"product_brand":[],"product_cat":[192],"product_tag":[7433,10992,10993,5863,10994,7865,5110,8242,8254,10995,10425,4867,4566,5226,4979,6215,5161,5717,4865,10975,8241,8834,10968,7524,5034,3157,10978,4121,2969],"class_list":{"0":"post-12534","1":"product","2":"type-product","3":"status-publish","4":"has-post-thumbnail","6":"product_cat-pride-hondenlijnen","7":"product_tag-10m","8":"product_tag-1m","9":"product_tag-2m","10":"product_tag-3m","11":"product_tag-5m","12":"product_tag-anti-slip","13":"product_tag-biothane","14":"product_tag-contactlijn","15":"product_tag-duurzaam","16":"product_tag-gekleurd","17":"product_tag-handgemaakt","18":"product_tag-handvat","19":"product_tag-k9","20":"product_tag-kong-frog","21":"product_tag-leer","22":"product_tag-messing","23":"product_tag-nylon","24":"product_tag-politie","25":"product_tag-pride","26":"product_tag-quick-release","27":"product_tag-slip","28":"product_tag-soft","29":"product_tag-super-grip","30":"product_tag-touw","31":"product_tag-tracking","32":"product_tag-training","33":"product_tag-wasbaar","34":"product_tag-waterproof","35":"product_tag-zwart","37":"first","38":"instock","39":"taxable","40":"shipping-taxable","41":"purchasable","42":"product-type-simple"},"exclude_global_add_ons":[],"addons":[],"mb":[],"mfb_rest_fields":["title","exclude_global_add_ons","addons"],"_links":{"self":[{"href":"https:\/\/dogpride.nl\/fr\/wp-json\/wp\/v2\/product\/12534","targetHints":{"allow":["GET"]}}],"collection":[{"href":"https:\/\/dogpride.nl\/fr\/wp-json\/wp\/v2\/product"}],"about":[{"href":"https:\/\/dogpride.nl\/fr\/wp-json\/wp\/v2\/types\/product"}],"wp:featuredmedia":[{"embeddable":true,"href":"https:\/\/dogpride.nl\/fr\/wp-json\/wp\/v2\/media\/19983"}],"wp:attachment":[{"href":"https:\/\/dogpride.nl\/fr\/wp-json\/wp\/v2\/media?parent=12534"}],"wp:term":[{"taxonomy":"product_brand","embeddable":true,"href":"https:\/\/dogpride.nl\/fr\/wp-json\/wp\/v2\/product_brand?post=12534"},{"taxonomy":"product_cat","embeddable":true,"href":"https:\/\/dogpride.nl\/fr\/wp-json\/wp\/v2\/product_cat?post=12534"},{"taxonomy":"product_tag","embeddable":true,"href":"https:\/\/dogpride.nl\/fr\/wp-json\/wp\/v2\/product_tag?post=12534"}],"curies":[{"name":"wp","href":"https:\/\/api.w.org\/{rel}","templated":true}]}}