{"id":12529,"date":"2019-06-18T10:41:00","date_gmt":"2019-06-18T08:41:00","guid":{"rendered":"https:\/\/dogpride1.wpengine.com\/product\/nylon-contact-sliplijn-2\/"},"modified":"2025-10-28T14:06:47","modified_gmt":"2025-10-28T13:06:47","slug":"pride-nylon-contact-sliplijn","status":"publish","type":"product","link":"https:\/\/dogpride.nl\/fr\/pride-nylon-contact-sliplijn\/","title":{"rendered":"Ligne de glissement de contact en nylon PRIDE"},"content":{"rendered":"<h4>Ligne de glissement de contact en nylon PRIDE<\/h4>\n<p>Cette laisse \u00e0 glissi\u00e8re est fabriqu\u00e9e en nylon solide et convient \u00e0 l&#039;entra\u00eenement des chiens (ob\u00e9issance et mordant).<br \/>\nPuissant et silencieux<br \/>\nCorrection passive<\/p>\n<p>Mat\u00e9riau : nylon<br \/>\nDimensions : 51 cm maximum<\/p>\n<p>* Les couleurs varient en fonction du lot de teinture actuel.<\/p>\n<p><a href=\"https:\/\/dogpride.nl\/fr\/pride-nylon-contact-sliplijn\/\"><img loading=\"lazy\" decoding=\"async\" class=\"alignnone wp-image-136466 size-medium\" src=\"https:\/\/dogpride.nl\/wp-content\/uploads\/PRIDE-Nylon-contact-sliplijn-300x225.jpg\" alt=\"PRIDE Nylon contact sliplijn\" width=\"300\" height=\"225\" srcset=\"https:\/\/dogpride.nl\/wp-content\/uploads\/PRIDE-Nylon-contact-sliplijn-300x225.jpg 300w, https:\/\/dogpride.nl\/wp-content\/uploads\/PRIDE-Nylon-contact-sliplijn-1024x768.jpg 1024w, https:\/\/dogpride.nl\/wp-content\/uploads\/PRIDE-Nylon-contact-sliplijn-768x576.jpg 768w, https:\/\/dogpride.nl\/wp-content\/uploads\/PRIDE-Nylon-contact-sliplijn-1536x1152.jpg 1536w, https:\/\/dogpride.nl\/wp-content\/uploads\/PRIDE-Nylon-contact-sliplijn-16x12.jpg 16w, https:\/\/dogpride.nl\/wp-content\/uploads\/PRIDE-Nylon-contact-sliplijn-250x187.jpg 250w, https:\/\/dogpride.nl\/wp-content\/uploads\/PRIDE-Nylon-contact-sliplijn-400x300.jpg 400w, https:\/\/dogpride.nl\/wp-content\/uploads\/PRIDE-Nylon-contact-sliplijn.jpg 1707w\" sizes=\"auto, (max-width: 300px) 100vw, 300px\" \/><\/a><\/p>\n<p>&nbsp;<\/p>\n<p><a href=\"https:\/\/www.dogpride.eu\/\" target=\"_blank\" rel=\"noopener\"><img loading=\"lazy\" decoding=\"async\" class=\"alignnone wp-image-70657 size-medium\" src=\"https:\/\/dogpride.nl\/wp-content\/uploads\/Logo-Pride2-1-300x96.png\" alt=\"\" width=\"300\" height=\"96\" srcset=\"https:\/\/dogpride.nl\/wp-content\/uploads\/Logo-Pride2-1-300x96.png 300w, https:\/\/dogpride.nl\/wp-content\/uploads\/Logo-Pride2-1-250x80.png 250w, https:\/\/dogpride.nl\/wp-content\/uploads\/Logo-Pride2-1-200x64.png 200w, https:\/\/dogpride.nl\/wp-content\/uploads\/Logo-Pride2-1.png 327w\" sizes=\"auto, (max-width: 300px) 100vw, 300px\" \/><\/a><\/p>","protected":false},"excerpt":{"rendered":"<p>Cette laisse \u00e0 glissi\u00e8re est fabriqu\u00e9e en nylon solide et convient \u00e0 l&#039;entra\u00eenement des chiens (ob\u00e9issance et mordant).<\/p>","protected":false},"featured_media":23166,"template":"","meta":[],"product_brand":[],"product_cat":[192],"product_tag":[7433,10992,10993,5863,10994,7865,5110,8254,10995,10425,4867,4566,5226,4979,6215,5717,10975,8834,10968,5034,3157,10978,4121,2969],"class_list":{"0":"post-12529","1":"product","2":"type-product","3":"status-publish","4":"has-post-thumbnail","6":"product_cat-pride-hondenlijnen","7":"product_tag-10m","8":"product_tag-1m","9":"product_tag-2m","10":"product_tag-3m","11":"product_tag-5m","12":"product_tag-anti-slip","13":"product_tag-biothane","14":"product_tag-duurzaam","15":"product_tag-gekleurd","16":"product_tag-handgemaakt","17":"product_tag-handvat","18":"product_tag-k9","19":"product_tag-kong-frog","20":"product_tag-leer","21":"product_tag-messing","22":"product_tag-politie","23":"product_tag-quick-release","24":"product_tag-soft","25":"product_tag-super-grip","26":"product_tag-tracking","27":"product_tag-training","28":"product_tag-wasbaar","29":"product_tag-waterproof","30":"product_tag-zwart","32":"first","33":"instock","34":"taxable","35":"shipping-taxable","36":"purchasable","37":"product-type-simple"},"mb":[],"mfb_rest_fields":["title"],"_links":{"self":[{"href":"https:\/\/dogpride.nl\/fr\/wp-json\/wp\/v2\/product\/12529","targetHints":{"allow":["GET"]}}],"collection":[{"href":"https:\/\/dogpride.nl\/fr\/wp-json\/wp\/v2\/product"}],"about":[{"href":"https:\/\/dogpride.nl\/fr\/wp-json\/wp\/v2\/types\/product"}],"wp:featuredmedia":[{"embeddable":true,"href":"https:\/\/dogpride.nl\/fr\/wp-json\/wp\/v2\/media\/23166"}],"wp:attachment":[{"href":"https:\/\/dogpride.nl\/fr\/wp-json\/wp\/v2\/media?parent=12529"}],"wp:term":[{"taxonomy":"product_brand","embeddable":true,"href":"https:\/\/dogpride.nl\/fr\/wp-json\/wp\/v2\/product_brand?post=12529"},{"taxonomy":"product_cat","embeddable":true,"href":"https:\/\/dogpride.nl\/fr\/wp-json\/wp\/v2\/product_cat?post=12529"},{"taxonomy":"product_tag","embeddable":true,"href":"https:\/\/dogpride.nl\/fr\/wp-json\/wp\/v2\/product_tag?post=12529"}],"curies":[{"name":"wp","href":"https:\/\/api.w.org\/{rel}","templated":true}]}}