{"id":12515,"date":"2019-06-17T17:18:58","date_gmt":"2019-06-17T15:18:58","guid":{"rendered":"https:\/\/dogpride1.wpengine.com\/product\/nylon-werklijn-police-2\/"},"modified":"2025-10-28T14:33:17","modified_gmt":"2025-10-28T13:33:17","slug":"pride-nylon-werklijn-police-2","status":"publish","type":"product","link":"https:\/\/dogpride.nl\/fr\/pride-nylon-werklijn-police-2\/","title":{"rendered":"PRIDE Nylon werklijn Police"},"content":{"rendered":"<h4 style=\"color: #000000; font-size: 30px; text-align: left; text-decoration: none;\">PRIDE Nylon werklijn Police<\/h4>\n<p style=\"color: #000000; font-size: 30px; text-align: left; text-decoration: none;\">PRIDE Nylon werklijn Police<\/p>\n<p>Mat\u00e9riau : nylon<br \/>\nMod\u00e8le : L-042<br \/>\nLargeur : 20 mm<br \/>\nRaccords en laiton<\/p>\n<p>Laisse d&#039;entra\u00eenement de type police fabriqu\u00e9e \u00e0 partir du meilleur nylon solide ! Il y a plusieurs anneaux sur la laisse afin que vous puissiez varier la longueur.<br \/>\nC&#039;est le type de laisse pr\u00e9f\u00e9r\u00e9 par les soci\u00e9t\u00e9s de police et de s\u00e9curit\u00e9, les unit\u00e9s canines et les militaires. C&#039;est aussi la laisse recommand\u00e9e par les dresseurs de chiens.<\/p>\n<p>Id\u00e9al pour les mains moites<br \/>\nId\u00e9al par temps humide<br \/>\nId\u00e9al pour jouer dans l&#039;eau<br \/>\nMaintien s\u00e9curis\u00e9<\/p>\n<p>Disponible en couleurs\u00a0; Noir, bleu, bleu clair, orange, vert, rouge, rose, violet, jaune<\/p>\n<p>Comment utiliser cette laisse pour chien :<\/p>\n<p>- Au-dessus de la laisse d&#039;\u00e9paule\u00a0:<\/p>\n<p>Ramenez l&#039;extr\u00e9mit\u00e9 de la poign\u00e9e sur votre \u00e9paule oppos\u00e9e au c\u00f4t\u00e9 o\u00f9 vous voulez promener votre chien, sur votre dos et sous votre bras.<\/p>\n<p>Attachez ce clip de ceinture \u00e0 l&#039;anneau &quot;o&quot; flottant pour cr\u00e9er une boucle sur le haut de votre corps.<\/p>\n<p>Attachez votre chien \u00e0 l&#039;autre extr\u00e9mit\u00e9 et c&#039;est parti\u00a0!<\/p>\n<p>\u2013 Marchez avec 2 chiens : attachez simplement un chien \u00e0 chaque manchon de laisse et tenez la laisse au milieu.<\/p>\n<p><a href=\"https:\/\/dogpride.nl\/fr\/lijnen-en-tuigjes-voor-honden\/pride-hondenlijnen\/?product-page=4\"><img loading=\"lazy\" decoding=\"async\" class=\"alignnone wp-image-136548 size-medium\" src=\"https:\/\/dogpride.nl\/wp-content\/uploads\/PRIDE-Nylon-werklijn-Police-300x200.jpg\" alt=\"PRIDE Nylon werklijn Police\" width=\"300\" height=\"200\" srcset=\"https:\/\/dogpride.nl\/wp-content\/uploads\/PRIDE-Nylon-werklijn-Police-300x200.jpg 300w, https:\/\/dogpride.nl\/wp-content\/uploads\/PRIDE-Nylon-werklijn-Police-1024x684.jpg 1024w, https:\/\/dogpride.nl\/wp-content\/uploads\/PRIDE-Nylon-werklijn-Police-768x513.jpg 768w, https:\/\/dogpride.nl\/wp-content\/uploads\/PRIDE-Nylon-werklijn-Police-1536x1025.jpg 1536w, https:\/\/dogpride.nl\/wp-content\/uploads\/PRIDE-Nylon-werklijn-Police-18x12.jpg 18w, https:\/\/dogpride.nl\/wp-content\/uploads\/PRIDE-Nylon-werklijn-Police-250x167.jpg 250w, https:\/\/dogpride.nl\/wp-content\/uploads\/PRIDE-Nylon-werklijn-Police-400x267.jpg 400w, https:\/\/dogpride.nl\/wp-content\/uploads\/PRIDE-Nylon-werklijn-Police.jpg 1820w\" sizes=\"auto, (max-width: 300px) 100vw, 300px\" \/><\/a><\/p>\n<p><a href=\"https:\/\/www.dogpride.eu\/\" target=\"_blank\" rel=\"noopener\"><img loading=\"lazy\" decoding=\"async\" class=\"alignnone wp-image-70657 size-medium\" src=\"https:\/\/dogpride.nl\/wp-content\/uploads\/Logo-Pride2-1-300x96.png\" alt=\"\" width=\"300\" height=\"96\" srcset=\"https:\/\/dogpride.nl\/wp-content\/uploads\/Logo-Pride2-1-300x96.png 300w, https:\/\/dogpride.nl\/wp-content\/uploads\/Logo-Pride2-1-250x80.png 250w, https:\/\/dogpride.nl\/wp-content\/uploads\/Logo-Pride2-1-200x64.png 200w, https:\/\/dogpride.nl\/wp-content\/uploads\/Logo-Pride2-1.png 327w\" sizes=\"auto, (max-width: 300px) 100vw, 300px\" \/><\/a><\/p>\n<p>&nbsp;<\/p>","protected":false},"excerpt":{"rendered":"<p>PRIDE Nylon werklijn Police. Leverbaar in de kleuren; Zwart, Blauw, Licht Blauw, Oranje, Groen, Rood, Roze, Paars, Geel<\/p>","protected":false},"featured_media":19977,"template":"","meta":[],"product_brand":[],"product_cat":[192],"product_tag":[7433,10992,10993,5863,10994,7865,5110,8254,10995,10425,4867,4566,5226,4979,6215,5717,10975,8834,10968,5034,3157,10978,4121,2969],"class_list":{"0":"post-12515","1":"product","2":"type-product","3":"status-publish","4":"has-post-thumbnail","6":"product_cat-pride-hondenlijnen","7":"product_tag-10m","8":"product_tag-1m","9":"product_tag-2m","10":"product_tag-3m","11":"product_tag-5m","12":"product_tag-anti-slip","13":"product_tag-biothane","14":"product_tag-duurzaam","15":"product_tag-gekleurd","16":"product_tag-handgemaakt","17":"product_tag-handvat","18":"product_tag-k9","19":"product_tag-kong-frog","20":"product_tag-leer","21":"product_tag-messing","22":"product_tag-politie","23":"product_tag-quick-release","24":"product_tag-soft","25":"product_tag-super-grip","26":"product_tag-tracking","27":"product_tag-training","28":"product_tag-wasbaar","29":"product_tag-waterproof","30":"product_tag-zwart","32":"first","33":"instock","34":"taxable","35":"shipping-taxable","36":"purchasable","37":"product-type-variable"},"mb":[],"mfb_rest_fields":["title"],"_links":{"self":[{"href":"https:\/\/dogpride.nl\/fr\/wp-json\/wp\/v2\/product\/12515","targetHints":{"allow":["GET"]}}],"collection":[{"href":"https:\/\/dogpride.nl\/fr\/wp-json\/wp\/v2\/product"}],"about":[{"href":"https:\/\/dogpride.nl\/fr\/wp-json\/wp\/v2\/types\/product"}],"wp:featuredmedia":[{"embeddable":true,"href":"https:\/\/dogpride.nl\/fr\/wp-json\/wp\/v2\/media\/19977"}],"wp:attachment":[{"href":"https:\/\/dogpride.nl\/fr\/wp-json\/wp\/v2\/media?parent=12515"}],"wp:term":[{"taxonomy":"product_brand","embeddable":true,"href":"https:\/\/dogpride.nl\/fr\/wp-json\/wp\/v2\/product_brand?post=12515"},{"taxonomy":"product_cat","embeddable":true,"href":"https:\/\/dogpride.nl\/fr\/wp-json\/wp\/v2\/product_cat?post=12515"},{"taxonomy":"product_tag","embeddable":true,"href":"https:\/\/dogpride.nl\/fr\/wp-json\/wp\/v2\/product_tag?post=12515"}],"curies":[{"name":"wp","href":"https:\/\/api.w.org\/{rel}","templated":true}]}}