{"id":12443,"date":"2019-06-07T15:15:29","date_gmt":"2019-06-07T13:15:29","guid":{"rendered":"https:\/\/dogpride1.wpengine.com\/product\/verstelbare-lederen-halsband-zwart-rood-2\/"},"modified":"2025-10-29T13:06:46","modified_gmt":"2025-10-29T12:06:46","slug":"pride-verstelbare-lederen-halsband-zwart-rood","status":"publish","type":"product","link":"https:\/\/dogpride.nl\/fr\/pride-verstelbare-lederen-halsband-zwart-rood\/","title":{"rendered":"PRIDE Collier en cuir r\u00e9glable noir\/rouge"},"content":{"rendered":"<h4>PRIDE Collier en cuir r\u00e9glable noir\/rouge<\/h4>\n<p>Deze\u00a0 Verstelbare lederen halsband zwart\/rood is gemaakt van hoogwaardig sterk 2-laags leer.<\/p>\n<p>Ce collier est tr\u00e8s solide et convient \u00e0 toutes les races moyennes et grandes.<\/p>\n<p>La laisse peut \u00eatre attach\u00e9e \u00e0 l&#039;anneau en D moul\u00e9.<\/p>\n<p>Essayez notre collier solide pour une utilisation confortable, fiable et durable et un look \u00e9l\u00e9gant pour votre chien. Votre animal de compagnie m\u00e9rite la meilleure qualit\u00e9 !<\/p>\n<p>Bon collier pour les races de chiens moyennes et grandes en cuir noir\/rouge solide.<\/p>\n<p>Mod\u00e8le : CL-027<\/p>\n<p>Mati\u00e8re : Cuir souple<\/p>\n<p>Couleur : noir\/rouge<\/p>\n<p>Largeur : 25 mm<\/p>\n<p>Dimensions : 2,5 x 50 cm<\/p>\n<div><\/div>\n<div><a href=\"https:\/\/www.dogpride.eu\/\" target=\"_blank\" rel=\"noopener\"><img loading=\"lazy\" decoding=\"async\" class=\"alignnone wp-image-70657 size-medium\" src=\"https:\/\/dogpride.nl\/wp-content\/uploads\/Logo-Pride2-1-300x96.png\" alt=\"\" width=\"300\" height=\"96\" srcset=\"https:\/\/dogpride.nl\/wp-content\/uploads\/Logo-Pride2-1-300x96.png 300w, https:\/\/dogpride.nl\/wp-content\/uploads\/Logo-Pride2-1-250x80.png 250w, https:\/\/dogpride.nl\/wp-content\/uploads\/Logo-Pride2-1-200x64.png 200w, https:\/\/dogpride.nl\/wp-content\/uploads\/Logo-Pride2-1.png 327w\" sizes=\"auto, (max-width: 300px) 100vw, 300px\" \/><\/a><\/div>\n<div><a href=\"https:\/\/dogpride.nl\/fr\/pride-verstelbare-lederen-halsband-zwart-rood\/\"><img loading=\"lazy\" decoding=\"async\" class=\"alignnone wp-image-136979\" src=\"https:\/\/dogpride.nl\/wp-content\/uploads\/PRIDE-Verstelbare-lederen-halsband-zwart-rood.jpg\" alt=\"PRIDE Verstelbare lederen halsband zwart\/rood\" width=\"366\" height=\"244\" srcset=\"https:\/\/dogpride.nl\/wp-content\/uploads\/PRIDE-Verstelbare-lederen-halsband-zwart-rood.jpg 900w, https:\/\/dogpride.nl\/wp-content\/uploads\/PRIDE-Verstelbare-lederen-halsband-zwart-rood-300x200.jpg 300w, https:\/\/dogpride.nl\/wp-content\/uploads\/PRIDE-Verstelbare-lederen-halsband-zwart-rood-768x512.jpg 768w, https:\/\/dogpride.nl\/wp-content\/uploads\/PRIDE-Verstelbare-lederen-halsband-zwart-rood-18x12.jpg 18w, https:\/\/dogpride.nl\/wp-content\/uploads\/PRIDE-Verstelbare-lederen-halsband-zwart-rood-250x167.jpg 250w, https:\/\/dogpride.nl\/wp-content\/uploads\/PRIDE-Verstelbare-lederen-halsband-zwart-rood-400x267.jpg 400w\" sizes=\"auto, (max-width: 366px) 100vw, 366px\" \/><\/a><\/div>\n<div>\n<p>&nbsp;<\/p>\n<\/div>","protected":false},"excerpt":{"rendered":"<p>Collier en cuir r\u00e9glable PRIDE noir\/rouge. Bon collier pour les races de chiens moyennes et grandes en cuir noir\/rouge solide.<\/p>","protected":false},"featured_media":22943,"template":"","meta":[],"product_brand":[],"product_cat":[90],"product_tag":[8486,8254,6349,3332,10823,10759,10780,10824,4866,10825,3157,7444,3389],"class_list":{"0":"post-12443","1":"product","2":"type-product","3":"status-publish","4":"has-post-thumbnail","6":"product_cat-pride-hondenhalsbanden","7":"product_tag-comfortabel","8":"product_tag-duurzaam","9":"product_tag-hondenhalsband","10":"product_tag-hondensport","11":"product_tag-luxe-accessoire","12":"product_tag-pride-collectie","13":"product_tag-pride-halsband","14":"product_tag-robuust","15":"product_tag-sterke-halsband","16":"product_tag-stijlvol","17":"product_tag-training","18":"product_tag-verstelbaar","19":"product_tag-werkhond","21":"first","22":"instock","23":"taxable","24":"shipping-taxable","25":"purchasable","26":"product-type-simple"},"mb":[],"mfb_rest_fields":["title"],"_links":{"self":[{"href":"https:\/\/dogpride.nl\/fr\/wp-json\/wp\/v2\/product\/12443","targetHints":{"allow":["GET"]}}],"collection":[{"href":"https:\/\/dogpride.nl\/fr\/wp-json\/wp\/v2\/product"}],"about":[{"href":"https:\/\/dogpride.nl\/fr\/wp-json\/wp\/v2\/types\/product"}],"wp:featuredmedia":[{"embeddable":true,"href":"https:\/\/dogpride.nl\/fr\/wp-json\/wp\/v2\/media\/22943"}],"wp:attachment":[{"href":"https:\/\/dogpride.nl\/fr\/wp-json\/wp\/v2\/media?parent=12443"}],"wp:term":[{"taxonomy":"product_brand","embeddable":true,"href":"https:\/\/dogpride.nl\/fr\/wp-json\/wp\/v2\/product_brand?post=12443"},{"taxonomy":"product_cat","embeddable":true,"href":"https:\/\/dogpride.nl\/fr\/wp-json\/wp\/v2\/product_cat?post=12443"},{"taxonomy":"product_tag","embeddable":true,"href":"https:\/\/dogpride.nl\/fr\/wp-json\/wp\/v2\/product_tag?post=12443"}],"curies":[{"name":"wp","href":"https:\/\/api.w.org\/{rel}","templated":true}]}}