{"id":12419,"date":"2019-06-06T15:56:54","date_gmt":"2019-06-06T13:56:54","guid":{"rendered":"https:\/\/dogpride1.wpengine.com\/product\/pride-nylon-halsband-met-handvat-2\/"},"modified":"2025-10-27T15:20:44","modified_gmt":"2025-10-27T14:20:44","slug":"pride-nylon-halsband-handvat","status":"publish","type":"product","link":"https:\/\/dogpride.nl\/fr\/pride-nylon-halsband-handvat\/","title":{"rendered":"Poign\u00e9e de collier en nylon PRIDE"},"content":{"rendered":"<h4 style=\"color: #1c1e21; background-color: #ffffff; font-size: 14px; text-align: start; display: block;\">Poign\u00e9e de collier en nylon PRIDE<\/h4>\n<p>Poign\u00e9e de collier en nylon PRIDE. Ce collier militaire tactique de 4 ou 5 cm de large poss\u00e8de 2 couches de nylon et une poign\u00e9e.<\/p>\n<p>Deze PRIDE Nylon halsband handvat is een perfecte keuze en een betrouwbare tool voor controle over een middelgrote tot grote hond.<\/p>\n<p>Nous utilisons du nylon de haute qualit\u00e9 pour vous fournir un bon service, en gardant l&#039;apparence et la durabilit\u00e9.<\/p>\n<p>Deze PRIDE Nylon halsband handvat is een comfortabel hulpmiddel voor het lopen en trainen van honden. Het is comfortabel om uw hond te in de buurt te kunnen houden wanneer dat nodig is, tijdens een trainingssessie of in het openbaar.<\/p>\n<p>Ce collier solide est dot\u00e9 d&#039;une boucle \u00e0 d\u00e9gagement rapide (m\u00e9tal) pour une utilisation facile et confortable. La longueur du collier est de 50 cm \u00e0 60 cm.<\/p>\n<p>Ce collier pour chien en nylon avec poign\u00e9e est l&#039;un des accessoires pr\u00e9f\u00e9r\u00e9s de nos clients. Choisissez ce collier \u00e0 poign\u00e9e en nylon le plus vendu pour votre chien et essayez sa fonctionnalit\u00e9, sa durabilit\u00e9 et sa qualit\u00e9.<\/p>\n<p>Mod\u00e8le : CL-045<\/p>\n<p>Mat\u00e9riau : nylon<\/p>\n<p>Couleur noir<\/p>\n<p>Dimensions:<\/p>\n<ul>\n<li><strong>S 40mm \/ 45cm-55cm\u00a0<\/strong><\/li>\n<li><strong>M 40mm \/ 50cm-60cm\u00a0<\/strong><\/li>\n<li><strong>Longueur 50mm \/ 45cm - 55cm\u00a0<\/strong><\/li>\n<li><strong>XL 50mm \/ 50cm-60cm\u00a0<\/strong><\/li>\n<\/ul>\n<p>&nbsp;<\/p>\n<p><a href=\"https:\/\/www.dogpride.eu\/\" target=\"_blank\" rel=\"noopener\"><img loading=\"lazy\" decoding=\"async\" class=\"alignnone wp-image-70657 size-medium\" src=\"https:\/\/dogpride.nl\/wp-content\/uploads\/Logo-Pride2-1-300x96.png\" alt=\"\" width=\"300\" height=\"96\" srcset=\"https:\/\/dogpride.nl\/wp-content\/uploads\/Logo-Pride2-1-300x96.png 300w, https:\/\/dogpride.nl\/wp-content\/uploads\/Logo-Pride2-1-250x80.png 250w, https:\/\/dogpride.nl\/wp-content\/uploads\/Logo-Pride2-1-200x64.png 200w, https:\/\/dogpride.nl\/wp-content\/uploads\/Logo-Pride2-1.png 327w\" sizes=\"auto, (max-width: 300px) 100vw, 300px\" \/><\/a><\/p>\n<p><a href=\"https:\/\/dogpride.nl\/fr\/\"><img loading=\"lazy\" decoding=\"async\" class=\"alignnone wp-image-137062 size-full\" src=\"https:\/\/dogpride.nl\/wp-content\/uploads\/PRIDE-Nylon-halsband-handvat.png\" alt=\"PRIDE Nylon halsband handvat\" width=\"449\" height=\"228\" srcset=\"https:\/\/dogpride.nl\/wp-content\/uploads\/PRIDE-Nylon-halsband-handvat.png 449w, https:\/\/dogpride.nl\/wp-content\/uploads\/PRIDE-Nylon-halsband-handvat-300x152.png 300w, https:\/\/dogpride.nl\/wp-content\/uploads\/PRIDE-Nylon-halsband-handvat-18x9.png 18w, https:\/\/dogpride.nl\/wp-content\/uploads\/PRIDE-Nylon-halsband-handvat-250x127.png 250w, https:\/\/dogpride.nl\/wp-content\/uploads\/PRIDE-Nylon-halsband-handvat-400x203.png 400w\" sizes=\"auto, (max-width: 449px) 100vw, 449px\" \/><\/a><\/p>\n<p>&nbsp;<\/p>","protected":false},"excerpt":{"rendered":"<p>Collier en nylon PRIDE avec poign\u00e9e. Ce collier militaire tactique de 4 ou 5 cm de large poss\u00e8de 2 couches de nylon et une poign\u00e9e.<\/p>","protected":false},"featured_media":19966,"template":"","meta":[],"product_brand":[],"product_cat":[90],"product_tag":[8486,8254,6349,3332,10823,10759,10780,10824,4866,10825,3157,7444,3389],"class_list":{"0":"post-12419","1":"product","2":"type-product","3":"status-publish","4":"has-post-thumbnail","6":"product_cat-pride-hondenhalsbanden","7":"product_tag-comfortabel","8":"product_tag-duurzaam","9":"product_tag-hondenhalsband","10":"product_tag-hondensport","11":"product_tag-luxe-accessoire","12":"product_tag-pride-collectie","13":"product_tag-pride-halsband","14":"product_tag-robuust","15":"product_tag-sterke-halsband","16":"product_tag-stijlvol","17":"product_tag-training","18":"product_tag-verstelbaar","19":"product_tag-werkhond","21":"first","22":"instock","23":"taxable","24":"shipping-taxable","25":"purchasable","26":"product-type-variable"},"exclude_global_add_ons":[],"addons":[],"mb":[],"mfb_rest_fields":["title","exclude_global_add_ons","addons"],"_links":{"self":[{"href":"https:\/\/dogpride.nl\/fr\/wp-json\/wp\/v2\/product\/12419","targetHints":{"allow":["GET"]}}],"collection":[{"href":"https:\/\/dogpride.nl\/fr\/wp-json\/wp\/v2\/product"}],"about":[{"href":"https:\/\/dogpride.nl\/fr\/wp-json\/wp\/v2\/types\/product"}],"wp:featuredmedia":[{"embeddable":true,"href":"https:\/\/dogpride.nl\/fr\/wp-json\/wp\/v2\/media\/19966"}],"wp:attachment":[{"href":"https:\/\/dogpride.nl\/fr\/wp-json\/wp\/v2\/media?parent=12419"}],"wp:term":[{"taxonomy":"product_brand","embeddable":true,"href":"https:\/\/dogpride.nl\/fr\/wp-json\/wp\/v2\/product_brand?post=12419"},{"taxonomy":"product_cat","embeddable":true,"href":"https:\/\/dogpride.nl\/fr\/wp-json\/wp\/v2\/product_cat?post=12419"},{"taxonomy":"product_tag","embeddable":true,"href":"https:\/\/dogpride.nl\/fr\/wp-json\/wp\/v2\/product_tag?post=12419"}],"curies":[{"name":"wp","href":"https:\/\/api.w.org\/{rel}","templated":true}]}}