{"id":12343,"date":"2019-02-01T14:25:21","date_gmt":"2019-02-01T13:25:21","guid":{"rendered":"https:\/\/dogpride1.wpengine.com\/product\/super-premium-vegetarian-3\/"},"modified":"2026-03-30T13:19:44","modified_gmt":"2026-03-30T11:19:44","slug":"super-premium-vegetarian-3","status":"publish","type":"product","link":"https:\/\/dogpride.nl\/fr\/super-premium-vegetarian-3\/","title":{"rendered":"Super PremiumV\u00e9g\u00e9tarien"},"content":{"rendered":"<h4>Super PremiumV\u00e9g\u00e9tarien<\/h4>\n<p>Super Premium Vegetarian est un aliment v\u00e9g\u00e9tarien 100%, adapt\u00e9 aux chiens adultes de toutes races.<\/p>\n<p>Une alimentation compl\u00e8te et \u00e9quilibr\u00e9e, \u00e0 base d&#039;ingr\u00e9dients d&#039;origine v\u00e9g\u00e9tale. En raison de sa composition unique, cette nourriture est un excellent choix pour les chiens difficiles.<\/p>\n<p><strong>Samenstelling Super Premium Vegetarian:<\/strong><\/p>\n<p>Ma\u00efs, riz, son de riz, orge, min\u00e9raux, huile de ma\u00efs, graines de lin, fibre de betterave, levure.<\/p>\n<p><a href=\"https:\/\/dogpride.nl\/fr\/hondenvoeding\/krokante-hondenbrokken\/\"><img loading=\"lazy\" decoding=\"async\" class=\"alignnone wp-image-136735 size-thumbnail\" src=\"https:\/\/dogpride.nl\/wp-content\/uploads\/Super-Premium-Vegetarian-150x150.jpg\" alt=\"Super Premium Vegetarian\" width=\"150\" height=\"150\" srcset=\"https:\/\/dogpride.nl\/wp-content\/uploads\/Super-Premium-Vegetarian-150x150.jpg 150w, https:\/\/dogpride.nl\/wp-content\/uploads\/Super-Premium-Vegetarian-100x100.jpg 100w\" sizes=\"auto, (max-width: 150px) 100vw, 150px\" \/><\/a><\/p>\n<p><strong>Analyse:<\/strong><\/p>\n<p>Prot\u00e9ine brute 23.0%, Mati\u00e8res grasses brutes 9.0%, Cellulose brute 2.4%,<\/p>\n<p>Cendres brutes 6.4%, Calcium 1.05%, Phosphore 0.85%, Humidit\u00e9 9.0%<\/p>\n<p><strong>Additifs nutritionnels par kg.<\/strong><\/p>\n<p>Vitamine A (alfa-retinylacetaat) 15000 IE, Vitamine D3 (cholecalciferol) 1500 IE, Vitamine E (all-rac alpha-tocopheryl acetate) 150 IE, Koper (koper (II) sulfaat pentahydraat) 13,5 mg, Zink (Zinksulfaatmonohydraat) 135,0 mg.<br \/>\nIJzer (ijzersulfaat (II) monohydraat) 76,0 mg, Mangaan (mangaan (II) oxide) 28,0 mg,\u00a0 Jodium (calciumjodaat,watervrij) 1,3 mg.<\/p>\n<p><a href=\"https:\/\/nl.wikipedia.org\/wiki\/Hoofdpagina\" target=\"_blank\" rel=\"noopener\"><img loading=\"lazy\" decoding=\"async\" class=\"alignnone wp-image-136735 size-thumbnail\" src=\"https:\/\/dogpride.nl\/wp-content\/uploads\/Super-Premium-Vegetarian-150x150.jpg\" alt=\"Super Premium Vegetarian\" width=\"150\" height=\"150\" srcset=\"https:\/\/dogpride.nl\/wp-content\/uploads\/Super-Premium-Vegetarian-150x150.jpg 150w, https:\/\/dogpride.nl\/wp-content\/uploads\/Super-Premium-Vegetarian-100x100.jpg 100w\" sizes=\"auto, (max-width: 150px) 100vw, 150px\" \/><\/a><\/p>","protected":false},"excerpt":{"rendered":"<p>Une alimentation compl\u00e8te et \u00e9quilibr\u00e9e, \u00e0 base d&#039;ingr\u00e9dients d&#039;origine v\u00e9g\u00e9tale. En raison de sa composition unique, cette nourriture est un excellent choix pour les chiens difficiles.<\/p>","protected":false},"featured_media":12344,"template":"","meta":[],"product_brand":[],"product_cat":[20],"product_tag":[3368,8638,8851,3366,3365,3397,3358],"class_list":{"0":"post-12343","1":"product","2":"type-product","3":"status-publish","4":"has-post-thumbnail","6":"product_cat-krokante-hondenbrokken","7":"product_tag-hond","8":"product_tag-hondenbrokken","9":"product_tag-krokant","10":"product_tag-premium","11":"product_tag-super","12":"product_tag-vegetarisch","13":"product_tag-volwassen","15":"first","16":"instock","17":"taxable","18":"shipping-taxable","19":"purchasable","20":"product-type-variable"},"mb":[],"mfb_rest_fields":["title"],"_links":{"self":[{"href":"https:\/\/dogpride.nl\/fr\/wp-json\/wp\/v2\/product\/12343","targetHints":{"allow":["GET"]}}],"collection":[{"href":"https:\/\/dogpride.nl\/fr\/wp-json\/wp\/v2\/product"}],"about":[{"href":"https:\/\/dogpride.nl\/fr\/wp-json\/wp\/v2\/types\/product"}],"wp:featuredmedia":[{"embeddable":true,"href":"https:\/\/dogpride.nl\/fr\/wp-json\/wp\/v2\/media\/12344"}],"wp:attachment":[{"href":"https:\/\/dogpride.nl\/fr\/wp-json\/wp\/v2\/media?parent=12343"}],"wp:term":[{"taxonomy":"product_brand","embeddable":true,"href":"https:\/\/dogpride.nl\/fr\/wp-json\/wp\/v2\/product_brand?post=12343"},{"taxonomy":"product_cat","embeddable":true,"href":"https:\/\/dogpride.nl\/fr\/wp-json\/wp\/v2\/product_cat?post=12343"},{"taxonomy":"product_tag","embeddable":true,"href":"https:\/\/dogpride.nl\/fr\/wp-json\/wp\/v2\/product_tag?post=12343"}],"curies":[{"name":"wp","href":"https:\/\/api.w.org\/{rel}","templated":true}]}}