{"id":12341,"date":"2019-02-01T14:25:21","date_gmt":"2019-02-01T13:25:21","guid":{"rendered":"https:\/\/dogpride1.wpengine.com\/product\/adult-active-3\/"},"modified":"2025-09-25T11:48:54","modified_gmt":"2025-09-25T09:48:54","slug":"adult-active-uitgebalanceerde-voeding","status":"publish","type":"product","link":"https:\/\/dogpride.nl\/fr\/adult-active-uitgebalanceerde-voeding\/","title":{"rendered":"Nutrition active \u00e9quilibr\u00e9e adulte"},"content":{"rendered":"<div>\n<h4>Nutrition active \u00e9quilibr\u00e9e adulte<\/h4>\n<p>Nutrition active \u00e9quilibr\u00e9e adulte<\/p>\n<p>Adult Active uitgebalanceerde voeding is een 100% complete en uitgebalanceerde voeding met een verhoogd energiegehalte voor actieve honden.<\/p>\n<p>Cette nourriture riche en \u00e9nergie a \u00e9t\u00e9 sp\u00e9cialement formul\u00e9e pour les chiens adultes qui sont actifs dans et autour de la maison, pendant les sports ou les jeux. Gr\u00e2ce \u00e0 la bonne acceptation, vous maintenez votre chien en bonne condition et lui donnez un repas qu&#039;il aime.<\/p>\n<p><strong>Samenstelling Adult Active uitgebalanceerde voeding:<\/strong><\/p>\n<p>C\u00e9r\u00e9ales, viandes et sous-produits animaux, sous-produits v\u00e9g\u00e9taux, huiles et graisses, min\u00e9raux.<\/p>\n<p><strong>Analytische bestanddelen Adult Active uitgebalanceerde voeding:<\/strong><\/p>\n<p>Prot\u00e9ine brute 26.0%, Mati\u00e8res grasses brutes 15.0%, Cellulose brute 3.5%,<\/p>\n<p>Cendres brutes 7.5%, Calcium 1.9%, Phosphore 1.1%, Humidit\u00e9 9.0%<\/p>\n<p><strong>Additifs nutritionnels par kg.<\/strong><\/p>\n<p>Vitamine A (alfa-retinylacetaat) 18000 IE, Vitamine D3 (cholecalciferol) 1600 IE, Vitamine E (all-rac alpha-tocopheryl acetate) 200 IE, Koper (koper (II) sulfaat pentahydraat) 5,0 mg, Zink (Zinksulfaatmonohydraat) 65,0 mg.<br \/>\nIJzer (ijzersulfaat (II) monohydraat) 50,0 mg, Mangaan (mangaan (II) oxide) 35,0 mg,\u00a0 Jodium (calciumjodaat,watervrij) 1,5 mg.<\/p>\n<\/div>\n<p><img loading=\"lazy\" decoding=\"async\" class=\"alignnone size-full wp-image-136736\" src=\"https:\/\/dogpride.nl\/wp-content\/uploads\/Adult-Active-uitgebalanceerde-voeding.jpg\" alt=\"Adult Active uitgebalanceerde voeding\" width=\"462\" height=\"242\" srcset=\"https:\/\/dogpride.nl\/wp-content\/uploads\/Adult-Active-uitgebalanceerde-voeding.jpg 462w, https:\/\/dogpride.nl\/wp-content\/uploads\/Adult-Active-uitgebalanceerde-voeding-300x157.jpg 300w, https:\/\/dogpride.nl\/wp-content\/uploads\/Adult-Active-uitgebalanceerde-voeding-18x9.jpg 18w, https:\/\/dogpride.nl\/wp-content\/uploads\/Adult-Active-uitgebalanceerde-voeding-250x131.jpg 250w, https:\/\/dogpride.nl\/wp-content\/uploads\/Adult-Active-uitgebalanceerde-voeding-400x210.jpg 400w\" sizes=\"auto, (max-width: 462px) 100vw, 462px\" \/><\/p>\n<p><a href=\"https:\/\/dogpride.nl\/fr\/adult-active-uitgebalanceerde-voeding\/\">https:\/\/dogpride.nl\/adult-active-uitgebalanceerde-voeding<\/a><\/p>\n<p><a href=\"https:\/\/devrolijkekwispel.nl\/\" target=\"_blank\" rel=\"noopener\">Dogpride NL parraine Kelly Albers<\/a><\/p>\n<p><em>Je (Kelly Albers) suis active dans le secteur animal depuis 2015. Apr\u00e8s avoir suivi plusieurs formations, avoir acquis de nombreuses ann\u00e9es d&#039;exp\u00e9rience dans les sports canins et avoir travaill\u00e9 pour plusieurs entreprises animali\u00e8res pendant plusieurs ann\u00e9es.<\/em><br \/>\n<em>En mai 2018, j&#039;ai atteint un sommet dans ma carri\u00e8re de sport canin. Je suis devenu champion du monde WDSF dans la classe ipo2 et j&#039;ai ensuite particip\u00e9 au championnat n\u00e9erlandais toutes races.<\/em><\/p>\n<p>&nbsp;<\/p>","protected":false},"excerpt":{"rendered":"<p>Adult Active uitgebalanceerde voeding. Deze energierijke voeding is speciaal samengesteld voor volwassen honden die actief zijn in en om het huis, bij sportbeoefening of spel. Dankzij de goede acceptatie, houdt u uw hond in goede conditie en geeft u een maaltijd die hij lekker vindt.<\/p>","protected":false},"featured_media":12342,"template":"","meta":[],"product_brand":[],"product_cat":[20],"product_tag":[3401,3400,3391,3288,8638,8851,3392],"class_list":{"0":"post-12341","1":"product","2":"type-product","3":"status-publish","4":"has-post-thumbnail","6":"product_cat-krokante-hondenbrokken","7":"product_tag-actieve","8":"product_tag-active","9":"product_tag-adult","10":"product_tag-honden","11":"product_tag-hondenbrokken","12":"product_tag-krokant","13":"product_tag-uitgebalanceerd","15":"first","16":"instock","17":"taxable","18":"shipping-taxable","19":"purchasable","20":"product-type-variable"},"mb":[],"mfb_rest_fields":["title"],"_links":{"self":[{"href":"https:\/\/dogpride.nl\/fr\/wp-json\/wp\/v2\/product\/12341","targetHints":{"allow":["GET"]}}],"collection":[{"href":"https:\/\/dogpride.nl\/fr\/wp-json\/wp\/v2\/product"}],"about":[{"href":"https:\/\/dogpride.nl\/fr\/wp-json\/wp\/v2\/types\/product"}],"wp:featuredmedia":[{"embeddable":true,"href":"https:\/\/dogpride.nl\/fr\/wp-json\/wp\/v2\/media\/12342"}],"wp:attachment":[{"href":"https:\/\/dogpride.nl\/fr\/wp-json\/wp\/v2\/media?parent=12341"}],"wp:term":[{"taxonomy":"product_brand","embeddable":true,"href":"https:\/\/dogpride.nl\/fr\/wp-json\/wp\/v2\/product_brand?post=12341"},{"taxonomy":"product_cat","embeddable":true,"href":"https:\/\/dogpride.nl\/fr\/wp-json\/wp\/v2\/product_cat?post=12341"},{"taxonomy":"product_tag","embeddable":true,"href":"https:\/\/dogpride.nl\/fr\/wp-json\/wp\/v2\/product_tag?post=12341"}],"curies":[{"name":"wp","href":"https:\/\/api.w.org\/{rel}","templated":true}]}}