{"id":12337,"date":"2019-02-01T14:25:21","date_gmt":"2019-02-01T13:25:21","guid":{"rendered":"https:\/\/dogpride1.wpengine.com\/product\/super-premium-high-energy-3\/"},"modified":"2025-09-25T11:58:41","modified_gmt":"2025-09-25T09:58:41","slug":"super-premium-high-energy-3","status":"publish","type":"product","link":"https:\/\/dogpride.nl\/fr\/super-premium-high-energy-3\/","title":{"rendered":"Haute \u00e9nergie super premium"},"content":{"rendered":"<div>\n<h4>Haute \u00e9nergie super premium<\/h4>\n<p>Haute \u00e9nergie super premium<\/p>\n<p>Super Premium High Energy voor honden die langdurig en intensief moeten presteren hebben meer energie en voedingsstoffen nodig in de vorm van eiwitten vetten.<br \/>\nEiwitten zorgen voor een goede spieropbouw en cel herstel, vetten zorgen voor extra energie.<\/p>\n<p>Deze krokante hondenbrok is een hoogwaardige en uitgebalanceerde Super Premiumvoeding van topkwaliteit. Speciaal ontwikkeld voor zeer actieve honden en honden die langdurig en intensief moeten presteren bij werk en sport.<br \/>\nDoordat deze brokken een verhoogd eiwit- en vetgehalte bevat kan uw hond een optimale prestatie blijven leveren.<\/p>\n<p><strong>Compos\u00e9:<\/strong><\/p>\n<p>poulet d\u00e9shydrat\u00e9, ma\u00efs, riz, graisse de poulet, fibre de betterave, levure de bi\u00e8re, huile de saumon, caroube, \u0153uf, min\u00e9raux.<\/p>\n<p><strong>Analyse:<\/strong><\/p>\n<ul>\n<li>Prot\u00e9ine brute 30.0%, Mati\u00e8res grasses brutes 20.0%, Cellulose brute 2.5%,<\/li>\n<li>Cendres brutes 7.5%, Calcium 1.3%, Phosphore 1.0%, Humidit\u00e9 9.0%<\/li>\n<\/ul>\n<p><strong>Additifs nutritionnels par kg.<\/strong><\/p>\n<p>Vitamine A (alfa-retinylacetaat) 20000 IE, Vitamine D3 (cholecalciferol) 2000 IE, Vitamine E (all-rac alpha-tocopheryl acetate) 150 mg, Koper (koper (II) sulfaat pentahydraat) 13,0 mg, Zink (Zinksulfaatmonohydraat) 100,0 mg.<br \/>\nIJzer (ijzersulfaat (II) monohydraat) 90,0 mg, Mangaan (mangaan (II) oxide) 40,0 mg,\u00a0 Jodium (calciumjodaat,watervrij) 1,5 mg.<\/p>\n<\/div>\n<p><img loading=\"lazy\" decoding=\"async\" class=\"alignnone size-full wp-image-136752\" src=\"https:\/\/dogpride.nl\/wp-content\/uploads\/Super-Premium-High-Energy.jpg\" alt=\"Super Premium High Energy\" width=\"392\" height=\"183\" srcset=\"https:\/\/dogpride.nl\/wp-content\/uploads\/Super-Premium-High-Energy.jpg 392w, https:\/\/dogpride.nl\/wp-content\/uploads\/Super-Premium-High-Energy-300x140.jpg 300w, https:\/\/dogpride.nl\/wp-content\/uploads\/Super-Premium-High-Energy-18x8.jpg 18w, https:\/\/dogpride.nl\/wp-content\/uploads\/Super-Premium-High-Energy-250x117.jpg 250w\" sizes=\"auto, (max-width: 392px) 100vw, 392px\" \/><\/p>\n<p><a href=\"https:\/\/dogpride.nl\/fr\/super-premium-high-energy-3\/\">https:\/\/dogpride.nl\/super-premium-high-energy-3<\/a><\/p>\n<p><a href=\"https:\/\/devrolijkekwispel.nl\/\" target=\"_blank\" rel=\"noopener\">Dogpride NL parraine Kelly Albers<\/a><\/p>\n<p><em>Je (Kelly Albers) suis active dans le secteur animal depuis 2015. Apr\u00e8s avoir suivi plusieurs formations, avoir acquis de nombreuses ann\u00e9es d&#039;exp\u00e9rience dans les sports canins et avoir travaill\u00e9 pour plusieurs entreprises animali\u00e8res pendant plusieurs ann\u00e9es.<\/em><br \/>\n<em>En mai 2018, j&#039;ai atteint un sommet dans ma carri\u00e8re de sport canin. Je suis devenu champion du monde WDSF dans la classe ipo2 et j&#039;ai ensuite particip\u00e9 au championnat n\u00e9erlandais toutes races.<\/em><\/p>","protected":false},"excerpt":{"rendered":"<p>Ce Premium High Energy est un aliment Super Premium \u00e9quilibr\u00e9 et de qualit\u00e9 sup\u00e9rieure. Sp\u00e9cialement d\u00e9velopp\u00e9 pour les chiens tr\u00e8s actifs et les chiens qui doivent travailler intensivement pendant longtemps au travail et dans le sport.<\/p>","protected":false},"featured_media":12338,"template":"","meta":[],"product_brand":[],"product_cat":[20],"product_tag":[3388,3387,8638,8851,3366,3396,3365,3395],"class_list":{"0":"post-12337","1":"product","2":"type-product","3":"status-publish","4":"has-post-thumbnail","6":"product_cat-krokante-hondenbrokken","7":"product_tag-energy","8":"product_tag-high","9":"product_tag-hondenbrokken","10":"product_tag-krokant","11":"product_tag-premium","12":"product_tag-spieropbouw","13":"product_tag-super","14":"product_tag-werkhonden","16":"first","17":"instock","18":"taxable","19":"shipping-taxable","20":"purchasable","21":"product-type-variable"},"mb":[],"mfb_rest_fields":["title"],"_links":{"self":[{"href":"https:\/\/dogpride.nl\/fr\/wp-json\/wp\/v2\/product\/12337","targetHints":{"allow":["GET"]}}],"collection":[{"href":"https:\/\/dogpride.nl\/fr\/wp-json\/wp\/v2\/product"}],"about":[{"href":"https:\/\/dogpride.nl\/fr\/wp-json\/wp\/v2\/types\/product"}],"wp:featuredmedia":[{"embeddable":true,"href":"https:\/\/dogpride.nl\/fr\/wp-json\/wp\/v2\/media\/12338"}],"wp:attachment":[{"href":"https:\/\/dogpride.nl\/fr\/wp-json\/wp\/v2\/media?parent=12337"}],"wp:term":[{"taxonomy":"product_brand","embeddable":true,"href":"https:\/\/dogpride.nl\/fr\/wp-json\/wp\/v2\/product_brand?post=12337"},{"taxonomy":"product_cat","embeddable":true,"href":"https:\/\/dogpride.nl\/fr\/wp-json\/wp\/v2\/product_cat?post=12337"},{"taxonomy":"product_tag","embeddable":true,"href":"https:\/\/dogpride.nl\/fr\/wp-json\/wp\/v2\/product_tag?post=12337"}],"curies":[{"name":"wp","href":"https:\/\/api.w.org\/{rel}","templated":true}]}}