{"id":12335,"date":"2019-02-01T14:25:21","date_gmt":"2019-02-01T13:25:21","guid":{"rendered":"https:\/\/dogpride1.wpengine.com\/product\/adult-senior-light-3\/"},"modified":"2025-09-25T12:03:48","modified_gmt":"2025-09-25T10:03:48","slug":"adult-senior-light-3","status":"publish","type":"product","link":"https:\/\/dogpride.nl\/fr\/adult-senior-light-3\/","title":{"rendered":"Adulte S\u00e9nior\/L\u00e9ger"},"content":{"rendered":"<div>\n<h4>Adulte S\u00e9nior\/L\u00e9ger<\/h4>\n<p>Adult Senior\/Light est un aliment complet et \u00e9quilibr\u00e9 100% sp\u00e9cialement con\u00e7u pour les chiens \u00e2g\u00e9s, les chiens en surpoids et ayant tendance \u00e0 l&#039;embonpoint.<\/p>\n<p>En raison de la faible teneur en mati\u00e8res grasses et en \u00e9nergie, votre chien reste mince sans avoir \u00e0 r\u00e9duire la quantit\u00e9 de nourriture.<\/p>\n<p><strong>Compos\u00e9:<\/strong><\/p>\n<p>C\u00e9r\u00e9ales, viandes et sous-produits animaux, sous-produits v\u00e9g\u00e9taux, huiles et graisses, min\u00e9raux.<\/p>\n<p><strong>Constituants analytiques\u00a0:<\/strong><\/p>\n<p>Prot\u00e9ine brute 19.0%, Mati\u00e8res grasses brutes 7.0%, Cellulose brute 3.0%,<\/p>\n<p>Cendres brutes 7.5%, Calcium 1.9%, Phosphore 1.2%, Humidit\u00e9 9.0%<\/p>\n<p><strong>Additifs nutritionnels par kg.<\/strong><\/p>\n<p>Vitamine A (ac\u00e9tate d&#039;alpha-r\u00e9tinyle) 14000 UI, Vitamine D3 (chol\u00e9calcif\u00e9rol) 1400 UI, Vitamine E (ac\u00e9tate d&#039;alpha-tocoph\u00e9ryle all-rac) 60 UI, Cuivre (sulfate de cuivre (II) pentahydrat\u00e9) 5,0 mg, Zinc (sulfate de zinc monohydrat\u00e9 ) 65,0 mg. Fer (sulfate de fer (II) monohydrat\u00e9) 50,0 mg, Mangan\u00e8se (oxyde de mangan\u00e8se (II)) 35,0 mg, Iode (iodate de calcium, anhydre) 1,5 mg.<\/p>\n<\/div>\n<p><img loading=\"lazy\" decoding=\"async\" class=\"alignnone size-full wp-image-136753\" src=\"https:\/\/dogpride.nl\/wp-content\/uploads\/Adult-Senior-Light.jpg\" alt=\"Adult Senior\/Light\" width=\"500\" height=\"271\" srcset=\"https:\/\/dogpride.nl\/wp-content\/uploads\/Adult-Senior-Light.jpg 500w, https:\/\/dogpride.nl\/wp-content\/uploads\/Adult-Senior-Light-300x163.jpg 300w, https:\/\/dogpride.nl\/wp-content\/uploads\/Adult-Senior-Light-18x10.jpg 18w, https:\/\/dogpride.nl\/wp-content\/uploads\/Adult-Senior-Light-250x136.jpg 250w, https:\/\/dogpride.nl\/wp-content\/uploads\/Adult-Senior-Light-400x217.jpg 400w\" sizes=\"auto, (max-width: 500px) 100vw, 500px\" \/><\/p>\n<p><a href=\"https:\/\/dogpride.nl\/fr\/adult-senior-light-3\/\">https:\/\/dogpride.nl\/adult-senior-light-3<\/a><\/p>\n<p><a href=\"https:\/\/devrolijkekwispel.nl\/\" target=\"_blank\" rel=\"noopener\">Dogpride NL parraine Kelly Albers<\/a><\/p>\n<p><em>Je (Kelly Albers) suis active dans le secteur animal depuis 2015. Apr\u00e8s avoir suivi plusieurs formations, avoir acquis de nombreuses ann\u00e9es d&#039;exp\u00e9rience dans les sports canins et avoir travaill\u00e9 pour plusieurs entreprises animali\u00e8res pendant plusieurs ann\u00e9es.<\/em><br \/>\n<em>En mai 2018, j&#039;ai atteint un sommet dans ma carri\u00e8re de sport canin. Je suis devenu champion du monde WDSF dans la classe ipo2 et j&#039;ai ensuite particip\u00e9 au championnat n\u00e9erlandais toutes races.<\/em><\/p>","protected":false},"excerpt":{"rendered":"<p>Adult Senior\/Light est un aliment complet et \u00e9quilibr\u00e9 100% sp\u00e9cialement con\u00e7u pour les chiens \u00e2g\u00e9s, les chiens en surpoids et ayant tendance \u00e0 l&#039;embonpoint.<\/p>","protected":false},"featured_media":12336,"template":"","meta":[],"product_brand":[],"product_cat":[20],"product_tag":[3391,3368,8638,8851,3390,3393,3394,3373,3392,3382],"class_list":{"0":"post-12335","1":"product","2":"type-product","3":"status-publish","4":"has-post-thumbnail","6":"product_cat-krokante-hondenbrokken","7":"product_tag-adult","8":"product_tag-hond","9":"product_tag-hondenbrokken","10":"product_tag-krokant","11":"product_tag-light","12":"product_tag-oudere","13":"product_tag-overgewicht","14":"product_tag-senior","15":"product_tag-uitgebalanceerd","16":"product_tag-voeding","18":"first","19":"instock","20":"taxable","21":"shipping-taxable","22":"purchasable","23":"product-type-variable"},"mb":[],"mfb_rest_fields":["title"],"_links":{"self":[{"href":"https:\/\/dogpride.nl\/fr\/wp-json\/wp\/v2\/product\/12335","targetHints":{"allow":["GET"]}}],"collection":[{"href":"https:\/\/dogpride.nl\/fr\/wp-json\/wp\/v2\/product"}],"about":[{"href":"https:\/\/dogpride.nl\/fr\/wp-json\/wp\/v2\/types\/product"}],"wp:featuredmedia":[{"embeddable":true,"href":"https:\/\/dogpride.nl\/fr\/wp-json\/wp\/v2\/media\/12336"}],"wp:attachment":[{"href":"https:\/\/dogpride.nl\/fr\/wp-json\/wp\/v2\/media?parent=12335"}],"wp:term":[{"taxonomy":"product_brand","embeddable":true,"href":"https:\/\/dogpride.nl\/fr\/wp-json\/wp\/v2\/product_brand?post=12335"},{"taxonomy":"product_cat","embeddable":true,"href":"https:\/\/dogpride.nl\/fr\/wp-json\/wp\/v2\/product_cat?post=12335"},{"taxonomy":"product_tag","embeddable":true,"href":"https:\/\/dogpride.nl\/fr\/wp-json\/wp\/v2\/product_tag?post=12335"}],"curies":[{"name":"wp","href":"https:\/\/api.w.org\/{rel}","templated":true}]}}