{"id":12329,"date":"2019-02-01T14:25:20","date_gmt":"2019-02-01T13:25:20","guid":{"rendered":"https:\/\/dogpride1.wpengine.com\/product\/super-premium-sensitive-3\/"},"modified":"2025-09-25T12:09:55","modified_gmt":"2025-09-25T10:09:55","slug":"super-premium-sensitive-3","status":"publish","type":"product","link":"https:\/\/dogpride.nl\/fr\/super-premium-sensitive-3\/","title":{"rendered":"Sensible Super Premium"},"content":{"rendered":"<div>\n<h4>Sensible Super Premium<\/h4>\n<p>Super Premium Sensitive est un aliment contenant uniquement des prot\u00e9ines animales hydrolys\u00e9es et convient donc parfaitement aux chiens adultes souffrant d&#039;allergies alimentaires.<\/p>\n<p>Gehydrolyseerde eiwitten zijn in kleine fragmenten geknipte eiwitten. Door het verkleinen van eiwitten verliezen deze hun allergene eigenschappen en worden daardoor niet herkend door het immuunsysteem van de hond.<br \/>\nWat leidt tot vermindering van voedingsallergie en verbetering van de huid en vacht van uw hond.<\/p>\n<p><strong>Compos\u00e9<\/strong>:<\/p>\n<p>Riz, poisson hydrolys\u00e9, prot\u00e9ine de pomme de terre, huile de poisson (saumon), pulpe de betterave s\u00e9ch\u00e9e, graisse animale (volaille, b\u0153uf), min\u00e9raux (chlorure de potassium, chlorure de sodium, carbonate de calcium, tripolyphosphate de sodium, phosphate monocalcique), levure, huile de bourrache hydrolys\u00e9e foie de poulet.<\/p>\n<p><strong>Analyse:<\/strong><\/p>\n<ul>\n<li>Prot\u00e9ine brute 21.0%, Mati\u00e8res grasses brutes 12.5%, Cellulose brute 2.5%,<\/li>\n<li>Cendres brutes 7.5%, Calcium 0.5%, Phosphore 0.45%, Humidit\u00e9 8.0%<\/li>\n<\/ul>\n<p><strong>Additifs nutritionnels par kg.<\/strong><\/p>\n<p>Vitamine A (ac\u00e9tate d&#039;alpha-r\u00e9tinyle) 14000 UI, Vitamine D3 (chol\u00e9calcif\u00e9rol) 1400 UI, Vitamine E (ac\u00e9tate d&#039;alpha-tocoph\u00e9ryle all-rac) 600 mg, Cuivre (sulfate de cuivre (II) pentahydrat\u00e9) 4,0 mg, Zinc (sulfate de zinc monohydrat\u00e9 ) 124,4 mg. Fer (sulfate de fer (II) monohydrat\u00e9) 70,9 mg, Mangan\u00e8se (oxyde de mangan\u00e8se (II)) 25,8 mg, Iode (iodate de calcium, anhydre) 1,2 mg.<\/p>\n<\/div>\n<p><img loading=\"lazy\" decoding=\"async\" class=\"alignnone size-full wp-image-136764\" src=\"https:\/\/dogpride.nl\/wp-content\/uploads\/Super-Premium-Sensitive.jpg\" alt=\"Super Premium Sensitive\" width=\"1838\" height=\"805\" srcset=\"https:\/\/dogpride.nl\/wp-content\/uploads\/Super-Premium-Sensitive.jpg 1838w, https:\/\/dogpride.nl\/wp-content\/uploads\/Super-Premium-Sensitive-300x131.jpg 300w, https:\/\/dogpride.nl\/wp-content\/uploads\/Super-Premium-Sensitive-1024x448.jpg 1024w, https:\/\/dogpride.nl\/wp-content\/uploads\/Super-Premium-Sensitive-768x336.jpg 768w, https:\/\/dogpride.nl\/wp-content\/uploads\/Super-Premium-Sensitive-1536x673.jpg 1536w, https:\/\/dogpride.nl\/wp-content\/uploads\/Super-Premium-Sensitive-18x8.jpg 18w, https:\/\/dogpride.nl\/wp-content\/uploads\/Super-Premium-Sensitive-250x109.jpg 250w, https:\/\/dogpride.nl\/wp-content\/uploads\/Super-Premium-Sensitive-400x175.jpg 400w\" sizes=\"auto, (max-width: 1838px) 100vw, 1838px\" \/><\/p>\n<p><a href=\"https:\/\/dogpride.nl\/fr\/super-premium-sensitive-3\/\">https:\/\/dogpride.nl\/super-premium-sensitive-3<\/a><\/p>\n<p><a href=\"https:\/\/devrolijkekwispel.nl\/\" target=\"_blank\" rel=\"noopener\">Dogpride NL parraine Kelly Albers<\/a><\/p>\n<p><em>Je (Kelly Albers) suis active dans le secteur animal depuis 2015. Apr\u00e8s avoir suivi plusieurs formations, avoir acquis de nombreuses ann\u00e9es d&#039;exp\u00e9rience dans les sports canins et avoir travaill\u00e9 pour plusieurs entreprises animali\u00e8res pendant plusieurs ann\u00e9es.<\/em><br \/>\n<em>En mai 2018, j&#039;ai atteint un sommet dans ma carri\u00e8re de sport canin. Je suis devenu champion du monde WDSF dans la classe ipo2 et j&#039;ai ensuite particip\u00e9 au championnat n\u00e9erlandais toutes races.<\/em><\/p>","protected":false},"excerpt":{"rendered":"<p>Super Premium Sensitive est un aliment contenant uniquement des prot\u00e9ines animales hydrolys\u00e9es et convient aux chiens adultes pr\u00e9sentant une allergie alimentaire.<\/p>","protected":false},"featured_media":12330,"template":"","meta":[],"product_brand":[],"product_cat":[20],"product_tag":[3419,3420,3418,3366,3417,3421],"class_list":{"0":"post-12329","1":"product","2":"type-product","3":"status-publish","4":"has-post-thumbnail","6":"product_cat-krokante-hondenbrokken","7":"product_tag-dierlijke","8":"product_tag-eiwitten","9":"product_tag-gehydrolyseerd","10":"product_tag-premium","11":"product_tag-sensitive","12":"product_tag-voedingsallergie","14":"first","15":"instock","16":"taxable","17":"shipping-taxable","18":"purchasable","19":"product-type-variable"},"mb":[],"mfb_rest_fields":["title"],"_links":{"self":[{"href":"https:\/\/dogpride.nl\/fr\/wp-json\/wp\/v2\/product\/12329","targetHints":{"allow":["GET"]}}],"collection":[{"href":"https:\/\/dogpride.nl\/fr\/wp-json\/wp\/v2\/product"}],"about":[{"href":"https:\/\/dogpride.nl\/fr\/wp-json\/wp\/v2\/types\/product"}],"wp:featuredmedia":[{"embeddable":true,"href":"https:\/\/dogpride.nl\/fr\/wp-json\/wp\/v2\/media\/12330"}],"wp:attachment":[{"href":"https:\/\/dogpride.nl\/fr\/wp-json\/wp\/v2\/media?parent=12329"}],"wp:term":[{"taxonomy":"product_brand","embeddable":true,"href":"https:\/\/dogpride.nl\/fr\/wp-json\/wp\/v2\/product_brand?post=12329"},{"taxonomy":"product_cat","embeddable":true,"href":"https:\/\/dogpride.nl\/fr\/wp-json\/wp\/v2\/product_cat?post=12329"},{"taxonomy":"product_tag","embeddable":true,"href":"https:\/\/dogpride.nl\/fr\/wp-json\/wp\/v2\/product_tag?post=12329"}],"curies":[{"name":"wp","href":"https:\/\/api.w.org\/{rel}","templated":true}]}}