{"id":12325,"date":"2019-02-01T14:25:20","date_gmt":"2019-02-01T13:25:20","guid":{"rendered":"https:\/\/dogpride1.wpengine.com\/product\/adult-maxi-3\/"},"modified":"2025-09-25T12:12:10","modified_gmt":"2025-09-25T10:12:10","slug":"adult-maxi-uitgebalanceerde-voeding","status":"publish","type":"product","link":"https:\/\/dogpride.nl\/fr\/adult-maxi-uitgebalanceerde-voeding\/","title":{"rendered":"Alimentation Maxi \u00e9quilibr\u00e9e adulte"},"content":{"rendered":"<div>\n<h4>Alimentation Maxi \u00e9quilibr\u00e9e adulte<\/h4>\n<p>Alimentation Maxi \u00e9quilibr\u00e9e adulte<\/p>\n<p>La nutrition \u00e9quilibr\u00e9e Adult Maxi est une alimentation compl\u00e8te et \u00e9quilibr\u00e9e 100% pour chiens adultes de races moyennes et grandes avec une consommation \u00e9nerg\u00e9tique normale.<\/p>\n<p>Une nourriture qui maintient votre chien en parfaite condition et lui permet de fonctionner de mani\u00e8re optimale au quotidien.<\/p>\n<p><strong>Samenstelling Adult Maxi uitgebalanceerde voeding:<\/strong><\/p>\n<p>C\u00e9r\u00e9ales, viandes et sous-produits animaux, sous-produits v\u00e9g\u00e9taux, huiles et graisses, min\u00e9raux.<\/p>\n<p><strong>Constituants analytiques\u00a0:<\/strong><\/p>\n<ul>\n<li>Prot\u00e9ine brute 25.0%, Mati\u00e8res grasses brutes 9.0%, Cellulose brute 3.0%,<\/li>\n<li>Cendres brutes 7.5%, Calcium 1.7%, Phosphore 1.0%, Humidit\u00e9 9.0%<\/li>\n<\/ul>\n<p><strong>Additifs nutritionnels par kg.<\/strong><\/p>\n<p>Vitamine A (alfa-retinylacetaat) 15000 IE, Vitamine D3 (cholecalciferol) 1500 IE, Vitamine E (all-rac alpha-tocopheryl acetate) 60 IE, Koper (koper (II) sulfaat pentahydraat) 5,0 mg, Zink (Zinksulfaatmonohydraat) 65,0 mg.<br \/>\nIJzer (ijzersulfaat (II) monohydraat) 50,0 mg, Mangaan (mangaan (II) oxide) 35,0 mg,\u00a0 Jodium (calciumjodaat,watervrij) 1,5 mg.<\/p>\n<\/div>\n<p><img loading=\"lazy\" decoding=\"async\" class=\"alignnone size-full wp-image-136765\" src=\"https:\/\/dogpride.nl\/wp-content\/uploads\/Adult-Maxi-uitgebalanceerde-voeding.jpg\" alt=\"Adult Maxi uitgebalanceerde voeding\" width=\"441\" height=\"242\" srcset=\"https:\/\/dogpride.nl\/wp-content\/uploads\/Adult-Maxi-uitgebalanceerde-voeding.jpg 441w, https:\/\/dogpride.nl\/wp-content\/uploads\/Adult-Maxi-uitgebalanceerde-voeding-300x165.jpg 300w, https:\/\/dogpride.nl\/wp-content\/uploads\/Adult-Maxi-uitgebalanceerde-voeding-18x10.jpg 18w, https:\/\/dogpride.nl\/wp-content\/uploads\/Adult-Maxi-uitgebalanceerde-voeding-250x137.jpg 250w, https:\/\/dogpride.nl\/wp-content\/uploads\/Adult-Maxi-uitgebalanceerde-voeding-400x220.jpg 400w\" sizes=\"auto, (max-width: 441px) 100vw, 441px\" \/><\/p>\n<p><a href=\"https:\/\/dogpride.nl\/fr\/adult-maxi-uitgebalanceerde-voeding\/\">https:\/\/dogpride.nl\/adult-maxi-uitgebalanceerde-voeding<\/a><\/p>\n<p><a href=\"https:\/\/devrolijkekwispel.nl\/\" target=\"_blank\" rel=\"noopener\">Dogpride NL parraine Kelly Albers<\/a><\/p>\n<p><em>Je (Kelly Albers) suis active dans le secteur animal depuis 2015. Apr\u00e8s avoir suivi plusieurs formations, avoir acquis de nombreuses ann\u00e9es d&#039;exp\u00e9rience dans les sports canins et avoir travaill\u00e9 pour plusieurs entreprises animali\u00e8res pendant plusieurs ann\u00e9es.<\/em><br \/>\n<em>En mai 2018, j&#039;ai atteint un sommet dans ma carri\u00e8re de sport canin. Je suis devenu champion du monde WDSF dans la classe ipo2 et j&#039;ai ensuite particip\u00e9 au championnat n\u00e9erlandais toutes races.<\/em><\/p>","protected":false},"excerpt":{"rendered":"<p>Une nourriture qui maintient votre chien en parfaite condition et lui permet de fonctionner de mani\u00e8re optimale au quotidien. Aliment complet et \u00e9quilibr\u00e9 pour chiens adultes de moyennes et grandes races avec une consommation \u00e9nerg\u00e9tique normale.<\/p>","protected":false},"featured_media":12326,"template":"","meta":[],"product_brand":[],"product_cat":[20],"product_tag":[3391,3378,8638,8851,3411,8856,3406,3412],"class_list":{"0":"post-12325","1":"product","2":"type-product","3":"status-publish","4":"has-post-thumbnail","6":"product_cat-krokante-hondenbrokken","7":"product_tag-adult","8":"product_tag-groot","9":"product_tag-hondenbrokken","10":"product_tag-krokant","11":"product_tag-maxi","12":"product_tag-middelgroot","13":"product_tag-rassen","14":"product_tag-uitgebelanceerd","16":"first","17":"instock","18":"taxable","19":"shipping-taxable","20":"purchasable","21":"product-type-variable"},"mb":[],"mfb_rest_fields":["title"],"_links":{"self":[{"href":"https:\/\/dogpride.nl\/fr\/wp-json\/wp\/v2\/product\/12325","targetHints":{"allow":["GET"]}}],"collection":[{"href":"https:\/\/dogpride.nl\/fr\/wp-json\/wp\/v2\/product"}],"about":[{"href":"https:\/\/dogpride.nl\/fr\/wp-json\/wp\/v2\/types\/product"}],"wp:featuredmedia":[{"embeddable":true,"href":"https:\/\/dogpride.nl\/fr\/wp-json\/wp\/v2\/media\/12326"}],"wp:attachment":[{"href":"https:\/\/dogpride.nl\/fr\/wp-json\/wp\/v2\/media?parent=12325"}],"wp:term":[{"taxonomy":"product_brand","embeddable":true,"href":"https:\/\/dogpride.nl\/fr\/wp-json\/wp\/v2\/product_brand?post=12325"},{"taxonomy":"product_cat","embeddable":true,"href":"https:\/\/dogpride.nl\/fr\/wp-json\/wp\/v2\/product_cat?post=12325"},{"taxonomy":"product_tag","embeddable":true,"href":"https:\/\/dogpride.nl\/fr\/wp-json\/wp\/v2\/product_tag?post=12325"}],"curies":[{"name":"wp","href":"https:\/\/api.w.org\/{rel}","templated":true}]}}