{"id":12323,"date":"2019-02-01T14:25:20","date_gmt":"2019-02-01T13:25:20","guid":{"rendered":"https:\/\/dogpride1.wpengine.com\/product\/adult-plus-3\/"},"modified":"2025-09-25T12:15:10","modified_gmt":"2025-09-25T10:15:10","slug":"adult-plus-uitgebalanceerde-voeding","status":"publish","type":"product","link":"https:\/\/dogpride.nl\/fr\/adult-plus-uitgebalanceerde-voeding\/","title":{"rendered":"Alimentation \u00e9quilibr\u00e9e Adulte Plus"},"content":{"rendered":"<div>\n<h4>Alimentation \u00e9quilibr\u00e9e Adulte Plus<\/h4>\n<p>Alimentation \u00e9quilibr\u00e9e Adulte Plus<\/p>\n<p>Adult Plus est une alimentation compl\u00e8te et \u00e9quilibr\u00e9e 100% pour chiens adultes de toutes races ayant une consommation \u00e9nerg\u00e9tique normale.<\/p>\n<p>Cette nourriture facile \u00e0 dig\u00e9rer fournit \u00e0 votre chien la bonne quantit\u00e9 de nutriments. En utilisant les meilleurs ingr\u00e9dients et une teneur \u00e9nerg\u00e9tique accrue, votre chien restera dans une condition optimale.<\/p>\n<p><strong>Samenstelling Adult Plus uitgebalanceerde voeding:<\/strong><\/p>\n<p>C\u00e9r\u00e9ales, viandes et sous-produits animaux, sous-produits v\u00e9g\u00e9taux, huiles et graisses, min\u00e9raux.<\/p>\n<p><strong>Analytische bestanddelen Adult Plus uitgebalanceerde voeding:<\/strong><\/p>\n<p>Prot\u00e9ine brute 25.0%, Mati\u00e8res grasses brutes 13.0%, Cellulose brute 3.0%,<\/p>\n<p>Cendres brutes 8.0%, Calcium 1.7%, Phosphore 1.2%, Humidit\u00e9 9.0%<\/p>\n<p><strong>Additifs nutritionnels par kg.<\/strong><\/p>\n<p>Vitamine A (alfa-retinylacetaat) 14000 IE, Vitamine D3 (cholecalciferol) 1400 IE, Vitamine E (all-rac alpha-tocopheryl acetate) 60 IE, Koper (koper (II) sulfaat pentahydraat) 5,0 mg, Zink (Zinksulfaatmonohydraat) 65,0 mg.<br \/>\nIJzer (ijzersulfaat (II) monohydraat) 50,0 mg, Mangaan (mangaan (II) oxide) 35,0 mg,\u00a0 Jodium (calciumjodaat,watervrij) 1,5 mg.<\/p>\n<\/div>\n<p><img loading=\"lazy\" decoding=\"async\" class=\"alignnone size-full wp-image-136767\" src=\"https:\/\/dogpride.nl\/wp-content\/uploads\/Adult-Plus-uitgebalanceerde-voeding.jpg\" alt=\"Adult Plus uitgebalanceerde voeding\" width=\"441\" height=\"242\" srcset=\"https:\/\/dogpride.nl\/wp-content\/uploads\/Adult-Plus-uitgebalanceerde-voeding.jpg 441w, https:\/\/dogpride.nl\/wp-content\/uploads\/Adult-Plus-uitgebalanceerde-voeding-300x165.jpg 300w, https:\/\/dogpride.nl\/wp-content\/uploads\/Adult-Plus-uitgebalanceerde-voeding-18x10.jpg 18w, https:\/\/dogpride.nl\/wp-content\/uploads\/Adult-Plus-uitgebalanceerde-voeding-250x137.jpg 250w, https:\/\/dogpride.nl\/wp-content\/uploads\/Adult-Plus-uitgebalanceerde-voeding-400x220.jpg 400w\" sizes=\"auto, (max-width: 441px) 100vw, 441px\" \/><\/p>\n<p><a href=\"https:\/\/dogpride.nl\/fr\/adult-plus-uitgebalanceerde-voeding\/\">https:\/\/dogpride.nl\/adult-plus-uitgebalanceerde-voeding<\/a><\/p>\n<p><a href=\"https:\/\/devrolijkekwispel.nl\/\" target=\"_blank\" rel=\"noopener\">Dogpride NL parraine Kelly Albers<\/a><\/p>\n<p><em>Je (Kelly Albers) suis active dans le secteur animal depuis 2015. Apr\u00e8s avoir suivi plusieurs formations, avoir acquis de nombreuses ann\u00e9es d&#039;exp\u00e9rience dans les sports canins et avoir travaill\u00e9 pour plusieurs entreprises animali\u00e8res pendant plusieurs ann\u00e9es.<\/em><br \/>\n<em>En mai 2018, j&#039;ai atteint un sommet dans ma carri\u00e8re de sport canin. Je suis devenu champion du monde WDSF dans la classe ipo2 et j&#039;ai ensuite particip\u00e9 au championnat n\u00e9erlandais toutes races.<\/em><\/p>","protected":false},"excerpt":{"rendered":"<p>Cette nourriture facile \u00e0 dig\u00e9rer fournit \u00e0 votre chien la bonne quantit\u00e9 de nutriments. En utilisant les meilleurs ingr\u00e9dients et une teneur \u00e9nerg\u00e9tique accrue, votre chien restera dans une condition optimale.<\/p>","protected":false},"featured_media":12324,"template":"","meta":[],"product_brand":[],"product_cat":[20],"product_tag":[3391,8638,8851,3409,3410],"class_list":{"0":"post-12323","1":"product","2":"type-product","3":"status-publish","4":"has-post-thumbnail","6":"product_cat-krokante-hondenbrokken","7":"product_tag-adult","8":"product_tag-hondenbrokken","9":"product_tag-krokant","10":"product_tag-plus","11":"product_tag-uitgebalaceerd","13":"first","14":"instock","15":"taxable","16":"shipping-taxable","17":"purchasable","18":"product-type-variable"},"mb":[],"mfb_rest_fields":["title"],"_links":{"self":[{"href":"https:\/\/dogpride.nl\/fr\/wp-json\/wp\/v2\/product\/12323","targetHints":{"allow":["GET"]}}],"collection":[{"href":"https:\/\/dogpride.nl\/fr\/wp-json\/wp\/v2\/product"}],"about":[{"href":"https:\/\/dogpride.nl\/fr\/wp-json\/wp\/v2\/types\/product"}],"wp:featuredmedia":[{"embeddable":true,"href":"https:\/\/dogpride.nl\/fr\/wp-json\/wp\/v2\/media\/12324"}],"wp:attachment":[{"href":"https:\/\/dogpride.nl\/fr\/wp-json\/wp\/v2\/media?parent=12323"}],"wp:term":[{"taxonomy":"product_brand","embeddable":true,"href":"https:\/\/dogpride.nl\/fr\/wp-json\/wp\/v2\/product_brand?post=12323"},{"taxonomy":"product_cat","embeddable":true,"href":"https:\/\/dogpride.nl\/fr\/wp-json\/wp\/v2\/product_cat?post=12323"},{"taxonomy":"product_tag","embeddable":true,"href":"https:\/\/dogpride.nl\/fr\/wp-json\/wp\/v2\/product_tag?post=12323"}],"curies":[{"name":"wp","href":"https:\/\/api.w.org\/{rel}","templated":true}]}}