{"id":12321,"date":"2019-02-01T14:25:20","date_gmt":"2019-02-01T13:25:20","guid":{"rendered":"https:\/\/dogpride1.wpengine.com\/product\/adult-economic-3\/"},"modified":"2025-09-25T12:16:32","modified_gmt":"2025-09-25T10:16:32","slug":"adult-economic-3","status":"publish","type":"product","link":"https:\/\/dogpride.nl\/fr\/adult-economic-3\/","title":{"rendered":"\u00c9conomie des adultes"},"content":{"rendered":"<div>\n<h4>\u00c9conomie des adultes<\/h4>\n<p>Adult Economic est un aliment complet et \u00e9quilibr\u00e9 100% pour chiens adultes de toutes races ayant une consommation \u00e9nerg\u00e9tique faible \u00e0 normale.<\/p>\n<p>Honden die minder bewegen hebben ook minder voedingsstoffen nodig dan honden die elke dag moeten presteren. Deze smakelijke voeding voorziet uw hond in de dagelijkse hoeveelheid voedingstoffen.<br \/>\nDeze Balance Basic voeding houdt uw hond op een gezond gewicht en in perfecte conditie.<\/p>\n<p><strong>Compos\u00e9:<\/strong><\/p>\n<p>C\u00e9r\u00e9ales, viandes et sous-produits animaux, sous-produits v\u00e9g\u00e9taux, huiles et graisses, min\u00e9raux.<\/p>\n<p><strong>Constituants analytiques\u00a0:<\/strong><\/p>\n<ul>\n<li>Prot\u00e9ine brute 21.0%, Mati\u00e8res grasses brutes 7.5%, Cellulose brute 3.0%,<\/li>\n<li>Cendres brutes 7.5%, Calcium 1.8%, Phosphore 1.2%, Humidit\u00e9 9.0%<\/li>\n<\/ul>\n<p><strong>Additifs nutritionnels par kg.<\/strong><\/p>\n<p>Vitamine A (alfa-retinylacetaat) 14000 IE, Vitamine D3 (cholecalciferol) 1400 IE, Vitamine E (all-rac alpha-tocopheryl acetate) 75 IE, Koper (koper (II) sulfaat pentahydraat) 5,0 mg, Zink (Zinksulfaatmonohydraat) 65,0 mg.<br \/>\nIJzer (ijzersulfaat (II) monohydraat) 50,0 mg, Mangaan (mangaan (II) oxide) 35,0 mg,\u00a0 Jodium (calciumjodaat,watervrij) 1,5 mg.<\/p>\n<\/div>\n<p><img loading=\"lazy\" decoding=\"async\" class=\"alignnone size-full wp-image-136768\" src=\"https:\/\/dogpride.nl\/wp-content\/uploads\/Adult-Economic.jpg\" alt=\"Adult Economic\" width=\"500\" height=\"250\" srcset=\"https:\/\/dogpride.nl\/wp-content\/uploads\/Adult-Economic.jpg 500w, https:\/\/dogpride.nl\/wp-content\/uploads\/Adult-Economic-300x150.jpg 300w, https:\/\/dogpride.nl\/wp-content\/uploads\/Adult-Economic-18x9.jpg 18w, https:\/\/dogpride.nl\/wp-content\/uploads\/Adult-Economic-250x125.jpg 250w, https:\/\/dogpride.nl\/wp-content\/uploads\/Adult-Economic-400x200.jpg 400w\" sizes=\"auto, (max-width: 500px) 100vw, 500px\" \/><\/p>\n<p><a href=\"https:\/\/dogpride.nl\/fr\/adult-economic-3\/\">https:\/\/dogpride.nl\/adult-economic-3<\/a><\/p>\n<p><a href=\"https:\/\/devrolijkekwispel.nl\/\" target=\"_blank\" rel=\"noopener\">Dogpride NL parraine Kelly Albers<\/a><\/p>\n<p><em>Je (Kelly Albers) suis active dans le secteur animal depuis 2015. Apr\u00e8s avoir suivi plusieurs formations, avoir acquis de nombreuses ann\u00e9es d&#039;exp\u00e9rience dans les sports canins et avoir travaill\u00e9 pour plusieurs entreprises animali\u00e8res pendant plusieurs ann\u00e9es.<\/em><br \/>\n<em>En mai 2018, j&#039;ai atteint un sommet dans ma carri\u00e8re de sport canin. Je suis devenu champion du monde WDSF dans la classe ipo2 et j&#039;ai ensuite particip\u00e9 au championnat n\u00e9erlandais toutes races.<\/em><\/p>\n<p>&nbsp;<\/p>","protected":false},"excerpt":{"rendered":"<p>Adult Economic est un aliment complet et \u00e9quilibr\u00e9 100% pour chiens adultes de toutes races ayant une consommation \u00e9nerg\u00e9tique faible \u00e0 normale.<\/p>","protected":false},"featured_media":12322,"template":"","meta":[],"product_brand":[],"product_cat":[20],"product_tag":[3391,3408,8638,8851,3392,3358],"class_list":{"0":"post-12321","1":"product","2":"type-product","3":"status-publish","4":"has-post-thumbnail","6":"product_cat-krokante-hondenbrokken","7":"product_tag-adult","8":"product_tag-economic","9":"product_tag-hondenbrokken","10":"product_tag-krokant","11":"product_tag-uitgebalanceerd","12":"product_tag-volwassen","14":"first","15":"instock","16":"taxable","17":"shipping-taxable","18":"purchasable","19":"product-type-variable"},"mb":[],"mfb_rest_fields":["title"],"_links":{"self":[{"href":"https:\/\/dogpride.nl\/fr\/wp-json\/wp\/v2\/product\/12321","targetHints":{"allow":["GET"]}}],"collection":[{"href":"https:\/\/dogpride.nl\/fr\/wp-json\/wp\/v2\/product"}],"about":[{"href":"https:\/\/dogpride.nl\/fr\/wp-json\/wp\/v2\/types\/product"}],"wp:featuredmedia":[{"embeddable":true,"href":"https:\/\/dogpride.nl\/fr\/wp-json\/wp\/v2\/media\/12322"}],"wp:attachment":[{"href":"https:\/\/dogpride.nl\/fr\/wp-json\/wp\/v2\/media?parent=12321"}],"wp:term":[{"taxonomy":"product_brand","embeddable":true,"href":"https:\/\/dogpride.nl\/fr\/wp-json\/wp\/v2\/product_brand?post=12321"},{"taxonomy":"product_cat","embeddable":true,"href":"https:\/\/dogpride.nl\/fr\/wp-json\/wp\/v2\/product_cat?post=12321"},{"taxonomy":"product_tag","embeddable":true,"href":"https:\/\/dogpride.nl\/fr\/wp-json\/wp\/v2\/product_tag?post=12321"}],"curies":[{"name":"wp","href":"https:\/\/api.w.org\/{rel}","templated":true}]}}