{"id":12315,"date":"2019-02-01T14:25:20","date_gmt":"2019-02-01T13:25:20","guid":{"rendered":"https:\/\/dogpride1.wpengine.com\/product\/super-premium-mini-chicken-rice-3\/"},"modified":"2025-10-13T14:10:57","modified_gmt":"2025-10-13T12:10:57","slug":"super-premium-mini-chicken-and-rice","status":"publish","type":"product","link":"https:\/\/dogpride.nl\/fr\/super-premium-mini-chicken-and-rice\/","title":{"rendered":"Super Premium Mini Chicken and Rice"},"content":{"rendered":"<div>\n<h4>Super Premium Mini Chicken and Rice<\/h4>\n<p>Super Premium Mini Chicken and Rice is een 100% hoogwaardige en uitgebalanceerde voeding voor volwassen honden van kleine rassen.<\/p>\n<p>Les races de chiens de petite taille (poids adulte jusqu&#039;\u00e0 15 kg) ont besoin de relativement plus d&#039;\u00e9nergie pour rester en forme. En s\u00e9lectionnant soigneusement les ingr\u00e9dients et en utilisant uniquement des mati\u00e8res premi\u00e8res de haute qualit\u00e9.<br \/>\nDe vorm, structuur en afmeting (8 mm) van de brokjes zijn perfect aangepast aan het gebit van kleinere honden.<\/p>\n<h4><strong>Samenstelling Super Premium Mini Chicken and Rice:<\/strong><\/h4>\n<p>Ma\u00efs, agneau d\u00e9shydrat\u00e9 (18%), riz (18%), fibre de betterave, graisse de poulet, levure, \u0153uf, huile de saumon, min\u00e9raux<\/p>\n<p><strong>Analyse:<\/strong><\/p>\n<p>Prot\u00e9ine brute 24.0%, Mati\u00e8re grasse brute 13.0%, Cellulose brute 3.5%,<\/p>\n<p>Cendres brutes 7.5%, Calcium 1.5%, Phosphore 1.2%, Humidit\u00e9 9.0%<\/p>\n<p><strong>Additifs nutritionnels par kg.<\/strong><\/p>\n<p>Vitamine A (alfa-retinylacetaat) 15000 IE, Vitamine D3 (cholecalciferol) 1500 IE, Vitamine E (all-rac alpha-tocopheryl acetate) 100 mg, Koper (koper (II) sulfaat pentahydraat) 10,0 mg, Zink (Zinksulfaatmonohydraat) 140,0 mg.<br \/>\nIJzer (ijzersulfaat (II) monohydraat) 50,0 mg, Mangaan (mangaan (II) oxide) 30,0 mg,\u00a0 Jodium (calciumjodaat,watervrij) 1,5 mg.<\/p>\n<\/div>\n<p><a href=\"https:\/\/dogpride.nl\/fr\/hondenvoer\/krokante-hondenbrokken\/?product-page=2\"><img loading=\"lazy\" decoding=\"async\" class=\"alignnone wp-image-136785 size-thumbnail\" title=\"Super Premium Mini Chicken and Rice\" src=\"https:\/\/dogpride.nl\/wp-content\/uploads\/brokken-105-super-premium-mini-chicken-rice-1-150x150.jpg\" alt=\"Super Premium Mini Chicken and Rice\" width=\"150\" height=\"150\" srcset=\"https:\/\/dogpride.nl\/wp-content\/uploads\/brokken-105-super-premium-mini-chicken-rice-1-150x150.jpg 150w, https:\/\/dogpride.nl\/wp-content\/uploads\/brokken-105-super-premium-mini-chicken-rice-1-100x100.jpg 100w\" sizes=\"auto, (max-width: 150px) 100vw, 150px\" \/><\/a><\/p>\n<p><a href=\"https:\/\/dogpride.nl\/fr\/super-premium-mini-chicken-rice\/\">https:\/\/dogpride.nl\/super-premium-mini-chicken-rice<\/a><\/p>\n<p><span style=\"color: #ffffff;\"><a style=\"color: #ffffff;\" href=\"https:\/\/devrolijkekwispel.nl\/\" target=\"_blank\" rel=\"noopener\">Dogpride NL parraine Kelly Albers<\/a><\/span><\/p>\n<p><span style=\"color: #ffffff;\"><em>Je (Kelly Albers) suis active dans le secteur animal depuis 2015. Apr\u00e8s avoir suivi plusieurs formations, avoir acquis de nombreuses ann\u00e9es d&#039;exp\u00e9rience dans les sports canins et avoir travaill\u00e9 pour plusieurs entreprises animali\u00e8res pendant plusieurs ann\u00e9es.<\/em><\/span><br \/>\n<span style=\"color: #ffffff;\"><em>En mai 2018, j&#039;ai atteint un sommet dans ma carri\u00e8re de sport canin. Je suis devenu champion du monde WDSF dans la classe ipo2 et j&#039;ai ensuite particip\u00e9 au championnat n\u00e9erlandais toutes races.<\/em><\/span><\/p>","protected":false},"excerpt":{"rendered":"<p>Les races de chiens de petite taille (poids adulte jusqu&#039;\u00e0 15 kg) ont besoin de relativement plus d&#039;\u00e9nergie pour rester en forme. En s\u00e9lectionnant soigneusement les ingr\u00e9dients et en utilisant uniquement des mati\u00e8res premi\u00e8res de haute qualit\u00e9.<\/p>","protected":false},"featured_media":12316,"template":"","meta":[],"product_brand":[],"product_cat":[20],"product_tag":[3288,8638,3363,3407,3075,3366,3379,3383],"class_list":{"0":"post-12315","1":"product","2":"type-product","3":"status-publish","4":"has-post-thumbnail","6":"product_cat-krokante-hondenbrokken","7":"product_tag-honden","8":"product_tag-hondenbrokken","9":"product_tag-kip","10":"product_tag-klein","11":"product_tag-mini","12":"product_tag-premium","13":"product_tag-ras","14":"product_tag-rijst","16":"first","17":"instock","18":"taxable","19":"shipping-taxable","20":"purchasable","21":"product-type-variable"},"mb":[],"mfb_rest_fields":["title"],"_links":{"self":[{"href":"https:\/\/dogpride.nl\/fr\/wp-json\/wp\/v2\/product\/12315","targetHints":{"allow":["GET"]}}],"collection":[{"href":"https:\/\/dogpride.nl\/fr\/wp-json\/wp\/v2\/product"}],"about":[{"href":"https:\/\/dogpride.nl\/fr\/wp-json\/wp\/v2\/types\/product"}],"wp:featuredmedia":[{"embeddable":true,"href":"https:\/\/dogpride.nl\/fr\/wp-json\/wp\/v2\/media\/12316"}],"wp:attachment":[{"href":"https:\/\/dogpride.nl\/fr\/wp-json\/wp\/v2\/media?parent=12315"}],"wp:term":[{"taxonomy":"product_brand","embeddable":true,"href":"https:\/\/dogpride.nl\/fr\/wp-json\/wp\/v2\/product_brand?post=12315"},{"taxonomy":"product_cat","embeddable":true,"href":"https:\/\/dogpride.nl\/fr\/wp-json\/wp\/v2\/product_cat?post=12315"},{"taxonomy":"product_tag","embeddable":true,"href":"https:\/\/dogpride.nl\/fr\/wp-json\/wp\/v2\/product_tag?post=12315"}],"curies":[{"name":"wp","href":"https:\/\/api.w.org\/{rel}","templated":true}]}}