{"id":12309,"date":"2019-02-01T14:25:20","date_gmt":"2019-02-01T13:25:20","guid":{"rendered":"https:\/\/dogpride1.wpengine.com\/product\/super-premium-lamb-rice-3\/"},"modified":"2025-10-13T14:14:26","modified_gmt":"2025-10-13T12:14:26","slug":"super-premium-lamb-and-rice","status":"publish","type":"product","link":"https:\/\/dogpride.nl\/fr\/super-premium-lamb-and-rice\/","title":{"rendered":"Super Premium Lamb and Rice"},"content":{"rendered":"<div>\n<h4>Super Premium Lamb and Rice<\/h4>\n<p>Super Premium Lamb and Rice is een 100% hoogwaardige en uitgebalanceerde voeding voor volwassen honden van alle rassen.<\/p>\n<p>En s\u00e9lectionnant soigneusement les ingr\u00e9dients et en utilisant uniquement des mati\u00e8res premi\u00e8res de haute qualit\u00e9 avec de l&#039;agneau comme source de prot\u00e9ines.<\/p>\n<p><strong>Samenstelling Super Premium Lamb and Rice:<\/strong><\/p>\n<p>Flocons d&#039;avoine, ma\u00efs, agneau d\u00e9shydrat\u00e9 (20%), riz (20%), graisse de poulet, fibre de betterave, levure, min\u00e9raux.<\/p>\n<p><strong>Analyse Super Premium Lamb and Rice:<\/strong><\/p>\n<p>Prot\u00e9ine brute 24.0%, Mati\u00e8res grasses brutes 12.0%, Cellulose brute 2.0%,<\/p>\n<p>Cendres brutes 9.0%, Calcium 1.9%, Phosphore 1.2%, Humidit\u00e9 9.0%<\/p>\n<p><strong>Additifs nutritionnels par kg.<\/strong><\/p>\n<p>Vitamine A (alfa-retinylacetaat) 25000 IE, Vitamine D3 (cholecalciferol) 2000 IE, Vitamine E (all-rac alpha-tocopheryl acetate) 75 IE, Koper (koper (II) sulfaat pentahydraat) 5,0 mg, Zink (Zinksulfaatmonohydraat) 65,0 mg.<br \/>\nIJzer (ijzersulfaat (II) monohydraat) 50,0 mg, Mangaan (mangaan (II) oxide) 35,0 mg,\u00a0 Jodium (calciumjodaat,watervrij) 1,5 mg.<\/p>\n<\/div>\n<p><a href=\"https:\/\/dogpride.nl\/fr\/hondenvoer\/krokante-hondenbrokken\/?product-page=2\"><img loading=\"lazy\" decoding=\"async\" class=\"alignnone wp-image-136794 size-thumbnail\" title=\"Super Premium Lamb and Rice\" src=\"https:\/\/dogpride.nl\/wp-content\/uploads\/Super-Premium-Lamb-Rice-150x150.jpg\" alt=\"Super Premium Lamb and Rice\" width=\"150\" height=\"150\" srcset=\"https:\/\/dogpride.nl\/wp-content\/uploads\/Super-Premium-Lamb-Rice-150x150.jpg 150w, https:\/\/dogpride.nl\/wp-content\/uploads\/Super-Premium-Lamb-Rice-100x100.jpg 100w\" sizes=\"auto, (max-width: 150px) 100vw, 150px\" \/><\/a><a href=\"https:\/\/dogpride.nl\/fr\/hondenvoer\/krokante-hondenbrokken\/?product-page=2\"><img loading=\"lazy\" decoding=\"async\" class=\"alignnone wp-image-136794 size-thumbnail\" title=\"Super Premium Lamb and Rice\" src=\"https:\/\/dogpride.nl\/wp-content\/uploads\/Super-Premium-Lamb-Rice-150x150.jpg\" alt=\"Super Premium Lamb and Rice\" width=\"150\" height=\"150\" srcset=\"https:\/\/dogpride.nl\/wp-content\/uploads\/Super-Premium-Lamb-Rice-150x150.jpg 150w, https:\/\/dogpride.nl\/wp-content\/uploads\/Super-Premium-Lamb-Rice-100x100.jpg 100w\" sizes=\"auto, (max-width: 150px) 100vw, 150px\" \/><\/a><\/p>\n<p><a href=\"https:\/\/dogpride.nl\/fr\/super-premium-lamb-rice\/\">https:\/\/dogpride.nl\/super-premium-lamb-rice<\/a><\/p>\n<p><span style=\"color: #ffffff;\"><a style=\"color: #ffffff;\" href=\"https:\/\/devrolijkekwispel.nl\/\" target=\"_blank\" rel=\"noopener\">Dogpride NL parraine Kelly Albers<\/a><\/span><\/p>\n<p><span style=\"color: #ffffff;\"><em>Je (Kelly Albers) suis active dans le secteur animal depuis 2015. Apr\u00e8s avoir suivi plusieurs formations, avoir acquis de nombreuses ann\u00e9es d&#039;exp\u00e9rience dans les sports canins et avoir travaill\u00e9 pour plusieurs entreprises animali\u00e8res pendant plusieurs ann\u00e9es.<\/em><\/span><br \/>\n<span style=\"color: #ffffff;\"><em>En mai 2018, j&#039;ai atteint un sommet dans ma carri\u00e8re de sport canin. Je suis devenu champion du monde WDSF dans la classe ipo2 et j&#039;ai ensuite particip\u00e9 au championnat n\u00e9erlandais toutes races.<\/em><\/span><\/p>","protected":false},"excerpt":{"rendered":"<p>En s\u00e9lectionnant soigneusement les ingr\u00e9dients et en utilisant uniquement des mati\u00e8res premi\u00e8res de haute qualit\u00e9 avec de l&#039;agneau comme source de prot\u00e9ines.<\/p>","protected":false},"featured_media":12310,"template":"","meta":[],"product_brand":[],"product_cat":[20],"product_tag":[3359,3402,8851,3366,3383,3365],"class_list":{"0":"post-12309","1":"product","2":"type-product","3":"status-publish","4":"has-post-thumbnail","6":"product_cat-krokante-hondenbrokken","7":"product_tag-hondenbrok","8":"product_tag-kam","9":"product_tag-krokant","10":"product_tag-premium","11":"product_tag-rijst","12":"product_tag-super","14":"first","15":"instock","16":"taxable","17":"shipping-taxable","18":"purchasable","19":"product-type-variable"},"mb":[],"mfb_rest_fields":["title"],"_links":{"self":[{"href":"https:\/\/dogpride.nl\/fr\/wp-json\/wp\/v2\/product\/12309","targetHints":{"allow":["GET"]}}],"collection":[{"href":"https:\/\/dogpride.nl\/fr\/wp-json\/wp\/v2\/product"}],"about":[{"href":"https:\/\/dogpride.nl\/fr\/wp-json\/wp\/v2\/types\/product"}],"wp:featuredmedia":[{"embeddable":true,"href":"https:\/\/dogpride.nl\/fr\/wp-json\/wp\/v2\/media\/12310"}],"wp:attachment":[{"href":"https:\/\/dogpride.nl\/fr\/wp-json\/wp\/v2\/media?parent=12309"}],"wp:term":[{"taxonomy":"product_brand","embeddable":true,"href":"https:\/\/dogpride.nl\/fr\/wp-json\/wp\/v2\/product_brand?post=12309"},{"taxonomy":"product_cat","embeddable":true,"href":"https:\/\/dogpride.nl\/fr\/wp-json\/wp\/v2\/product_cat?post=12309"},{"taxonomy":"product_tag","embeddable":true,"href":"https:\/\/dogpride.nl\/fr\/wp-json\/wp\/v2\/product_tag?post=12309"}],"curies":[{"name":"wp","href":"https:\/\/api.w.org\/{rel}","templated":true}]}}