{"id":12307,"date":"2019-02-01T14:25:19","date_gmt":"2019-02-01T13:25:19","guid":{"rendered":"https:\/\/dogpride1.wpengine.com\/product\/super-premium-salmon-rice-3\/"},"modified":"2025-10-13T14:16:14","modified_gmt":"2025-10-13T12:16:14","slug":"super-premium-salmon-and-rice","status":"publish","type":"product","link":"https:\/\/dogpride.nl\/fr\/super-premium-salmon-and-rice\/","title":{"rendered":"Super Premium Salmon and Rice"},"content":{"rendered":"<div>\n<h4>Super Premium Salmon and Rice<\/h4>\n<p>Super Premium Salmon and Riceis een 100% hoogwaardige en uitgebalanceerde voeding voor volwassen honden van alle rassen.<\/p>\n<p>En s\u00e9lectionnant soigneusement les ingr\u00e9dients et en utilisant uniquement des mati\u00e8res premi\u00e8res de haute qualit\u00e9 avec du saumon comme source de prot\u00e9ines.<\/p>\n<p><strong>Samenstelling Super Premium Salmon and Rice:<\/strong><\/p>\n<p>Ma\u00efs, saumon d\u00e9shydrat\u00e9 (18%), riz (18%), graisse de poulet, pulpe de betterave, levure, min\u00e9raux, l\u00e9cithine, inuline, yucca Schidigera.<\/p>\n<p><strong>Analyse Super Premium Salmon and Rice:<\/strong><\/p>\n<ul>\n<li>Prot\u00e9ine brute 24.0%, Mati\u00e8res grasses brutes 14.0%, Cellulose brute 3.0%,<\/li>\n<li>Cendres brutes 7.0%, Calcium 1.0%, Phosphore 0.9%, Humidit\u00e9 9.0%<\/li>\n<\/ul>\n<p><strong>Additifs nutritionnels par kg.<\/strong><\/p>\n<p>Vitamine A (alfa-retinylacetaat) 20000 IE, Vitamine D3 (cholecalciferol) 2000 IE, Vitamine E (all-rac alpha-tocopheryl acetate) 150 IE, Koper (koper (II) sulfaat pentahydraat) 13,0 mg, Zink (Zinksulfaatmonohydraat) 100,0 mg.<br \/>\nIJzer (ijzersulfaat (II) monohydraat) 90,0 mg, Mangaan (mangaan (II) oxide) 40,0 mg,\u00a0 Jodium (calciumjodaat,watervrij) 1,5 mg.<\/p>\n<\/div>\n<p>&nbsp;<\/p>\n<p><a href=\"https:\/\/dogpride.nl\/fr\/hondenvoer\/krokante-hondenbrokken\/?product-page=2\"><img loading=\"lazy\" decoding=\"async\" class=\"alignnone\" src=\"https:\/\/dogpride.nl\/wp-content\/uploads\/brokken-102-super-premium-salmon-rice-1.jpg\" alt=\"\" width=\"176\" height=\"82\" \/><\/a><img loading=\"lazy\" decoding=\"async\" class=\"\" src=\"https:\/\/dogpride.nl\/wp-content\/uploads\/brokken-102-super-premium-salmon-rice-1.jpg\" width=\"186\" height=\"87\" \/><\/p>\n<p>&nbsp;<\/p>\n<p><span style=\"color: #ffffff;\"><a style=\"color: #ffffff;\" href=\"https:\/\/devrolijkekwispel.nl\/\" target=\"_blank\" rel=\"noopener\">Dogpride NL parraine Kelly Albers<\/a><\/span><\/p>\n<p><span style=\"color: #ffffff;\"><em>Je (Kelly Albers) suis active dans le secteur animal depuis 2015. Apr\u00e8s avoir suivi plusieurs formations, avoir acquis de nombreuses ann\u00e9es d&#039;exp\u00e9rience dans les sports canins et avoir travaill\u00e9 pour plusieurs entreprises animali\u00e8res pendant plusieurs ann\u00e9es.<\/em><\/span><br \/>\n<span style=\"color: #ffffff;\"><em>En mai 2018, j&#039;ai atteint un sommet dans ma carri\u00e8re de sport canin. Je suis devenu champion du monde WDSF dans la classe ipo2 et j&#039;ai ensuite particip\u00e9 au championnat n\u00e9erlandais toutes races.<\/em><\/span><\/p>","protected":false},"excerpt":{"rendered":"<p>En s\u00e9lectionnant soigneusement les ingr\u00e9dients et en utilisant uniquement des mati\u00e8res premi\u00e8res de haute qualit\u00e9 avec du saumon comme source de prot\u00e9ines.<\/p>","protected":false},"featured_media":12308,"template":"","meta":[],"product_brand":[],"product_cat":[20],"product_tag":[8638,8851,3366,8854,3383,7080,3365,3367],"class_list":{"0":"post-12307","1":"product","2":"type-product","3":"status-publish","4":"has-post-thumbnail","6":"product_cat-krokante-hondenbrokken","7":"product_tag-hondenbrokken","8":"product_tag-krokant","9":"product_tag-premium","10":"product_tag-rice","11":"product_tag-rijst","12":"product_tag-salmon","13":"product_tag-super","14":"product_tag-zalm","16":"first","17":"instock","18":"taxable","19":"shipping-taxable","20":"purchasable","21":"product-type-variable"},"mb":[],"mfb_rest_fields":["title"],"_links":{"self":[{"href":"https:\/\/dogpride.nl\/fr\/wp-json\/wp\/v2\/product\/12307","targetHints":{"allow":["GET"]}}],"collection":[{"href":"https:\/\/dogpride.nl\/fr\/wp-json\/wp\/v2\/product"}],"about":[{"href":"https:\/\/dogpride.nl\/fr\/wp-json\/wp\/v2\/types\/product"}],"wp:featuredmedia":[{"embeddable":true,"href":"https:\/\/dogpride.nl\/fr\/wp-json\/wp\/v2\/media\/12308"}],"wp:attachment":[{"href":"https:\/\/dogpride.nl\/fr\/wp-json\/wp\/v2\/media?parent=12307"}],"wp:term":[{"taxonomy":"product_brand","embeddable":true,"href":"https:\/\/dogpride.nl\/fr\/wp-json\/wp\/v2\/product_brand?post=12307"},{"taxonomy":"product_cat","embeddable":true,"href":"https:\/\/dogpride.nl\/fr\/wp-json\/wp\/v2\/product_cat?post=12307"},{"taxonomy":"product_tag","embeddable":true,"href":"https:\/\/dogpride.nl\/fr\/wp-json\/wp\/v2\/product_tag?post=12307"}],"curies":[{"name":"wp","href":"https:\/\/api.w.org\/{rel}","templated":true}]}}