{"id":12305,"date":"2019-02-01T14:25:19","date_gmt":"2019-02-01T13:25:19","guid":{"rendered":"https:\/\/dogpride1.wpengine.com\/product\/super-premium-chicken-rice-3\/"},"modified":"2025-10-13T14:17:17","modified_gmt":"2025-10-13T12:17:17","slug":"super-premium-chicken-and-rice","status":"publish","type":"product","link":"https:\/\/dogpride.nl\/fr\/super-premium-chicken-and-rice\/","title":{"rendered":"Super Premium Chicken and Rice"},"content":{"rendered":"<div>\n<h4>Super Premium Chicken and Rice<\/h4>\n<p>Super Premium Chicken and Rice is een 100% hoogwaardige en uitgebalanceerde voeding voor volwassen honden van alle rassen.<\/p>\n<p>Cet aliment facile \u00e0 dig\u00e9rer \u00e0 base de poulet et de riz contient tous les mat\u00e9riaux de construction n\u00e9cessaires au maintien d&#039;un corps sain, d&#039;organes qui fonctionnent bien et d&#039;une r\u00e9sistance naturelle.<\/p>\n<p><strong>Samenstelling Super Premium Chicken and Rice:<\/strong><\/p>\n<p>Ma\u00efs, bl\u00e9, poulet d\u00e9shydrat\u00e9 (20%), riz (20%), graisse de poulet, fibre de betterave, levure, min\u00e9raux.<\/p>\n<p><strong>Analyse:<\/strong><\/p>\n<ul>\n<li>Prot\u00e9ine brute 26.0%, Mati\u00e8res grasses brutes 15.0%, Cellulose brute 2.0%,<\/li>\n<li>Cendres brutes 7.0%, Calcium 1.6%, Phosphore 1.0%, Humidit\u00e9 10.0%<\/li>\n<\/ul>\n<p><strong>Additifs nutritionnels par kg.<\/strong><\/p>\n<p>Vitamine A (alfa-retinylacetaat) 18000 IE, Vitamine D3 (cholecalciferol) 1800 IE, Vitamine E (all-rac alpha-tocopheryl acetate) 75 IE, Koper (koper (II) sulfaat pentahydraat) 5,0 mg, Zink (Zinksulfaatmonohydraat) 65,0 mg.<br \/>\nIJzer (ijzersulfaat (II) monohydraat) 50,0 mg, Mangaan (mangaan (II) oxide) 35,0 mg,\u00a0 Jodium (calciumjodaat,watervrij) 1,5 mg.<\/p>\n<\/div>\n<p><a href=\"https:\/\/dogpride.nl\/fr\/hondenvoer\/krokante-hondenbrokken\/?product-page=2\"><img loading=\"lazy\" decoding=\"async\" class=\"alignnone wp-image-136797 size-thumbnail\" title=\"Super Premium Chicken and Rice\" src=\"https:\/\/dogpride.nl\/wp-content\/uploads\/Super-Premium-Chicken-Rice-150x150.jpg\" alt=\"Super Premium Chicken and Rice\" width=\"150\" height=\"150\" srcset=\"https:\/\/dogpride.nl\/wp-content\/uploads\/Super-Premium-Chicken-Rice-150x150.jpg 150w, https:\/\/dogpride.nl\/wp-content\/uploads\/Super-Premium-Chicken-Rice-100x100.jpg 100w\" sizes=\"auto, (max-width: 150px) 100vw, 150px\" \/><\/a><a href=\"https:\/\/dogpride.nl\/fr\/hondenvoer\/krokante-hondenbrokken\/?product-page=2\"><img loading=\"lazy\" decoding=\"async\" class=\"alignnone wp-image-136797 size-thumbnail\" title=\"Super Premium Chicken and Rice\" src=\"https:\/\/dogpride.nl\/wp-content\/uploads\/Super-Premium-Chicken-Rice-150x150.jpg\" alt=\"Super Premium Chicken and Rice\" width=\"150\" height=\"150\" srcset=\"https:\/\/dogpride.nl\/wp-content\/uploads\/Super-Premium-Chicken-Rice-150x150.jpg 150w, https:\/\/dogpride.nl\/wp-content\/uploads\/Super-Premium-Chicken-Rice-100x100.jpg 100w\" sizes=\"auto, (max-width: 150px) 100vw, 150px\" \/><\/a><\/p>\n<p>&nbsp;<\/p>\n<p><span style=\"color: #ffffff;\"><a style=\"color: #ffffff;\" href=\"https:\/\/devrolijkekwispel.nl\/\" target=\"_blank\" rel=\"noopener\">Dogpride NL parraine Kelly Albers<\/a><\/span><\/p>\n<p><span style=\"color: #ffffff;\"><em>Je (Kelly Albers) suis active dans le secteur animal depuis 2015. Apr\u00e8s avoir suivi plusieurs formations, avoir acquis de nombreuses ann\u00e9es d&#039;exp\u00e9rience dans les sports canins et avoir travaill\u00e9 pour plusieurs entreprises animali\u00e8res pendant plusieurs ann\u00e9es.<\/em><\/span><br \/>\n<span style=\"color: #ffffff;\"><em>En mai 2018, j&#039;ai atteint un sommet dans ma carri\u00e8re de sport canin. Je suis devenu champion du monde WDSF dans la classe ipo2 et j&#039;ai ensuite particip\u00e9 au championnat n\u00e9erlandais toutes races.<\/em><\/span><\/p>","protected":false},"excerpt":{"rendered":"<p>Cet aliment facile \u00e0 dig\u00e9rer \u00e0 base de poulet et de riz contient tous les mat\u00e9riaux de construction n\u00e9cessaires au maintien d&#039;un corps sain, d&#039;organes qui fonctionnent bien et d&#039;une r\u00e9sistance naturelle.<\/p>","protected":false},"featured_media":12306,"template":"","meta":[],"product_brand":[],"product_cat":[20],"product_tag":[3368,8638,3381,3363,8851,3366,3383,3358],"class_list":{"0":"post-12305","1":"product","2":"type-product","3":"status-publish","4":"has-post-thumbnail","6":"product_cat-krokante-hondenbrokken","7":"product_tag-hond","8":"product_tag-hondenbrokken","9":"product_tag-hoogwaardig","10":"product_tag-kip","11":"product_tag-krokant","12":"product_tag-premium","13":"product_tag-rijst","14":"product_tag-volwassen","16":"first","17":"instock","18":"taxable","19":"shipping-taxable","20":"purchasable","21":"product-type-variable"},"mb":[],"mfb_rest_fields":["title"],"_links":{"self":[{"href":"https:\/\/dogpride.nl\/fr\/wp-json\/wp\/v2\/product\/12305","targetHints":{"allow":["GET"]}}],"collection":[{"href":"https:\/\/dogpride.nl\/fr\/wp-json\/wp\/v2\/product"}],"about":[{"href":"https:\/\/dogpride.nl\/fr\/wp-json\/wp\/v2\/types\/product"}],"wp:featuredmedia":[{"embeddable":true,"href":"https:\/\/dogpride.nl\/fr\/wp-json\/wp\/v2\/media\/12306"}],"wp:attachment":[{"href":"https:\/\/dogpride.nl\/fr\/wp-json\/wp\/v2\/media?parent=12305"}],"wp:term":[{"taxonomy":"product_brand","embeddable":true,"href":"https:\/\/dogpride.nl\/fr\/wp-json\/wp\/v2\/product_brand?post=12305"},{"taxonomy":"product_cat","embeddable":true,"href":"https:\/\/dogpride.nl\/fr\/wp-json\/wp\/v2\/product_cat?post=12305"},{"taxonomy":"product_tag","embeddable":true,"href":"https:\/\/dogpride.nl\/fr\/wp-json\/wp\/v2\/product_tag?post=12305"}],"curies":[{"name":"wp","href":"https:\/\/api.w.org\/{rel}","templated":true}]}}