{"id":12195,"date":"2021-05-11T12:09:17","date_gmt":"2021-05-11T10:09:17","guid":{"rendered":"https:\/\/dogpride1.wpengine.com\/product\/niggeloh-zweethalsband-in-2-kleuren-2\/"},"modified":"2025-11-19T12:54:40","modified_gmt":"2025-11-19T11:54:40","slug":"niggeloh-zweethalsband-in-2-kleuren-2","status":"publish","type":"product","link":"https:\/\/dogpride.nl\/fr\/niggeloh-zweethalsband-in-2-kleuren-2\/","title":{"rendered":"Collier de surv\u00eatement Niggeloh en 2 couleurs"},"content":{"rendered":"<h4><span style=\"font-size: 10pt;\">Collier de surv\u00eatement Niggeloh en 2 couleurs<\/span><\/h4>\n<p>Un col anti-transpiration particuli\u00e8rement de haute qualit\u00e9 avec des fonctions exceptionnelles :<\/p>\n<p>\u2013 Couche int\u00e9rieure en aluminium ind\u00e9formable. Cela emp\u00eache le chien de se contracter et de s&#039;\u00e9touffer en tirant.<br \/>\n\u2013 Rembourrage \u00e9pais en n\u00e9opr\u00e8ne pour un maximum de confort.<br \/>\n&#8211; Alle essenti\u00eble componenten gemaakt van nauwelijks water absorberend materiaal.<\/p>\n<p><strong>Tailles\u00a0:<\/strong><br \/>\nXS = 30-40cm<br \/>\nS = 40-50 cm<br \/>\nM = 48-60cm<\/p>\n<p><strong>Colorer:<\/strong><br \/>\nOrange ou Ultra (= vert \/ jaune)<\/p>\n<p><a href=\"https:\/\/dogpride.nl\/fr\/hondenhalsbanden\/niggeloh-hondenhalsbanden\/\"><img loading=\"lazy\" decoding=\"async\" class=\"alignnone\" title=\"Collier de surv\u00eatement Niggeloh en 2 couleurs\" src=\"https:\/\/dogpride.nl\/wp-content\/uploads\/schweisshalsungultras1freit-150x150.jpg\" alt=\"Niggeloh Zweethalsband in 2 kleuren\" width=\"150\" height=\"150\" \/><\/a><\/p>\n<p><a href=\"https:\/\/www.niggeloh.de\/en\/home.html\" target=\"_blank\" rel=\"noopener\"><img loading=\"lazy\" decoding=\"async\" class=\"alignnone wp-image-70909 size-full\" src=\"https:\/\/dogpride.nl\/wp-content\/uploads\/logo_niggeloh.png\" alt=\"\" width=\"196\" height=\"90\" \/><\/a><\/p>","protected":false},"excerpt":{"rendered":"<p>Niggeloh Zweethalsband. Een bijzonder hoogwaardige zweethalsband met uitzonderlijke functies.<\/p>","protected":false},"featured_media":68589,"template":"","meta":[],"product_brand":[],"product_cat":[1050],"product_tag":[],"class_list":{"0":"post-12195","1":"product","2":"type-product","3":"status-publish","4":"has-post-thumbnail","6":"product_cat-niggeloh-hondenhalsbanden","8":"first","9":"instock","10":"taxable","11":"shipping-taxable","12":"purchasable","13":"product-type-variable"},"mb":[],"mfb_rest_fields":["title"],"_links":{"self":[{"href":"https:\/\/dogpride.nl\/fr\/wp-json\/wp\/v2\/product\/12195","targetHints":{"allow":["GET"]}}],"collection":[{"href":"https:\/\/dogpride.nl\/fr\/wp-json\/wp\/v2\/product"}],"about":[{"href":"https:\/\/dogpride.nl\/fr\/wp-json\/wp\/v2\/types\/product"}],"wp:featuredmedia":[{"embeddable":true,"href":"https:\/\/dogpride.nl\/fr\/wp-json\/wp\/v2\/media\/68589"}],"wp:attachment":[{"href":"https:\/\/dogpride.nl\/fr\/wp-json\/wp\/v2\/media?parent=12195"}],"wp:term":[{"taxonomy":"product_brand","embeddable":true,"href":"https:\/\/dogpride.nl\/fr\/wp-json\/wp\/v2\/product_brand?post=12195"},{"taxonomy":"product_cat","embeddable":true,"href":"https:\/\/dogpride.nl\/fr\/wp-json\/wp\/v2\/product_cat?post=12195"},{"taxonomy":"product_tag","embeddable":true,"href":"https:\/\/dogpride.nl\/fr\/wp-json\/wp\/v2\/product_tag?post=12195"}],"curies":[{"name":"wp","href":"https:\/\/api.w.org\/{rel}","templated":true}]}}