{"id":12194,"date":"2021-05-11T11:56:42","date_gmt":"2021-05-11T09:56:42","guid":{"rendered":"https:\/\/dogpride1.wpengine.com\/product\/niggeloh-halsband-deluxe-in-diverse-kleuren\/"},"modified":"2025-11-19T12:55:20","modified_gmt":"2025-11-19T11:55:20","slug":"niggeloh-halsband-deluxe-in-diverse-kleuren","status":"publish","type":"product","link":"https:\/\/dogpride.nl\/fr\/niggeloh-halsband-deluxe-in-diverse-kleuren\/","title":{"rendered":"Collier Niggeloh DeLuxe en diff\u00e9rentes couleurs"},"content":{"rendered":"<h4><span style=\"font-size: 10pt;\">Collier Niggeloh DeLuxe en diff\u00e9rentes couleurs<\/span><\/h4>\n<h4><strong>Description du produit:<br \/>\n<\/strong><br \/>\nTiss\u00e9 \u00e0 partir de fil \u00e0 s\u00e9chage rapide. R\u00e9sistant \u00e0 la pollution. Excellent rembourrage gr\u00e2ce au n\u00e9opr\u00e8ne \u00e0 l&#039;int\u00e9rieur. Avec bo\u00eete d&#039;adresse pratique.<\/h4>\n<p><strong>Taille du cou:<\/strong><br \/>\nXS = 30-40cm<br \/>\nS = 40-50 cm<br \/>\nM = 48-60cm<\/p>\n<p><strong>Colorer:<\/strong><br \/>\n- Orange<br \/>\n- olive<br \/>\n- brun<br \/>\n- noir<\/p>\n<p><a href=\"https:\/\/dogpride.nl\/fr\/hondenhalsbanden\/niggeloh-hondenhalsbanden\/\"><img loading=\"lazy\" decoding=\"async\" class=\"alignnone\" title=\"Collier Niggeloh DeLuxe en diff\u00e9rentes couleurs\" src=\"https:\/\/dogpride.nl\/wp-content\/uploads\/70170054-150x150.jpg\" alt=\"Niggeloh Halsband DeLuxe in diverse kleuren\" width=\"150\" height=\"150\" \/><\/a><\/p>\n<p><a href=\"https:\/\/www.niggeloh.de\/en\/home.html\" target=\"_blank\" rel=\"noopener\"><img loading=\"lazy\" decoding=\"async\" class=\"alignnone wp-image-70909 size-full\" src=\"https:\/\/dogpride.nl\/wp-content\/uploads\/logo_niggeloh.png\" alt=\"\" width=\"196\" height=\"90\" \/><\/a><\/p>","protected":false},"excerpt":{"rendered":"<p>Niggeloh Halsband DeLuxe\u00a0 Geweven van sneldrogend garen. Bestand tegen vervuiling. Uitstekende vulling door neopreen aan de binnenkant.<\/p>","protected":false},"featured_media":68580,"template":"","meta":[],"product_brand":[],"product_cat":[1050],"product_tag":[],"class_list":{"0":"post-12194","1":"product","2":"type-product","3":"status-publish","4":"has-post-thumbnail","6":"product_cat-niggeloh-hondenhalsbanden","8":"first","9":"instock","10":"taxable","11":"shipping-taxable","12":"purchasable","13":"product-type-variable"},"mb":[],"mfb_rest_fields":["title"],"_links":{"self":[{"href":"https:\/\/dogpride.nl\/fr\/wp-json\/wp\/v2\/product\/12194","targetHints":{"allow":["GET"]}}],"collection":[{"href":"https:\/\/dogpride.nl\/fr\/wp-json\/wp\/v2\/product"}],"about":[{"href":"https:\/\/dogpride.nl\/fr\/wp-json\/wp\/v2\/types\/product"}],"wp:featuredmedia":[{"embeddable":true,"href":"https:\/\/dogpride.nl\/fr\/wp-json\/wp\/v2\/media\/68580"}],"wp:attachment":[{"href":"https:\/\/dogpride.nl\/fr\/wp-json\/wp\/v2\/media?parent=12194"}],"wp:term":[{"taxonomy":"product_brand","embeddable":true,"href":"https:\/\/dogpride.nl\/fr\/wp-json\/wp\/v2\/product_brand?post=12194"},{"taxonomy":"product_cat","embeddable":true,"href":"https:\/\/dogpride.nl\/fr\/wp-json\/wp\/v2\/product_cat?post=12194"},{"taxonomy":"product_tag","embeddable":true,"href":"https:\/\/dogpride.nl\/fr\/wp-json\/wp\/v2\/product_tag?post=12194"}],"curies":[{"name":"wp","href":"https:\/\/api.w.org\/{rel}","templated":true}]}}