{"id":12191,"date":"2021-05-07T15:52:06","date_gmt":"2021-05-07T13:52:06","guid":{"rendered":"https:\/\/dogpride1.wpengine.com\/product\/gappay-tactisch-harnas-bruin-2\/"},"modified":"2026-03-19T11:26:30","modified_gmt":"2026-03-19T10:26:30","slug":"gappay-tactisch-harnas-bruin-2","status":"publish","type":"product","link":"https:\/\/dogpride.nl\/fr\/gappay-tactisch-harnas-bruin-2\/","title":{"rendered":"GAPPAY Armure tactique marron"},"content":{"rendered":"<h4>GAPPAY Armure tactique marron<\/h4>\n<p>GAPPAY Armure tactique marron<\/p>\n<p>Couleur marron et disponible en deux tailles<\/p>\n<p><a href=\"https:\/\/dogpride.nl\/fr\/\"><img loading=\"lazy\" decoding=\"async\" class=\"alignnone\" title=\"GAPPAY Armure tactique marron\" src=\"https:\/\/dogpride.nl\/wp-content\/uploads\/VDV-36-3-1-150x150.jpg\" alt=\"GAPPAY Tactisch harnas bruin\" width=\"150\" height=\"150\" \/><\/a><\/p>\n<p>Ce harnais tactique robuste avec fermeture \u00e0 pression en m\u00e9tal (COBRA) convient \u00e0 tous les chiens pour le sport ou les loisirs<\/p>\n<p>Ils sont faits de nylon durable et solide<\/p>\n<p>Rembourr\u00e9 et double couture avec velcro sur la poitrine, le dos et les c\u00f4t\u00e9s pour attacher des articles Badges ou patchs<\/p>\n<p>Toutes les sangles sont r\u00e9glables et grandissent avec votre chien<\/p>\n<p><a href=\"https:\/\/www.licg.nl\/honden\/\" target=\"_blank\" rel=\"noopener\"><img loading=\"lazy\" decoding=\"async\" class=\"alignnone\" src=\"https:\/\/dogpride.nl\/wp-content\/uploads\/VDV-36-3-1-150x150.jpg\" alt=\"\" width=\"150\" height=\"150\" \/><\/a><\/p>\n<p><strong>Taille M:\u00a0<\/strong><br \/>\nA : Poitrine 60 \u2013 76 cm<br \/>\nB : Longueur dos 25 cm<br \/>\nC : Tour de cou 53 \u2013 60 cm<br \/>\nPoids du chien : 20 \u2013 40 kg<\/p>\n<p><strong>Taille L:<\/strong><br \/>\nA : Poitrine 73 \u2013 86 cm<br \/>\nB : Longueur dos 30 cm<br \/>\nC : Tour de cou 60 \u2013 70 cm<br \/>\nPoids du chien : 40 \u2013 55 kg<\/p>","protected":false},"excerpt":{"rendered":"<p>Doublure et double couture avec velcro sur la poitrine, le dos et les c\u00f4t\u00e9s pour attacher des \u00e9l\u00e9ments Badges ou patchs. Toutes les sangles sont r\u00e9glables et grandissent avec votre chien.<\/p>","protected":false},"featured_media":68551,"template":"","meta":[],"product_brand":[],"product_cat":[2814],"product_tag":[3331,4606,5457],"class_list":{"0":"post-12191","1":"product","2":"type-product","3":"status-publish","4":"has-post-thumbnail","6":"product_cat-hondenharnassen","7":"product_tag-gappay","8":"product_tag-harnas","9":"product_tag-tactisch","11":"first","12":"instock","13":"featured","14":"taxable","15":"shipping-taxable","16":"purchasable","17":"product-type-variable"},"mb":[],"mfb_rest_fields":["title"],"_links":{"self":[{"href":"https:\/\/dogpride.nl\/fr\/wp-json\/wp\/v2\/product\/12191","targetHints":{"allow":["GET"]}}],"collection":[{"href":"https:\/\/dogpride.nl\/fr\/wp-json\/wp\/v2\/product"}],"about":[{"href":"https:\/\/dogpride.nl\/fr\/wp-json\/wp\/v2\/types\/product"}],"wp:featuredmedia":[{"embeddable":true,"href":"https:\/\/dogpride.nl\/fr\/wp-json\/wp\/v2\/media\/68551"}],"wp:attachment":[{"href":"https:\/\/dogpride.nl\/fr\/wp-json\/wp\/v2\/media?parent=12191"}],"wp:term":[{"taxonomy":"product_brand","embeddable":true,"href":"https:\/\/dogpride.nl\/fr\/wp-json\/wp\/v2\/product_brand?post=12191"},{"taxonomy":"product_cat","embeddable":true,"href":"https:\/\/dogpride.nl\/fr\/wp-json\/wp\/v2\/product_cat?post=12191"},{"taxonomy":"product_tag","embeddable":true,"href":"https:\/\/dogpride.nl\/fr\/wp-json\/wp\/v2\/product_tag?post=12191"}],"curies":[{"name":"wp","href":"https:\/\/api.w.org\/{rel}","templated":true}]}}