{"id":12188,"date":"2021-05-07T10:37:21","date_gmt":"2021-05-07T08:37:21","guid":{"rendered":"https:\/\/dogpride1.wpengine.com\/product\/hunter-hondentuig-divo-lichtblauw-of-grijs\/"},"modified":"2026-03-19T11:28:03","modified_gmt":"2026-03-19T10:28:03","slug":"hunter-hondentuig-divo-lichtblauw-of-grijs","status":"publish","type":"product","link":"https:\/\/dogpride.nl\/fr\/hunter-hondentuig-divo-lichtblauw-of-grijs\/","title":{"rendered":"HUNTER harnais pour chien Divo bleu clair ou gris"},"content":{"rendered":"<h4>HUNTER harnais pour chien Divo bleu clair ou gris<\/h4>\n<p>Description du produit Harnais Divo<\/p>\n<p><a href=\"https:\/\/dogpride.nl\/fr\/\"><img loading=\"lazy\" decoding=\"async\" class=\"alignnone\" title=\"HUNTER harnais pour chien Divo bleu clair ou gris\" src=\"https:\/\/dogpride.nl\/wp-content\/uploads\/hunterhundegeschirrdivograu7021910m10000.jpg\" alt=\"HUNTER hondentuig Divo lichtblauw of grijs\" width=\"140\" height=\"140\" \/><\/a><\/p>\n<p>\u2013 5 possibilit\u00e9s de r\u00e9glage<br \/>\n\u2013 coupe ergonomique<br \/>\n\u2013 rembourrage confortable avec un mat\u00e9riau en mesh doux et respirant et du n\u00e9opr\u00e8ne<br \/>\n\u2013 hautement r\u00e9fl\u00e9chissant gr\u00e2ce au mat\u00e9riau r\u00e9fl\u00e9chissant 3M\u2122 Scotchlite\u2122 et \u00e0 l&#039;impression du logo HUNTER<br \/>\n\u2013 avec deux anneaux en D pour laisse sur le dos ou dans la poitrine du chien<br \/>\n\u2013 L&#039;anneau en D dans la poitrine peut \u00eatre cach\u00e9 \u00bbd&#039;un seul mouvement de la main<br \/>\n\u2013 Possibilit\u00e9 de r\u00e9glage sur le cou et l&#039;abdomen<\/p>\n<p><a href=\"https:\/\/www.licg.nl\/honden\/\" target=\"_blank\" rel=\"noopener\"><img loading=\"lazy\" decoding=\"async\" class=\"alignnone\" src=\"https:\/\/dogpride.nl\/wp-content\/uploads\/hunterhundegeschirrdivograu7021910m10000.jpg\" alt=\"\" width=\"125\" height=\"125\" \/><\/a><\/p>\n<p><strong>Mat\u00e9riel:<br \/>\n<\/strong><br \/>\n\u2013 Mat\u00e9riau sup\u00e9rieur : nylon \/ plastique<br \/>\n\u2013 Mat\u00e9riau du dessous : polyester<\/p>\n<p><strong>Tableau des tailles:<\/strong><\/p>\n<p><img loading=\"lazy\" decoding=\"async\" class=\"alignnone wp-image-71174 size-full\" src=\"https:\/\/www.dogpride.nl\/wp-content\/uploads\/Maattabel-Hunter-tuig.jpg\" alt=\"\" width=\"686\" height=\"220\" srcset=\"https:\/\/dogpride.nl\/wp-content\/uploads\/Maattabel-Hunter-tuig.jpg 686w, https:\/\/dogpride.nl\/wp-content\/uploads\/Maattabel-Hunter-tuig-250x80.jpg 250w, https:\/\/dogpride.nl\/wp-content\/uploads\/Maattabel-Hunter-tuig-400x128.jpg 400w, https:\/\/dogpride.nl\/wp-content\/uploads\/Maattabel-Hunter-tuig-300x96.jpg 300w, https:\/\/dogpride.nl\/wp-content\/uploads\/Maattabel-Hunter-tuig-200x64.jpg 200w, https:\/\/dogpride.nl\/wp-content\/uploads\/Maattabel-Hunter-tuig-600x192.jpg 600w\" sizes=\"auto, (max-width: 686px) 100vw, 686px\" \/><\/p>","protected":false},"excerpt":{"rendered":"<p>HUNTER harnais pour chien Divo bleu clair ou gris. rembourrage confortable avec un mat\u00e9riau en mesh doux et respirant et du n\u00e9opr\u00e8ne.<\/p>","protected":false},"featured_media":68512,"template":"","meta":[],"product_brand":[],"product_cat":[374],"product_tag":[],"class_list":{"0":"post-12188","1":"product","2":"type-product","3":"status-publish","4":"has-post-thumbnail","6":"product_cat-overige-hondentuigjes","8":"first","9":"instock","10":"taxable","11":"shipping-taxable","12":"purchasable","13":"product-type-variable"},"mb":[],"mfb_rest_fields":["title"],"_links":{"self":[{"href":"https:\/\/dogpride.nl\/fr\/wp-json\/wp\/v2\/product\/12188","targetHints":{"allow":["GET"]}}],"collection":[{"href":"https:\/\/dogpride.nl\/fr\/wp-json\/wp\/v2\/product"}],"about":[{"href":"https:\/\/dogpride.nl\/fr\/wp-json\/wp\/v2\/types\/product"}],"wp:featuredmedia":[{"embeddable":true,"href":"https:\/\/dogpride.nl\/fr\/wp-json\/wp\/v2\/media\/68512"}],"wp:attachment":[{"href":"https:\/\/dogpride.nl\/fr\/wp-json\/wp\/v2\/media?parent=12188"}],"wp:term":[{"taxonomy":"product_brand","embeddable":true,"href":"https:\/\/dogpride.nl\/fr\/wp-json\/wp\/v2\/product_brand?post=12188"},{"taxonomy":"product_cat","embeddable":true,"href":"https:\/\/dogpride.nl\/fr\/wp-json\/wp\/v2\/product_cat?post=12188"},{"taxonomy":"product_tag","embeddable":true,"href":"https:\/\/dogpride.nl\/fr\/wp-json\/wp\/v2\/product_tag?post=12188"}],"curies":[{"name":"wp","href":"https:\/\/api.w.org\/{rel}","templated":true}]}}